{"id":43085,"date":"2022-06-22T21:34:15","date_gmt":"2022-06-22T19:34:15","guid":{"rendered":"https:\/\/planete-urgence.org\/actualites\/"},"modified":"2024-10-15T22:53:20","modified_gmt":"2024-10-15T20:53:20","slug":"berita","status":"publish","type":"page","link":"https:\/\/planete-urgence.org\/id\/berita\/","title":{"rendered":"Actualit\u00e9s"},"content":{"rendered":"<div id=\"field_powfe4479735e1244dc\" class=\"container-fluid px-0 flexible_section block_hero\">\n  <div id=\"hero_powfe4479735e1244dc\" class=\"hero_container px-0\">\n   <div class=\"hero_image_outer\">\n<picture class=\"skip-lazy\">\r\n\t\t\t\t\t<source srcset=\"https:\/\/planete-urgence.org\/wp-content\/uploads\/2023\/02\/TAPIA-reboisement-2020-scaled.jpg\" media=\"(min-width: 578px)\" class=\"skip-lazy\">\r\n\t\t\t\t\t<img srcset=\"https:\/\/planete-urgence.org\/wp-content\/uploads\/2023\/02\/TAPIA-reboisement-2020-scaled.jpg\" alt=\"Qui est l'ONG Plan\u00e8te Urgence ?\" class=\"heroimage \" \/>\r\n\t\t\t\t<\/picture>   <\/div>\n   <div class=\"hero_content py-3 px-5 text-left\" id=\"herocontent_powfe4479735e1244dc\">\t\t<div id=\"fieldcontent_powfe4479735e1244dc_inner\"><h3>Tentang kami<\/h3>\n<h1>Berita kami<\/h1>\n<\/div>   <\/div>\n  <\/div>\n<\/div>\n\n\n<div id=\"field_62c4a5d00521e\" class=\"container-fluid px-0 flexible_section block_categorygrid\">\n <div id=\"field_62c4a5d00521e_inner\" class=\"container flexible_section_inner\">\n\n<div id=\"grid_navbar\" class=\"container p-3 mb-5\">\n <form id=\"Filters\" class=\"controls row \">\n  <fieldset class=\"col \" data-filter-group=\"theme\">\n  <div id=\"theme_call\" class=\"filter_caller\" data-dest=\"sel_theme\">\n    <a class=\"filter_caller_title closed\" data-dest=\"sel_theme\">Tematik<i><\/i><\/a>\n    <ul id=\"sel_theme\" class=\"filter_submenu\">\n  \t<li><a href=\"javascript:void(0);\" class=\"filter ong\" data-mixitup-control=\"\" data-filter=\".ong\">Berita LSM<\/a><\/li>\n    <\/ul>\n    <\/div>\n    <\/fieldset>\n  <div class=\"col reset_button_outer\">\n    <a href=\"javascript:void(0);\" data-mixitup-control=\"\" id=\"Reset\" class=\"resetbutton filter item\" data-filter=\"all\">R\u00e9initialiser<\/a>\n  <\/div>\n <\/form>\n<\/div>\n<div class=\"container-fluid px-0\" id=\"grid_62c4a5d00521e_outer\">\n<div class=\"container px-0\">\n  <div class=\"row row-cols-1 row-cols-md-3 row-cols-lg-3 flexible_section_content\" id=\"grid_62c4a5d00521e\">\n   <div class=\"fail-message\"><span>Pilihan Anda tidak membawa hasil apa pun.<\/span><\/div>   <div class=\"col-sm-12 col-md-4 col-lg-4  mix item ong mb-3 elem-1\">\n<div class=\"actu_grid_element bordertopvert linkable\" data-dest=\"https:\/\/planete-urgence.org\/id\/acara-puncak-pertemuan-delegasi-planete-urgence-indonesia\/\">\r\n<img decoding=\"async\" src=\"https:\/\/planete-urgence.org\/wp-content\/uploads\/2024\/02\/meeting-board-4-e1708962514823-aspect-ratio-4-3.jpeg\" alt=\"Acara Puncak Pertemuan Delegasi Plan\u00e8te Urgence Indonesia\" \/>\r\n<h3>Acara Puncak Pertemuan Delegasi Plan\u00e8te Urgence Indonesia<\/h3>\r\nKabar baik : sejak November 2022, delegasi Indonesia untuk Plan\u00e8te Urgence telah resmi menjadi badan hukum dengan nama Yayasan Planet&hellip;\r\n<p class=\"actu_grid_element_more\"><a href=\"https:\/\/planete-urgence.org\/id\/acara-puncak-pertemuan-delegasi-planete-urgence-indonesia\/\" class=\"greenbutton\">Baca lebih banyak<\/a><\/p>\r\n<\/div>   <\/div>\n   <div class=\"col-sm-12 col-md-4 col-lg-4  mix item ong mb-3 elem-2\">\n<div class=\"actu_grid_element bordertopvert linkable\" data-dest=\"https:\/\/planete-urgence.org\/id\/laporan-langsung-dari-lapangan-bersama-fathurohmah-penanggung-jawab-proyek-mahakam-di-indonesia\/\">\r\n<img decoding=\"async\" src=\"https:\/\/planete-urgence.org\/wp-content\/uploads\/2024\/01\/IMG-20231013-WA0014-aspect-ratio-4-3.jpg\" alt=\"Laporan Langsung dari Lapangan Bersama Fathurohmah, Penanggung Jawab Proyek MAHAKAM di Indonesia\" \/>\r\n<h3>Laporan Langsung dari Lapangan Bersama Fathurohmah, Penanggung Jawab Proyek MAHAKAM di Indonesia<\/h3>\r\nMari ikuti perbincangan dengan Fathurohmah, penanggung jawab proyek MAHAKAM di Indonesia, yang berbagi dengan kami tentang komitmennya untuk melestarikan hutan&hellip;\r\n<p class=\"actu_grid_element_more\"><a href=\"https:\/\/planete-urgence.org\/id\/laporan-langsung-dari-lapangan-bersama-fathurohmah-penanggung-jawab-proyek-mahakam-di-indonesia\/\" class=\"greenbutton\">Baca lebih banyak<\/a><\/p>\r\n<\/div>   <\/div>\n   <div class=\"col-sm-12 col-md-4 col-lg-4  mix item ong mb-3 elem-3\">\n<div class=\"actu_grid_element bordertopvert linkable\" data-dest=\"https:\/\/planete-urgence.org\/id\/akhir-tahun-penuh-harapan\/\">\r\n<img decoding=\"async\" src=\"https:\/\/planete-urgence.org\/wp-content\/uploads\/2023\/11\/Design-sans-titre-3-aspect-ratio-4-3.png\" alt=\"Akhir Tahun Penuh Harapan\" \/>\r\n<h3>Akhir Tahun Penuh Harapan<\/h3>\r\nSetiap hari berita buruk ada di sekitar kita : ancaman pemanasan global, deforestasi, hilangnya spesies baru. Bagaimana jika kali ini&hellip;\r\n<p class=\"actu_grid_element_more\"><a href=\"https:\/\/planete-urgence.org\/id\/akhir-tahun-penuh-harapan\/\" class=\"greenbutton\">Baca lebih banyak<\/a><\/p>\r\n<\/div>   <\/div>\n   <div class=\"col-sm-12 col-md-4 col-lg-4  mix item ong mb-3 elem-4\">\n<div class=\"actu_grid_element bordertopvert linkable\" data-dest=\"https:\/\/planete-urgence.org\/id\/hutan-hutan-di-dunia-hadir-di-paris\/\">\r\n<img decoding=\"async\" src=\"https:\/\/planete-urgence.org\/wp-content\/uploads\/2023\/09\/photo-venue-DN-aspect-ratio-4-3-1.jpg\" alt=\"Hutan-Hutan di Dunia Hadir di Paris!\" \/>\r\n<h3>Hutan-Hutan di Dunia Hadir di Paris!<\/h3>\r\nPlan\u00e8te Urgence terdiri dari hampir 90 orang yang bekerja sama setiap hari untuk pelestarian hutan. Selain itu, 75% dari tim&hellip;\r\n<p class=\"actu_grid_element_more\"><a href=\"https:\/\/planete-urgence.org\/id\/hutan-hutan-di-dunia-hadir-di-paris\/\" class=\"greenbutton\">Baca lebih banyak<\/a><\/p>\r\n<\/div>   <\/div>\n   <div class=\"col-sm-12 col-md-4 col-lg-4  mix item ong mb-3 elem-5\">\n<div class=\"actu_grid_element bordertopvert linkable\" data-dest=\"https:\/\/planete-urgence.org\/id\/planete-urgence-meluncurkan-kampanye-akhir-tahun-gerakan-yang-berarti\/\">\r\n<img decoding=\"async\" src=\"https:\/\/planete-urgence.org\/wp-content\/uploads\/2022\/11\/CAMPAGNE.png\" alt=\"Plan\u00e8te Urgence Meluncurkan Kampanye Akhir Tahun : Gerakan yang Berarti\" \/>\r\n<h3>Plan\u00e8te Urgence Meluncurkan Kampanye Akhir Tahun : Gerakan yang Berarti<\/h3>\r\nAkhir tahun sudah hampir tiba! Pada masa penuh solidaritas ini, asosiasi ingin mendukung dan memberi penghargaan kepada mereka yang telah&hellip;\r\n<p class=\"actu_grid_element_more\"><a href=\"https:\/\/planete-urgence.org\/id\/planete-urgence-meluncurkan-kampanye-akhir-tahun-gerakan-yang-berarti\/\" class=\"greenbutton\">Baca lebih banyak<\/a><\/p>\r\n<\/div>   <\/div>\n   <div class=\"col-sm-12 col-md-4 col-lg-4  mix item ong mb-3 elem-6\">\n<div class=\"actu_grid_element bordertopvert linkable\" data-dest=\"https:\/\/planete-urgence.org\/id\/simbiosis-seni-interaksi-antara-hewan-dan-hutan\/\">\r\n<img decoding=\"async\" src=\"https:\/\/planete-urgence.org\/wp-content\/uploads\/2023\/05\/MAHAKAM-nasic-monkey-scaled-aspect-ratio-4-3-scaled.jpg\" alt=\"Simbiosis, seni interaksi antara hewan dan hutan\" \/>\r\n<h3>Simbiosis, seni interaksi antara hewan dan hutan<\/h3>\r\n Apa yang kamu ingat saat terakhir kali kamu berjalan-jalan di hutan? Kicauan burung? Serangga aneh berkilau yang menarik perhatianmu?&hellip;\r\n<p class=\"actu_grid_element_more\"><a href=\"https:\/\/planete-urgence.org\/id\/simbiosis-seni-interaksi-antara-hewan-dan-hutan\/\" class=\"greenbutton\">Baca lebih banyak<\/a><\/p>\r\n<\/div>   <\/div>\n  <\/div>\n<div class=\"paginationholder paginationholder_62c4a5d00521e text-center mt-5\"><\/div>\n<\/div>\n<\/div>\n <\/div>\n<\/div>\n<script type=\"text\/javascript\">\r\n\t\t\t\tjQuery(document).ready(function() {\r\n\t\t\t\t\t\t\r\n\r\n\t\t\t\/*jQuery(\".filter_caller_title\").click(function(){\r\n\t\t\t\tvar dest = jQuery(this).data(\"dest\");\r\n\t\t\t\tjQuery(this).toggleClass(\"opened\");\r\n\t\t\t\tjQuery(\"#\" + dest + \".filter_submenu\").toggle();\r\n\t\t\t});\r\n\r\n\t\t\tjQuery(\"body\").on('click', function (event) {\r\n\t\t\t\tif (!jQuery(event.target).closest(\"#field_62c4a5d00521e .grid_navbar\").length) {\r\n\t\t\t\t\tjQuery('.filter_submenu').hide();\r\n\t\t\t\t\tjQuery('.filter_call').removeClass('opened');\r\n\t\t\t\t}\r\n\t\t\t});*\/\r\n\r\n\t\t\tjQuery(\".filter_caller\").hover(function(){\r\n\t\t\t\tvar dest = jQuery(this).data(\"dest\");\r\n\t\t\t\tjQuery(\"a.filter_caller_title\", this).toggleClass(\"opened\");\r\n\t\t\t\tjQuery(\"#\" + dest).toggle();\r\n\t\t\t});\r\n\r\n\t\t\tjQuery(\"#field_62c4a5d00521e\").on('click', function (event) {\r\n\t\t\t\tjQuery('.filter_submenu').hide();\r\n\t\t\t\tjQuery('.filter_call').removeClass('opened');\r\n\t\t\t});\r\n\r\n\t\t\r\n\r\n\t\tjQuery(\".filter\").click(function(){\r\n\t\t\tjQuery(\".filter\").removeClass(\"current\");\r\n\t\t\tjQuery(this).addClass(\"current\");\r\n\t\t});\r\n\t\t\r\n\t\tjQuery('.filter_call').on('click', function (event) {\r\n\t\t\tevent.stopPropagation();\r\n\t\t});\r\n\t\t\r\n\t\tjQuery('.fail-message').hide();\r\n\r\n\t\t\r\n\r\n\t\tvar mixer_62c4a5d00521e = mixitup(\"#grid_62c4a5d00521e\", {\r\n\t\t\tmultifilter: {\r\n\t\t\t\tenable: true\r\n\t\t\t},\r\n\t\t\t\r\n\t\tanimation: {\r\n\t\t\t  enable: false\r\n\t\t},\r\n\t\t\r\n\t\t\t\r\n\t\t\tpagination: {\r\n\t\t\t\tlimit: 12,\r\n\t\t\t\thidePageListIfSinglePage: true,\r\n\t\t\t},\r\n\t\t\tselectors: {\r\n\t\t\t\tpageList: \".paginationholder_62c4a5d00521e\",\r\n\t\t\t\tcontrol: \"[data-mixitup-control]\"\r\n\t\t\t},\r\n\t\t\ttemplates: {\r\n\t\t\t\tpager: '<a class=\"${classNames}\" data-page=\"${pageNumber}\" data-mixitup-control=\"\">${pageNumber}<\/a>',\r\n\t\t\t\tpagerPrev: '<a class=\"${classNames}\" data-page=\"prev\" data-mixitup-control=\"\">\u00ab<\/a>',\r\n\t\t\t\tpagerNext: '<a class=\"${classNames}\" data-page=\"next\" data-mixitup-control=\"\">\u00bb<\/a>',\r\n\t\t\t\tpagerTruncationMarker: '<span class=\"${classNames}\" data-mixitup-control=\"\">&hellip;<\/span>'\r\n\t\t\t},\t\r\n\t\t\t\r\n\t\t    callbacks: {\r\n\t\t\t  onMixFail: function(state,futureState ){\r\n\t\t\t\tjQuery(\".fail-message\").show();\r\n\t\t\t  },\r\n\t\t\t  onMixStart: function(state,futureState ){\r\n\t\t\t\tjQuery(\".fail-message\").hide();\r\n\t\t\t  },\r\n\t\t\t  onMixEnd: function(state, futureState){},\r\n\t\t\t\r\n\t\t  }\r\n\t\t});\r\n\t\t\r\n\t\n\r\n\t\t\t\t});\t\t\r\n\t\t\t<\/script>","protected":false},"excerpt":{"rendered":"<p>Retrouvez ici toutes les derni\u00e8res actualit\u00e9s de Plan\u00e8te Urgence : th\u00e9matiques, les t\u00e9moignages des volontaires, des partenaires ou encore d&#8217;experts.<\/p>\n","protected":false},"author":1,"featured_media":0,"parent":0,"menu_order":0,"comment_status":"closed","ping_status":"closed","template":"page-flexipow.php","meta":{"_acf_changed":false,"inline_featured_image":false,"footnotes":""},"class_list":["post-43085","page","type-page","status-publish","hentry"],"acf":[],"yoast_head":"<!-- This site is optimized with the Yoast SEO plugin v27.2 - https:\/\/yoast.com\/product\/yoast-seo-wordpress\/ -->\n<title>Actualit\u00e9s - Plan\u00e8te Urgence<\/title>\n<meta name=\"description\" content=\"Retrouvez ici toutes les derni\u00e8res actualit\u00e9s de Plan\u00e8te Urgence : th\u00e9matiques, les t\u00e9moignages des volontaires, des partenaires ou encore d&#039;experts.\" \/>\n<meta name=\"robots\" content=\"index, follow, max-snippet:-1, max-image-preview:large, max-video-preview:-1\" \/>\n<link rel=\"canonical\" href=\"https:\/\/planete-urgence.org\/id\/berita\/\" \/>\n<meta property=\"og:locale\" content=\"id_ID\" \/>\n<meta property=\"og:type\" content=\"article\" \/>\n<meta property=\"og:title\" content=\"Actualit\u00e9s - Plan\u00e8te Urgence\" \/>\n<meta property=\"og:description\" content=\"Retrouvez ici toutes les derni\u00e8res actualit\u00e9s de Plan\u00e8te Urgence : th\u00e9matiques, les t\u00e9moignages des volontaires, des partenaires ou encore d&#039;experts.\" \/>\n<meta property=\"og:url\" content=\"https:\/\/planete-urgence.org\/id\/berita\/\" \/>\n<meta property=\"og:site_name\" content=\"Plan\u00e8te Urgence\" \/>\n<meta property=\"article:publisher\" content=\"https:\/\/www.facebook.com\/planete.urgence\/\" \/>\n<meta property=\"article:modified_time\" content=\"2024-10-15T20:53:20+00:00\" \/>\n<meta name=\"twitter:card\" content=\"summary_large_image\" \/>\n<meta name=\"twitter:site\" content=\"@PlaneteUrgence\" \/>\n<meta name=\"twitter:label1\" content=\"Estimasi waktu membaca\" \/>\n\t<meta name=\"twitter:data1\" content=\"3 menit\" \/>\n<script type=\"application\/ld+json\" class=\"yoast-schema-graph\">{\"@context\":\"https:\/\/schema.org\",\"@graph\":[{\"@type\":\"WebPage\",\"@id\":\"https:\/\/planete-urgence.org\/id\/berita\/\",\"url\":\"https:\/\/planete-urgence.org\/id\/berita\/\",\"name\":\"Actualit\u00e9s - Plan\u00e8te Urgence\",\"isPartOf\":{\"@id\":\"https:\/\/planete-urgence.org\/id\/#website\"},\"datePublished\":\"2022-06-22T19:34:15+00:00\",\"dateModified\":\"2024-10-15T20:53:20+00:00\",\"description\":\"Retrouvez ici toutes les derni\u00e8res actualit\u00e9s de Plan\u00e8te Urgence : th\u00e9matiques, les t\u00e9moignages des volontaires, des partenaires ou encore d'experts.\",\"breadcrumb\":{\"@id\":\"https:\/\/planete-urgence.org\/id\/berita\/#breadcrumb\"},\"inLanguage\":\"id\",\"potentialAction\":[{\"@type\":\"ReadAction\",\"target\":[\"https:\/\/planete-urgence.org\/id\/berita\/\"]}]},{\"@type\":\"BreadcrumbList\",\"@id\":\"https:\/\/planete-urgence.org\/id\/berita\/#breadcrumb\",\"itemListElement\":[{\"@type\":\"ListItem\",\"position\":1,\"name\":\"Accueil\",\"item\":\"https:\/\/planete-urgence.org\/id\/\"},{\"@type\":\"ListItem\",\"position\":2,\"name\":\"Actualit\u00e9s\"}]},{\"@type\":\"WebSite\",\"@id\":\"https:\/\/planete-urgence.org\/id\/#website\",\"url\":\"https:\/\/planete-urgence.org\/id\/\",\"name\":\"Plan\u00e8te Urgence\",\"description\":\"Volontariat &amp; d\u00e9veloppement\",\"publisher\":{\"@id\":\"https:\/\/planete-urgence.org\/id\/#organization\"},\"potentialAction\":[{\"@type\":\"SearchAction\",\"target\":{\"@type\":\"EntryPoint\",\"urlTemplate\":\"https:\/\/planete-urgence.org\/id\/?s={search_term_string}\"},\"query-input\":{\"@type\":\"PropertyValueSpecification\",\"valueRequired\":true,\"valueName\":\"search_term_string\"}}],\"inLanguage\":\"id\"},{\"@type\":\"Organization\",\"@id\":\"https:\/\/planete-urgence.org\/id\/#organization\",\"name\":\"Plan\u00e8te Urgence\",\"url\":\"https:\/\/planete-urgence.org\/id\/\",\"logo\":{\"@type\":\"ImageObject\",\"inLanguage\":\"id\",\"@id\":\"https:\/\/planete-urgence.org\/id\/#\/schema\/logo\/image\/\",\"url\":\"https:\/\/planete-urgence.org\/wp-content\/uploads\/2021\/03\/logo-pu.png\",\"contentUrl\":\"https:\/\/planete-urgence.org\/wp-content\/uploads\/2021\/03\/logo-pu.png\",\"width\":187,\"height\":120,\"caption\":\"Plan\u00e8te Urgence\"},\"image\":{\"@id\":\"https:\/\/planete-urgence.org\/id\/#\/schema\/logo\/image\/\"},\"sameAs\":[\"https:\/\/www.facebook.com\/planete.urgence\/\",\"https:\/\/x.com\/PlaneteUrgence\"]}]}<\/script>\n<!-- \/ Yoast SEO plugin. -->","yoast_head_json":{"title":"Actualit\u00e9s - Plan\u00e8te Urgence","description":"Retrouvez ici toutes les derni\u00e8res actualit\u00e9s de Plan\u00e8te Urgence : th\u00e9matiques, les t\u00e9moignages des volontaires, des partenaires ou encore d'experts.","robots":{"index":"index","follow":"follow","max-snippet":"max-snippet:-1","max-image-preview":"max-image-preview:large","max-video-preview":"max-video-preview:-1"},"canonical":"https:\/\/planete-urgence.org\/id\/berita\/","og_locale":"id_ID","og_type":"article","og_title":"Actualit\u00e9s - Plan\u00e8te Urgence","og_description":"Retrouvez ici toutes les derni\u00e8res actualit\u00e9s de Plan\u00e8te Urgence : th\u00e9matiques, les t\u00e9moignages des volontaires, des partenaires ou encore d'experts.","og_url":"https:\/\/planete-urgence.org\/id\/berita\/","og_site_name":"Plan\u00e8te Urgence","article_publisher":"https:\/\/www.facebook.com\/planete.urgence\/","article_modified_time":"2024-10-15T20:53:20+00:00","twitter_card":"summary_large_image","twitter_site":"@PlaneteUrgence","twitter_misc":{"Estimasi waktu membaca":"3 menit"},"schema":{"@context":"https:\/\/schema.org","@graph":[{"@type":"WebPage","@id":"https:\/\/planete-urgence.org\/id\/berita\/","url":"https:\/\/planete-urgence.org\/id\/berita\/","name":"Actualit\u00e9s - Plan\u00e8te Urgence","isPartOf":{"@id":"https:\/\/planete-urgence.org\/id\/#website"},"datePublished":"2022-06-22T19:34:15+00:00","dateModified":"2024-10-15T20:53:20+00:00","description":"Retrouvez ici toutes les derni\u00e8res actualit\u00e9s de Plan\u00e8te Urgence : th\u00e9matiques, les t\u00e9moignages des volontaires, des partenaires ou encore d'experts.","breadcrumb":{"@id":"https:\/\/planete-urgence.org\/id\/berita\/#breadcrumb"},"inLanguage":"id","potentialAction":[{"@type":"ReadAction","target":["https:\/\/planete-urgence.org\/id\/berita\/"]}]},{"@type":"BreadcrumbList","@id":"https:\/\/planete-urgence.org\/id\/berita\/#breadcrumb","itemListElement":[{"@type":"ListItem","position":1,"name":"Accueil","item":"https:\/\/planete-urgence.org\/id\/"},{"@type":"ListItem","position":2,"name":"Actualit\u00e9s"}]},{"@type":"WebSite","@id":"https:\/\/planete-urgence.org\/id\/#website","url":"https:\/\/planete-urgence.org\/id\/","name":"Plan\u00e8te Urgence","description":"Volontariat &amp; d\u00e9veloppement","publisher":{"@id":"https:\/\/planete-urgence.org\/id\/#organization"},"potentialAction":[{"@type":"SearchAction","target":{"@type":"EntryPoint","urlTemplate":"https:\/\/planete-urgence.org\/id\/?s={search_term_string}"},"query-input":{"@type":"PropertyValueSpecification","valueRequired":true,"valueName":"search_term_string"}}],"inLanguage":"id"},{"@type":"Organization","@id":"https:\/\/planete-urgence.org\/id\/#organization","name":"Plan\u00e8te Urgence","url":"https:\/\/planete-urgence.org\/id\/","logo":{"@type":"ImageObject","inLanguage":"id","@id":"https:\/\/planete-urgence.org\/id\/#\/schema\/logo\/image\/","url":"https:\/\/planete-urgence.org\/wp-content\/uploads\/2021\/03\/logo-pu.png","contentUrl":"https:\/\/planete-urgence.org\/wp-content\/uploads\/2021\/03\/logo-pu.png","width":187,"height":120,"caption":"Plan\u00e8te Urgence"},"image":{"@id":"https:\/\/planete-urgence.org\/id\/#\/schema\/logo\/image\/"},"sameAs":["https:\/\/www.facebook.com\/planete.urgence\/","https:\/\/x.com\/PlaneteUrgence"]}]}},"_links":{"self":[{"href":"https:\/\/planete-urgence.org\/id\/wp-json\/wp\/v2\/pages\/43085","targetHints":{"allow":["GET"]}}],"collection":[{"href":"https:\/\/planete-urgence.org\/id\/wp-json\/wp\/v2\/pages"}],"about":[{"href":"https:\/\/planete-urgence.org\/id\/wp-json\/wp\/v2\/types\/page"}],"author":[{"embeddable":true,"href":"https:\/\/planete-urgence.org\/id\/wp-json\/wp\/v2\/users\/1"}],"replies":[{"embeddable":true,"href":"https:\/\/planete-urgence.org\/id\/wp-json\/wp\/v2\/comments?post=43085"}],"version-history":[{"count":1,"href":"https:\/\/planete-urgence.org\/id\/wp-json\/wp\/v2\/pages\/43085\/revisions"}],"predecessor-version":[{"id":43087,"href":"https:\/\/planete-urgence.org\/id\/wp-json\/wp\/v2\/pages\/43085\/revisions\/43087"}],"wp:attachment":[{"href":"https:\/\/planete-urgence.org\/id\/wp-json\/wp\/v2\/media?parent=43085"}],"curies":[{"name":"wp","href":"https:\/\/api.w.org\/{rel}","templated":true}]}}