{"id":42441,"date":"2023-06-06T11:24:36","date_gmt":"2023-06-06T09:24:36","guid":{"rendered":"https:\/\/planete-urgence.org\/preserver-les-forets-et-la-biodiversite-en-danger\/"},"modified":"2024-09-24T22:59:34","modified_gmt":"2024-09-24T20:59:34","slug":"melestarikan-hutan-dan-keragaman-hayati-yang-terancam-punah","status":"publish","type":"page","link":"https:\/\/planete-urgence.org\/id\/melestarikan-hutan-dan-keragaman-hayati-yang-terancam-punah\/","title":{"rendered":"Melestarikan hutan dan keragaman hayati yang terancam punah"},"content":{"rendered":"<div id=\"field_62c7f121be5a1\" class=\"container-fluid px-0 flexible_section page_tetiere block_hero\">\n  <div id=\"hero_62c7f121be5a1\" class=\"hero_container px-0\">\n   <div class=\"hero_image_outer\">\n<picture class=\"skip-lazy\">\r\n\t\t\t\t\t<source srcset=\"https:\/\/planete-urgence.org\/wp-content\/uploads\/2021\/04\/lukasz-szmigiel-foret-visuel.jpg\" media=\"(min-width: 578px)\" class=\"skip-lazy\">\r\n\t\t\t\t\t<img srcset=\"https:\/\/planete-urgence.org\/wp-content\/uploads\/2021\/04\/lukasz-szmigiel-foret-visuel.jpg\" alt=\"\" class=\"heroimage \" \/>\r\n\t\t\t\t<\/picture>   <\/div>\n   <div class=\"hero_content p-3 text-center\" id=\"herocontent_62c7f121be5a1\">\t\t<div id=\"fieldcontent_62c7f121be5a1_inner\"><h3>Program kami<\/h3>\n<h1 class=\"titlepage\" style=\"text-align: left\">Melestarikan hutan dan keragaman hayati yang terancam punah<\/h1>\n<\/div>   <\/div>\n  <\/div>\n<\/div>\n\n\n<div id=\"field_62c7f2cb50947\" class=\"container-fluid px-0 flexible_section block_columns\">\n <div id=\"field_62c7f2cb50947_inner\" class=\"container flexible_section_inner\">\n\n  <div class=\"row flexible_section_title_container\"><div class=\"col-12 flexible_section_title_col\"><h2 class=\"flexible_section_title mb-5 text-center  \">Mengapa perlu beraksi?<\/h2><\/div><\/div>\n   <div class=\"row flexible_section_content\">\n\n   <div class=\"mb-3 mb-sm-0 col-sm-6 colonne colonne1\">\n    <div class=\"colonne_inner text-left d-flex align-items-center justify-content-start\">\n    <div class=\"colonne_inner_sub p-3\">\n<h4 class=\"title_vert\">Hutan &#8211; baik alami maupun buatan &#8211; mencakup sekitar 30% permukaan bumi<\/h4>\n    <\/div>\n    <\/div>\n   <\/div>\n   <div class=\"col-sm-6 colonne colonne2\">\n    <div class=\"colonne_inner  text-left\">\n<p>Namun, luas hutan primer di seluruh dunia telah berkurang lebih dari 80 juta hektar sejak tahun 1990.<\/p>\n<p>Hutan-hutan ini mengalami berbagai permasalahan, seperti: perluasan lahan pertanian dan peternakan, perluasan infrastruktur, kebakaran, serangan hama, penyakit, spesies invasif, kekeringan, dan peristiwa iklim yang merusak (FAO, 2020). Akan tetapi, ancaman terbesar bagi hutan dunia masih berupa pengembangan pertanian skala kecil (68% deforestasi terkait dengan pertanian skala kecil, 40% di antaranya untuk tanaman pangan dan 28% untuk padang penggembalaan, menurut sebuah penelitian (FAO, 2023).<\/p>\n    <\/div>\n   <\/div>\n  <\/div>\n\n <\/div>\n<\/div>\n\n\n<div id=\"field_647dff2d1f685\" class=\"container-fluid px-0 flexible_section block_columns\">\n <div id=\"field_647dff2d1f685_inner\" class=\"container flexible_section_inner\">\n\n   <div class=\"row flexible_section_content\">\n\n   <div class=\"bg-gris mb-3 mb-sm-0 col-sm-6 colonne colonne1\">\n    <div class=\"colonne_inner text-left d-flex align-items-center justify-content-start\">\n    <div class=\"colonne_inner_sub p-3\">\n<h4 class=\"title_vert\" style=\"text-align: left\">Hutan sangat penting bagi keseimbangan iklim dan kita harus melestarikannya dengan cara apa pun!<\/h4>\n    <\/div>\n    <\/div>\n   <\/div>\n   <div class=\"col-sm-6 colonne colonne2\">\n    <div class=\"colonne_inner  text-left\">\n<p>Hutan alami adalah penyerap karbon yang sangat penting yang memainkan peran mendasar dalam menyerap CO2. Oleh karena itu, deforestasi memiliki konsekuensi yang dramatis bagi manusia dan lingkungannya. Deforestasi sangat berdampak pada pengurangan kapasitas penyerapan karbon dan juga menyebabkan peningkatan emisi CO2 yang dilepaskan ketika hutan dibakar.<\/p>\n<p style=\"text-align: left\">Hutan perlu dilindungi untuk melestarikan keanekaragaman hayati yang tak tergantikan di dalamnya, serta manusia yang bergantung pada hutan. Sepertiga dari populasi dunia saat ini menggunakan kayu dan sumber daya alam dari hutan untuk kebutuhan utama mereka (konstruksi, memasak, pemanas, dan kegiatan yang menghasilkan pendapatan).<\/p>\n    <\/div>\n   <\/div>\n  <\/div>\n\n <\/div>\n<\/div>\n\n\n<div id=\"field_647e00954a840\" class=\"container-fluid px-0 flexible_section block_columns\">\n <div id=\"field_647e00954a840_inner\" class=\"container flexible_section_inner\">\n\n  <div class=\"row flexible_section_title_container\"><div class=\"col-12 flexible_section_title_col\"><h2 class=\"flexible_section_title mb-5 text-center  \">Beragam cara untuk beraksi<\/h2><\/div><\/div>\n   <div class=\"row flexible_section_content\">\n\n   <div class=\"mb-3 mb-sm-0 col-sm-4 colonne colonne1\">\n    <div class=\"colonne_inner  text-left\">\n<p><img loading=\"lazy\" decoding=\"async\" class=\"alignnone size-full wp-image-39099\" src=\"https:\/\/planete-urgence.org\/wp-content\/uploads\/2024\/04\/Conserver.jpg\" alt=\"\" width=\"400\" height=\"400\" srcset=\"https:\/\/planete-urgence.org\/wp-content\/uploads\/2024\/04\/Conserver.jpg 400w, https:\/\/planete-urgence.org\/wp-content\/uploads\/2024\/04\/Conserver-300x300.jpg 300w, https:\/\/planete-urgence.org\/wp-content\/uploads\/2024\/04\/Conserver-150x150.jpg 150w\" sizes=\"auto, (max-width: 400px) 100vw, 400px\" \/><\/p>\n<h4 class=\"title_vert\">Melestarikan<\/h4>\n<p class=\"western\" lang=\"fr-FR\">Pertama dan terutama, hutan yang ada perlu dilindungi. Dengan membangun taman nasional, hutan kota, atau kawasan lindung, serta melibatkan masyarakat lokal dalam konservasi.<\/p>\n    <\/div>\n   <\/div>\n   <div class=\"mb-3 mb-sm-0 col-sm-4 colonne colonne2\">\n    <div class=\"colonne_inner  text-left\">\n<p><img loading=\"lazy\" decoding=\"async\" class=\"alignnone size-full wp-image-39103\" src=\"https:\/\/planete-urgence.org\/wp-content\/uploads\/2024\/04\/Enrichir.jpg\" alt=\"\" width=\"400\" height=\"400\" srcset=\"https:\/\/planete-urgence.org\/wp-content\/uploads\/2024\/04\/Enrichir.jpg 400w, https:\/\/planete-urgence.org\/wp-content\/uploads\/2024\/04\/Enrichir-300x300.jpg 300w, https:\/\/planete-urgence.org\/wp-content\/uploads\/2024\/04\/Enrichir-150x150.jpg 150w\" sizes=\"auto, (max-width: 400px) 100vw, 400px\" \/><\/p>\n<h4 class=\"title_vert\">Memperkaya dan meregenerasi<\/h4>\n<p>Ketika hutan sudah rusak parah, terkadang penting untuk mendorong regenerasi alami atau menanami kembali area yang rusak.<\/p>\n    <\/div>\n   <\/div>\n   <div class=\"col-sm-4 colonne colonne3\">\n    <div class=\"colonne_inner  text-left\">\n<p><img loading=\"lazy\" decoding=\"async\" class=\"alignnone size-full wp-image-39107\" src=\"https:\/\/planete-urgence.org\/wp-content\/uploads\/2024\/04\/Reforester.jpg\" alt=\"\" width=\"400\" height=\"400\" srcset=\"https:\/\/planete-urgence.org\/wp-content\/uploads\/2024\/04\/Reforester.jpg 400w, https:\/\/planete-urgence.org\/wp-content\/uploads\/2024\/04\/Reforester-300x300.jpg 300w, https:\/\/planete-urgence.org\/wp-content\/uploads\/2024\/04\/Reforester-150x150.jpg 150w\" sizes=\"auto, (max-width: 400px) 100vw, 400px\" \/><\/p>\n<h4 class=\"title_vert\">Reforestasi<\/h4>\n<p>Ketika regenerasi alami tidak memungkinkan, reforestasi atau reboisasi adalah satu-satunya solusi yang dapat mengembangkan kembali spesies yang sesuai dengan area dan kebutuhan masyarakat setempat.<\/p>\n    <\/div>\n   <\/div>\n  <\/div>\n\n <\/div>\n<\/div>\n\n\n\n\n\n\n<div id=\"field_pow79e5d1ed9f3b43b6\" class=\"container-fluid px-0 flexible_section block_customhtml\">\n <div id=\"field_pow79e5d1ed9f3b43b6_inner\" class=\"container flexible_section_inner\">\n\n  <div class=\"row flexible_section_title_container\"><div class=\"col-12 flexible_section_title_col\"><h2 class=\"flexible_section_title mb-5 text-left  title_rouge black \">Keahlian khusus kami<\/h2><\/div><\/div>\n<div class=\"row flexible_section_content\">\n\n   <div class=\"mb-3 mb-sm-0 col-sm-4 colonne colonne1\">\n    <div class=\"colonne_inner text-left linkable\" data-dest=\"https:\/\/planete-urgence.org\/agroforesterie\/\">\n        <div>\n            <img loading=\"lazy\" decoding=\"async\" src=\"https:\/\/planete-urgence.org\/wp-content\/uploads\/2024\/04\/Agroforesterie.jpg\" alt=\"Pr\u00e9server les for\u00eats et la biodiversit\u00e9 en danger\" width=\"600\" height=\"340\" \/>\n            <div class=\"actionsforets_outer d-flex align-items-center\"><a href=\"https:\/\/planete-urgence.org\/agroforesterie\/\" class=\"actionsforets\">Agroforestri<br \/><i class=\"fa-regular fa-square-plus\"><\/i><\/a><\/div>\n        <\/div>\n    <\/div>\n   <\/div>\n   <div class=\"mb-3 mb-sm-0 col-sm-4 colonne colonne2 linkable\" data-dest=\"https:\/\/planete-urgence.org\/mangroves\/\">\n    <div class=\"colonne_inner text-left\">\n       <div>\n            <img loading=\"lazy\" decoding=\"async\" src=\"https:\/\/planete-urgence.org\/wp-content\/uploads\/2024\/04\/mangrove.jpg\" alt=\"Soutenir le d\u00e9veloppement local des communaut\u00e9s\" width=\"600\" height=\"340\" \/>\n            <div class=\"actionsforets_outer d-flex align-items-center\"><a href=\"https:\/\/planete-urgence.org\/mangroves\/\" class=\"actionsforets\">Mangrove<br \/><i class=\"fa-regular fa-square-plus\"><\/i><\/a><\/div>\n        <\/div>\n    <\/div>\n   <\/div>\n   <div class=\"col-sm-4 colonne colonne3 linkable\" data-dest=\"https:\/\/planete-urgence.org\/filieres-agricoles-et-bois-energie\/\">\n    <div class=\"colonne_inner text-left\">\n       <div>\n            <img loading=\"lazy\" decoding=\"async\" src=\"https:\/\/planete-urgence.org\/wp-content\/uploads\/2024\/04\/filieres-agricoles.jpg\" alt=\"Sensibiliser \u00e0 l\u2019environnement\" width=\"600\" height=\"340\" \/>\n            <div class=\"actionsforets_outer d-flex align-items-center\"><a href=\"https:\/\/planete-urgence.org\/filieres-agricoles-et-bois-energie\/\" class=\"actionsforets\">Sektor pertanian dan energi kayu<br \/><i class=\"fa-regular fa-square-plus\"><\/i><\/a><\/div>\n        <\/div>\n    <\/div>\n   <\/div>\n \n<\/div> <\/div>\n<\/div>\n\n\n\n\n<div id=\"field_647eed7d356a3\" class=\"container-fluid px-0 flexible_section block_columns\">\n <div id=\"field_647eed7d356a3_inner\" class=\"container flexible_section_inner\">\n\n   <div class=\"row flexible_section_content\">\n\n   <div class=\"mb-3 mb-sm-0 col-sm-6 colonne colonne1\">\n    <div class=\"colonne_inner  text-left\">\n<p style=\"text-align: left\">Plan\u00e8te Urgence terlibat dalam beberapa proyek pelestarian hutan dan reboisasi di 5 negara: Benin, Kamerun, Indonesia, Madagaskar, dan Peru.<\/p>\n<p style=\"text-align: left\">Negara-negara tersebut merupakan salah satu negara dengan tingkat deforestasi tertinggi di dunia dan merupakan bagian dari hutan tropis terbesar di dunia (hutan hujan dan sabana) yang sangat rentan terhadap dampak perubahan iklim.<\/p>\n    <\/div>\n   <\/div>\n   <div class=\"col-sm-6 colonne colonne2\">\n    <div class=\"colonne_inner text-left d-flex align-items-center justify-content-start\">\n    <div class=\"colonne_inner_sub \">\n<p><a class=\"redbutton\" href=\"https:\/\/planete-urgence.org\/nos-projets\/\">Temukan proyek kami<\/a><\/p>\n<p><a class=\"redbutton\" href=\"https:\/\/planete-urgence.org\/missions-volontariat\/\">Lihat penugasan sukarelawan kami<\/a><\/p>\n    <\/div>\n    <\/div>\n   <\/div>\n  <\/div>\n\n <\/div>\n<\/div>\n\n\n<div id=\"field_647ef30a528bb\" class=\"container-fluid px-0 flexible_section block_columns\">\n <div id=\"field_647ef30a528bb_inner\" class=\"container flexible_section_inner\">\n\n   <div class=\"row flexible_section_content\">\n\n   <div class=\"p-3 mb-3 mb-sm-0 col-sm-4 colonne colonne1\">\n    <div class=\"colonne_inner p-3 text-left\">\n<h2 class=\"title_rouge\"><span style=\"color: #000000\">Untuk mengetahui lebih lanjut<\/span><\/h2>\n    <\/div>\n   <\/div>\n   <div class=\"p-3 col-sm-8 colonne colonne2\">\n    <div class=\"colonne_inner p-3 text-left\">\n<p><img loading=\"lazy\" decoding=\"async\" class=\"mr-3 mb-3 alignleft wp-image-39148 size-medium\" src=\"https:\/\/planete-urgence.org\/wp-content\/uploads\/2024\/04\/Page-de-couverture-livret-nos-forets-vivantes-212x300.jpg\" alt=\"\" width=\"212\" height=\"300\" srcset=\"https:\/\/planete-urgence.org\/wp-content\/uploads\/2024\/04\/Page-de-couverture-livret-nos-forets-vivantes-212x300.jpg 212w, https:\/\/planete-urgence.org\/wp-content\/uploads\/2024\/04\/Page-de-couverture-livret-nos-forets-vivantes.jpg 300w\" sizes=\"auto, (max-width: 212px) 100vw, 212px\" \/><\/p>\n<p>&nbsp;<\/p>\n<p>&nbsp;<\/p>\n<p>\u201cHutan-hutan kita yang hidup\u201d, kumpulan artikel kami tentang pentingnya hutan<\/p>\n<p><a class=\"redbutton\" href=\"https:\/\/planete-urgence.org\/wp-content\/uploads\/2023\/06\/Nos-Forets-Vivantes.pdf\">Temukan<\/a><\/p>\n<p>&nbsp;<\/p>\n    <\/div>\n   <\/div>\n  <\/div>\n\n <\/div>\n<\/div>\n\n\n<div id=\"field_pow1f9cb5592774422c\" class=\"container-fluid px-0 flexible_section block_columns\">\n <div id=\"field_pow1f9cb5592774422c_inner\" class=\"container flexible_section_inner\">\n\n   <div class=\"row flexible_section_content\">\n\n   <div class=\"col-sm-12 colonne colonne1\">\n    <div class=\"colonne_inner  text-left\">\n<p>Traductions : <strong>Debora Naomi<\/strong><\/p>\n    <\/div>\n   <\/div>\n  <\/div>\n\n <\/div>\n<\/div>\n","protected":false},"excerpt":{"rendered":"<p>Les for\u00eats naturelles sont des puits de carbone essentiels qui jouent un r\u00f4le fondamental d\u2019absorption du CO2. <\/p>\n","protected":false},"author":7,"featured_media":0,"parent":0,"menu_order":0,"comment_status":"closed","ping_status":"closed","template":"","meta":{"_acf_changed":false,"inline_featured_image":false,"footnotes":""},"class_list":["post-42441","page","type-page","status-publish","hentry"],"acf":[],"yoast_head":"<!-- This site is optimized with the Yoast SEO plugin v27.2 - https:\/\/yoast.com\/product\/yoast-seo-wordpress\/ -->\n<title>Melestarikan hutan dan keragaman hayati yang terancam punah - Plan\u00e8te Urgence<\/title>\n<meta name=\"description\" content=\"Les for\u00eats naturelles sont des puits de carbone essentiels qui jouent un r\u00f4le fondamental d\u2019absorption du CO2. Les for\u00eats couvrent environ 30% des terres \u00e9merg\u00e9es. Cependant, la superficie mondiale des for\u00eats primaires a \u00e9t\u00e9 r\u00e9duite de plus de 80 millions d\u2019hectares depuis 1990.\" \/>\n<meta name=\"robots\" content=\"index, follow, max-snippet:-1, max-image-preview:large, max-video-preview:-1\" \/>\n<link rel=\"canonical\" href=\"https:\/\/planete-urgence.org\/id\/melestarikan-hutan-dan-keragaman-hayati-yang-terancam-punah\/\" \/>\n<meta property=\"og:locale\" content=\"id_ID\" \/>\n<meta property=\"og:type\" content=\"article\" \/>\n<meta property=\"og:title\" content=\"Melestarikan hutan dan keragaman hayati yang terancam punah - Plan\u00e8te Urgence\" \/>\n<meta property=\"og:description\" content=\"Les for\u00eats naturelles sont des puits de carbone essentiels qui jouent un r\u00f4le fondamental d\u2019absorption du CO2. Les for\u00eats couvrent environ 30% des terres \u00e9merg\u00e9es. Cependant, la superficie mondiale des for\u00eats primaires a \u00e9t\u00e9 r\u00e9duite de plus de 80 millions d\u2019hectares depuis 1990.\" \/>\n<meta property=\"og:url\" content=\"https:\/\/planete-urgence.org\/id\/melestarikan-hutan-dan-keragaman-hayati-yang-terancam-punah\/\" \/>\n<meta property=\"og:site_name\" content=\"Plan\u00e8te Urgence\" \/>\n<meta property=\"article:publisher\" content=\"https:\/\/www.facebook.com\/planete.urgence\/\" \/>\n<meta property=\"article:modified_time\" content=\"2024-09-24T20:59:34+00:00\" \/>\n<meta name=\"twitter:card\" content=\"summary_large_image\" \/>\n<meta name=\"twitter:site\" content=\"@PlaneteUrgence\" \/>\n<meta name=\"twitter:label1\" content=\"Estimasi waktu membaca\" \/>\n\t<meta name=\"twitter:data1\" content=\"5 menit\" \/>\n<script type=\"application\/ld+json\" class=\"yoast-schema-graph\">{\"@context\":\"https:\/\/schema.org\",\"@graph\":[{\"@type\":\"WebPage\",\"@id\":\"https:\/\/planete-urgence.org\/id\/melestarikan-hutan-dan-keragaman-hayati-yang-terancam-punah\/\",\"url\":\"https:\/\/planete-urgence.org\/id\/melestarikan-hutan-dan-keragaman-hayati-yang-terancam-punah\/\",\"name\":\"Melestarikan hutan dan keragaman hayati yang terancam punah - Plan\u00e8te Urgence\",\"isPartOf\":{\"@id\":\"https:\/\/planete-urgence.org\/id\/#website\"},\"datePublished\":\"2023-06-06T09:24:36+00:00\",\"dateModified\":\"2024-09-24T20:59:34+00:00\",\"description\":\"Les for\u00eats naturelles sont des puits de carbone essentiels qui jouent un r\u00f4le fondamental d\u2019absorption du CO2. Les for\u00eats couvrent environ 30% des terres \u00e9merg\u00e9es. Cependant, la superficie mondiale des for\u00eats primaires a \u00e9t\u00e9 r\u00e9duite de plus de 80 millions d\u2019hectares depuis 1990.\",\"breadcrumb\":{\"@id\":\"https:\/\/planete-urgence.org\/id\/melestarikan-hutan-dan-keragaman-hayati-yang-terancam-punah\/#breadcrumb\"},\"inLanguage\":\"id\",\"potentialAction\":[{\"@type\":\"ReadAction\",\"target\":[\"https:\/\/planete-urgence.org\/id\/melestarikan-hutan-dan-keragaman-hayati-yang-terancam-punah\/\"]}]},{\"@type\":\"BreadcrumbList\",\"@id\":\"https:\/\/planete-urgence.org\/id\/melestarikan-hutan-dan-keragaman-hayati-yang-terancam-punah\/#breadcrumb\",\"itemListElement\":[{\"@type\":\"ListItem\",\"position\":1,\"name\":\"Accueil\",\"item\":\"https:\/\/planete-urgence.org\/id\/\"},{\"@type\":\"ListItem\",\"position\":2,\"name\":\"Melestarikan hutan dan keragaman hayati yang terancam punah\"}]},{\"@type\":\"WebSite\",\"@id\":\"https:\/\/planete-urgence.org\/id\/#website\",\"url\":\"https:\/\/planete-urgence.org\/id\/\",\"name\":\"Plan\u00e8te Urgence\",\"description\":\"Volontariat &amp; d\u00e9veloppement\",\"publisher\":{\"@id\":\"https:\/\/planete-urgence.org\/id\/#organization\"},\"potentialAction\":[{\"@type\":\"SearchAction\",\"target\":{\"@type\":\"EntryPoint\",\"urlTemplate\":\"https:\/\/planete-urgence.org\/id\/?s={search_term_string}\"},\"query-input\":{\"@type\":\"PropertyValueSpecification\",\"valueRequired\":true,\"valueName\":\"search_term_string\"}}],\"inLanguage\":\"id\"},{\"@type\":\"Organization\",\"@id\":\"https:\/\/planete-urgence.org\/id\/#organization\",\"name\":\"Plan\u00e8te Urgence\",\"url\":\"https:\/\/planete-urgence.org\/id\/\",\"logo\":{\"@type\":\"ImageObject\",\"inLanguage\":\"id\",\"@id\":\"https:\/\/planete-urgence.org\/id\/#\/schema\/logo\/image\/\",\"url\":\"https:\/\/planete-urgence.org\/wp-content\/uploads\/2021\/03\/logo-pu.png\",\"contentUrl\":\"https:\/\/planete-urgence.org\/wp-content\/uploads\/2021\/03\/logo-pu.png\",\"width\":187,\"height\":120,\"caption\":\"Plan\u00e8te Urgence\"},\"image\":{\"@id\":\"https:\/\/planete-urgence.org\/id\/#\/schema\/logo\/image\/\"},\"sameAs\":[\"https:\/\/www.facebook.com\/planete.urgence\/\",\"https:\/\/x.com\/PlaneteUrgence\"]}]}<\/script>\n<!-- \/ Yoast SEO plugin. -->","yoast_head_json":{"title":"Melestarikan hutan dan keragaman hayati yang terancam punah - Plan\u00e8te Urgence","description":"Les for\u00eats naturelles sont des puits de carbone essentiels qui jouent un r\u00f4le fondamental d\u2019absorption du CO2. Les for\u00eats couvrent environ 30% des terres \u00e9merg\u00e9es. Cependant, la superficie mondiale des for\u00eats primaires a \u00e9t\u00e9 r\u00e9duite de plus de 80 millions d\u2019hectares depuis 1990.","robots":{"index":"index","follow":"follow","max-snippet":"max-snippet:-1","max-image-preview":"max-image-preview:large","max-video-preview":"max-video-preview:-1"},"canonical":"https:\/\/planete-urgence.org\/id\/melestarikan-hutan-dan-keragaman-hayati-yang-terancam-punah\/","og_locale":"id_ID","og_type":"article","og_title":"Melestarikan hutan dan keragaman hayati yang terancam punah - Plan\u00e8te Urgence","og_description":"Les for\u00eats naturelles sont des puits de carbone essentiels qui jouent un r\u00f4le fondamental d\u2019absorption du CO2. Les for\u00eats couvrent environ 30% des terres \u00e9merg\u00e9es. Cependant, la superficie mondiale des for\u00eats primaires a \u00e9t\u00e9 r\u00e9duite de plus de 80 millions d\u2019hectares depuis 1990.","og_url":"https:\/\/planete-urgence.org\/id\/melestarikan-hutan-dan-keragaman-hayati-yang-terancam-punah\/","og_site_name":"Plan\u00e8te Urgence","article_publisher":"https:\/\/www.facebook.com\/planete.urgence\/","article_modified_time":"2024-09-24T20:59:34+00:00","twitter_card":"summary_large_image","twitter_site":"@PlaneteUrgence","twitter_misc":{"Estimasi waktu membaca":"5 menit"},"schema":{"@context":"https:\/\/schema.org","@graph":[{"@type":"WebPage","@id":"https:\/\/planete-urgence.org\/id\/melestarikan-hutan-dan-keragaman-hayati-yang-terancam-punah\/","url":"https:\/\/planete-urgence.org\/id\/melestarikan-hutan-dan-keragaman-hayati-yang-terancam-punah\/","name":"Melestarikan hutan dan keragaman hayati yang terancam punah - Plan\u00e8te Urgence","isPartOf":{"@id":"https:\/\/planete-urgence.org\/id\/#website"},"datePublished":"2023-06-06T09:24:36+00:00","dateModified":"2024-09-24T20:59:34+00:00","description":"Les for\u00eats naturelles sont des puits de carbone essentiels qui jouent un r\u00f4le fondamental d\u2019absorption du CO2. Les for\u00eats couvrent environ 30% des terres \u00e9merg\u00e9es. Cependant, la superficie mondiale des for\u00eats primaires a \u00e9t\u00e9 r\u00e9duite de plus de 80 millions d\u2019hectares depuis 1990.","breadcrumb":{"@id":"https:\/\/planete-urgence.org\/id\/melestarikan-hutan-dan-keragaman-hayati-yang-terancam-punah\/#breadcrumb"},"inLanguage":"id","potentialAction":[{"@type":"ReadAction","target":["https:\/\/planete-urgence.org\/id\/melestarikan-hutan-dan-keragaman-hayati-yang-terancam-punah\/"]}]},{"@type":"BreadcrumbList","@id":"https:\/\/planete-urgence.org\/id\/melestarikan-hutan-dan-keragaman-hayati-yang-terancam-punah\/#breadcrumb","itemListElement":[{"@type":"ListItem","position":1,"name":"Accueil","item":"https:\/\/planete-urgence.org\/id\/"},{"@type":"ListItem","position":2,"name":"Melestarikan hutan dan keragaman hayati yang terancam punah"}]},{"@type":"WebSite","@id":"https:\/\/planete-urgence.org\/id\/#website","url":"https:\/\/planete-urgence.org\/id\/","name":"Plan\u00e8te Urgence","description":"Volontariat &amp; d\u00e9veloppement","publisher":{"@id":"https:\/\/planete-urgence.org\/id\/#organization"},"potentialAction":[{"@type":"SearchAction","target":{"@type":"EntryPoint","urlTemplate":"https:\/\/planete-urgence.org\/id\/?s={search_term_string}"},"query-input":{"@type":"PropertyValueSpecification","valueRequired":true,"valueName":"search_term_string"}}],"inLanguage":"id"},{"@type":"Organization","@id":"https:\/\/planete-urgence.org\/id\/#organization","name":"Plan\u00e8te Urgence","url":"https:\/\/planete-urgence.org\/id\/","logo":{"@type":"ImageObject","inLanguage":"id","@id":"https:\/\/planete-urgence.org\/id\/#\/schema\/logo\/image\/","url":"https:\/\/planete-urgence.org\/wp-content\/uploads\/2021\/03\/logo-pu.png","contentUrl":"https:\/\/planete-urgence.org\/wp-content\/uploads\/2021\/03\/logo-pu.png","width":187,"height":120,"caption":"Plan\u00e8te Urgence"},"image":{"@id":"https:\/\/planete-urgence.org\/id\/#\/schema\/logo\/image\/"},"sameAs":["https:\/\/www.facebook.com\/planete.urgence\/","https:\/\/x.com\/PlaneteUrgence"]}]}},"_links":{"self":[{"href":"https:\/\/planete-urgence.org\/id\/wp-json\/wp\/v2\/pages\/42441","targetHints":{"allow":["GET"]}}],"collection":[{"href":"https:\/\/planete-urgence.org\/id\/wp-json\/wp\/v2\/pages"}],"about":[{"href":"https:\/\/planete-urgence.org\/id\/wp-json\/wp\/v2\/types\/page"}],"author":[{"embeddable":true,"href":"https:\/\/planete-urgence.org\/id\/wp-json\/wp\/v2\/users\/7"}],"replies":[{"embeddable":true,"href":"https:\/\/planete-urgence.org\/id\/wp-json\/wp\/v2\/comments?post=42441"}],"version-history":[{"count":3,"href":"https:\/\/planete-urgence.org\/id\/wp-json\/wp\/v2\/pages\/42441\/revisions"}],"predecessor-version":[{"id":42447,"href":"https:\/\/planete-urgence.org\/id\/wp-json\/wp\/v2\/pages\/42441\/revisions\/42447"}],"wp:attachment":[{"href":"https:\/\/planete-urgence.org\/id\/wp-json\/wp\/v2\/media?parent=42441"}],"curies":[{"name":"wp","href":"https:\/\/api.w.org\/{rel}","templated":true}]}}