{"id":18876,"date":"2022-06-22T22:02:02","date_gmt":"2022-06-22T20:02:02","guid":{"rendered":"https:\/\/planete-urgence.org\/notre-mission\/"},"modified":"2024-12-23T17:53:05","modified_gmt":"2024-12-23T16:53:05","slug":"our-mission","status":"publish","type":"page","link":"https:\/\/planete-urgence.org\/id\/our-mission\/","title":{"rendered":"Our mission"},"content":{"rendered":"<div id=\"field_62c5ae23e8067\" class=\"container-fluid px-0 flexible_section block_hero\">\n  <div id=\"hero_62c5ae23e8067\" class=\"hero_container px-0\">\n   <div class=\"hero_image_outer\">\n<picture class=\"skip-lazy\">\r\n\t\t\t\t\t<source srcset=\"https:\/\/planete-urgence.org\/wp-content\/uploads\/2021\/05\/bryan-minear-YWAVTqGnyjI-unsplash-scaled-1.jpg\" media=\"(min-width: 578px)\" class=\"skip-lazy\">\r\n\t\t\t\t\t<img srcset=\"https:\/\/planete-urgence.org\/wp-content\/uploads\/2021\/05\/bryan-minear-YWAVTqGnyjI-unsplash-scaled-1.jpg\" alt=\"\" class=\"heroimage \" \/>\r\n\t\t\t\t<\/picture>   <\/div>\n   <div class=\"hero_content p-3 text-center\" id=\"herocontent_62c5ae23e8067\">\t\t<div id=\"fieldcontent_62c5ae23e8067_inner\"><h1 class=\"titlepage\" style=\"text-align: center\">Our mission<\/h1>\n<\/div>   <\/div>\n  <\/div>\n<\/div>\n\n\n<div id=\"field_62c5af315f47d\" class=\"container-fluid px-0 flexible_section block_columns\">\n <div id=\"field_62c5af315f47d_inner\" class=\"container flexible_section_inner\">\n\n   <div class=\"row flexible_section_content\">\n\n   <div class=\"mb-3 mb-sm-0 col-sm-7 colonne colonne1\">\n    <div class=\"colonne_inner  text-left\">\n<h3><span class=\"rouge\">Plan\u00e8te Urgence is an official NGO with registered charity status. We work to develop international solidarity in order to support local populations, meet their stated needs and foster their autonomy.<br \/>\n<\/span><\/h3>\n    <\/div>\n   <\/div>\n   <div class=\"col-sm-5 colonne colonne2\">\n    <div class=\"colonne_inner  text-left\">\n<p><strong>Our reason for being<\/strong>: Strengthening Men for a united and sustainable planet. Thus, we work in order for everyone to live in dignity, in complete autonomy and in a preserved environment.<\/p>\n<p>For that, we have set ourselves three missions:<\/p>\n    <\/div>\n   <\/div>\n  <\/div>\n\n <\/div>\n<\/div>\n\n\n<div id=\"field_62c5aff68fc66\" class=\"container-fluid px-0 flexible_section block_cards\">\n <div id=\"field_62c5aff68fc66_inner\" class=\"container flexible_section_inner\">\n\n  <div class=\"row row-cols-lg-3 row-cols-md-2 row-cols-sm-1 flexible_section_content\">\n<div class=\"precards precard_1 col-12 col-sm-6 col-md-4 mb-3\">\n   <div class=\"card card-1  h-100  \">\n    <div class=\"card-header d-flex flex-column  \"><h5 class=\"card-title  \">Protect forest and endangered biodiversity<\/h5>    <\/div>\n    <div class=\"card-body  \">\n<div class=\"cardimage Array\"><img decoding=\"async\" class=\"card-img-top\" src=\"https:\/\/planete-urgence.org\/wp-content\/uploads\/2021\/04\/MissionEquateur-41.jpg\" alt=\"\"><\/div>\n     <div class=\"card-text  \"><\/div>\n    <\/div>\n    <div class=\"card-footer  \">\n    <\/div>\n   <\/div>\n<\/div>\n<div class=\"precards precard_2 col-12 col-sm-6 col-md-4 mb-3\">\n   <div class=\"card card-2  linkable h-100  \" data-dest=\"https:\/\/planete-urgence.org\/soutenir-developpement-local\/\">\n    <div class=\"card-header d-flex flex-column  \"><h5 class=\"card-title  \">Promote local community development<\/h5>    <\/div>\n    <div class=\"card-body  \">\n<div class=\"cardimage Array\"><img decoding=\"async\" class=\"card-img-top\" src=\"https:\/\/planete-urgence.org\/wp-content\/uploads\/2021\/04\/IMG_1720-scaled-1.jpg\" alt=\"\"><\/div>\n     <div class=\"card-text  \"><\/div>\n    <\/div>\n    <div class=\"card-footer  \">\n    <\/div>\n   <\/div>\n<\/div>\n<div class=\"precards precard_3 col-12 col-sm-6 col-md-4 mb-3\">\n   <div class=\"card card-3  linkable h-100  \" data-dest=\"https:\/\/planete-urgence.org\/sensibiliser-environnement\/\">\n    <div class=\"card-header d-flex flex-column  \"><h5 class=\"card-title  \">Raise environmental awareness<\/h5>    <\/div>\n    <div class=\"card-body  \">\n<div class=\"cardimage Array\"><img decoding=\"async\" class=\"card-img-top\" src=\"https:\/\/planete-urgence.org\/wp-content\/uploads\/2021\/04\/IMGP2421-Copier.jpg\" alt=\"\"><\/div>\n     <div class=\"card-text  \"><\/div>\n    <\/div>\n    <div class=\"card-footer  \">\n    <\/div>\n   <\/div>\n<\/div>\n  <\/div>\n <\/div>\n<\/div>\n\n\n<div id=\"field_62c5b3380268c\" class=\"container-fluid px-0 flexible_section block_columns\">\n <div id=\"field_62c5b3380268c_inner\" class=\"container flexible_section_inner\">\n\n  <div class=\"row flexible_section_title_container\"><div class=\"col-12 flexible_section_title_col\"><h2 class=\"flexible_section_title mb-5 text-center  \">Our levers of action<\/h2><\/div><\/div>\n   <div class=\"row row-cols-1 row-cols-md-2 row-cols-lg-3 flexible_section_content\">\n\n   <div class=\"col mb-3 mb-sm-0  colonne colonne1\">\n    <div class=\"colonne_inner  text-left\">\n<h3>Volunteering<\/h3>\n<div class=\"colonne_content\">\n<p>Through 4 volunteering schemes (<a href=\"https:\/\/planete-urgence.org\/en\/the-conge-solidaire\/\">Cong\u00e9 Solidaire\u00ae<\/a>,\u00a0<a href=\"https:\/\/planete-urgence.org\/en\/solidarity-mission\/\">Solidarity Mission<\/a>,\u00a0<a href=\"https:\/\/planete-urgence.org\/en\/service-civique\/\">Service Civique<\/a>\u00a0and\u00a0<a href=\"https:\/\/planete-urgence.org\/en\/international-solidarity-volunteering\/\">International Solidarity Volunteering<\/a>) we allow citizens to get involved by going either on short or long-term missions. These missions are part of long-term goals and meet local needs clearly identified in advance by our Operations division and our partners on site.<\/p>\n<p>&nbsp;<\/p>\n<p style=\"text-align: center\"><a class=\"redbutton\" href=\"https:\/\/planete-urgence.org\/missions-volontariat\/\">Discover the missions<\/a><\/p>\n<\/div>\n    <\/div>\n   <\/div>\n   <div class=\"col mb-3 mb-sm-0  colonne colonne2\">\n    <div class=\"colonne_inner  text-left\">\n<p><img loading=\"lazy\" decoding=\"async\" class=\"alignnone size-full wp-image-2423\" src=\"https:\/\/planete-urgence.org\/wp-content\/uploads\/2021\/04\/IMG_1720-scaled-1.jpg\" alt=\"Volontariat - mission b\u00e9nin\" width=\"2560\" height=\"1920\" srcset=\"https:\/\/planete-urgence.org\/wp-content\/uploads\/2021\/04\/IMG_1720-scaled-1.jpg 2560w, https:\/\/planete-urgence.org\/wp-content\/uploads\/2021\/04\/IMG_1720-scaled-1-300x225.jpg 300w, https:\/\/planete-urgence.org\/wp-content\/uploads\/2021\/04\/IMG_1720-scaled-1-1024x768.jpg 1024w, https:\/\/planete-urgence.org\/wp-content\/uploads\/2021\/04\/IMG_1720-scaled-1-768x576.jpg 768w, https:\/\/planete-urgence.org\/wp-content\/uploads\/2021\/04\/IMG_1720-scaled-1-1536x1152.jpg 1536w, https:\/\/planete-urgence.org\/wp-content\/uploads\/2021\/04\/IMG_1720-scaled-1-2048x1536.jpg 2048w\" sizes=\"auto, (max-width: 2560px) 100vw, 2560px\" \/><\/p>\n    <\/div>\n   <\/div>\n   <div class=\"col mb-3 mb-sm-0  colonne colonne3\">\n    <div class=\"colonne_inner  text-left\">\n<p><img loading=\"lazy\" decoding=\"async\" class=\"alignnone size-full wp-image-2424\" src=\"https:\/\/planete-urgence.org\/wp-content\/uploads\/2021\/04\/reforestation_cameroun.jpg\" alt=\"reforestation\" width=\"1000\" height=\"561\" srcset=\"https:\/\/planete-urgence.org\/wp-content\/uploads\/2021\/04\/reforestation_cameroun.jpg 1000w, https:\/\/planete-urgence.org\/wp-content\/uploads\/2021\/04\/reforestation_cameroun-300x168.jpg 300w, https:\/\/planete-urgence.org\/wp-content\/uploads\/2021\/04\/reforestation_cameroun-768x431.jpg 768w\" sizes=\"auto, (max-width: 1000px) 100vw, 1000px\" \/><\/p>\n    <\/div>\n   <\/div>\n   <div class=\"col  colonne colonne4\">\n    <div class=\"colonne_inner  text-left\">\n<h3>Reforestation and environmental awareness<\/h3>\n<div class=\"colonne_content\">\n<p>Working directly with our local partners, we design\u00a0<strong>environmental protection projects<\/strong>\u00a0to fight against deforestation and, more generally, the destruction of ecosystems. We combine these\u00a0reforestation\u00a0actions with\u00a0environmental awareness\u00a0et economic development of local communities\u00a0for a sustainable and common management of natural resources.<\/p>\n<p style=\"text-align: center\"><a class=\"redbutton\" href=\"https:\/\/dev.planete-urgence.givingpage.org\/mon-don\/?CampaignId=70169000001z8z6AAA\">Act with us<\/a><\/p>\n<\/div>\n    <\/div>\n   <\/div>\n  <\/div>\n\n <\/div>\n<\/div>\n\n\n<div id=\"field_62c5f29a530a2\" class=\"container-fluid px-0 flexible_section block_columns\">\n <div id=\"field_62c5f29a530a2_inner\" class=\"container flexible_section_inner\">\n\n  <div class=\"row flexible_section_title_container\"><div class=\"col-12 flexible_section_title_col\"><h2 class=\"flexible_section_title mb-5 text-center  \">Our Intervention principles<\/h2><\/div><\/div>\n   <div class=\"row row-cols-1 row-cols-md-2 row-cols-lg-3 flexible_section_content\">\n\n   <div class=\"mb-4 col p-3 mb-3 mb-sm-0  colonne colonne1\">\n    <div class=\"colonne_inner  text-center\">\n<p><img loading=\"lazy\" decoding=\"async\" class=\"alignnone size-full wp-image-4342\" src=\"https:\/\/planete-urgence.org\/wp-content\/uploads\/2021\/04\/noun_carry-on-top_1173672_FFFFFF-1.png\" alt=\"Non portage\" width=\"100\" height=\"100\" \/><\/p>\n<p><strong>NO PORTAGE<\/strong><\/p>\n<p>The projects are set up and carried by our partners in the field. In any case, Plan\u00e8te Urgence is the project leader.<\/p>\n    <\/div>\n   <\/div>\n   <div class=\"mb-4 col p-3-mb-3 mb-3 mb-sm-0  colonne colonne2\">\n    <div class=\"colonne_inner  text-center\">\n<p><img loading=\"lazy\" decoding=\"async\" class=\"alignnone size-full wp-image-4336\" src=\"https:\/\/planete-urgence.org\/wp-content\/uploads\/2021\/04\/noun_Handshake_1531420_ffffff.png\" alt=\"Non substitution\" width=\"100\" height=\"100\" \/><\/p>\n<p><strong>NO SUBSTITUTION<\/strong><\/p>\n<p>The association does not replace the actors of the project. Volunteers provide one-off help that reinforces an already existing dynamic<\/p>\n    <\/div>\n   <\/div>\n   <div class=\"mb-4 col p-3 mb-3 mb-sm-0  colonne colonne3\">\n    <div class=\"colonne_inner  text-center\">\n<p><img loading=\"lazy\" decoding=\"async\" class=\"size-full wp-image-4333\" src=\"https:\/\/planete-urgence.org\/wp-content\/uploads\/2021\/04\/noun_competition_1371226_FFFFFF-150x150-1.png\" alt=\"Non concurrence\" width=\"100\" height=\"100\" \/><br \/>\n<strong>NO COMPETITION<\/strong><\/p>\n<p>In order not to destabilize the local economy, our interventions must not compete with a local provider if the latter can provide a similar service at a price accessible to beneficiaries.<\/p>\n    <\/div>\n   <\/div>\n   <div class=\"mb-4 col p-3 mb-3 mb-sm-0  colonne colonne4\">\n    <div class=\"colonne_inner  text-center\">\n<p><img loading=\"lazy\" decoding=\"async\" class=\"alignnone wp-image-4338 size-full\" src=\"https:\/\/planete-urgence.org\/wp-content\/uploads\/2021\/04\/noun_Magnifying-Glass_771160_ffffff.png\" alt=\"P\u00e9rennit\u00e9\" width=\"100\" height=\"100\" \/><\/p>\n<p><strong>SUSTAINABILITY<\/strong><\/p>\n<p>The association carries out sustainable actions allowing the beneficiaries to become autonomous and the actors of its structure.<\/p>\n    <\/div>\n   <\/div>\n   <div class=\"mb-4 col p-3 mb-3 mb-sm-0  colonne colonne5\">\n    <div class=\"colonne_inner  text-center\">\n<p><img loading=\"lazy\" decoding=\"async\" class=\"alignnone size-full wp-image-4340\" src=\"https:\/\/planete-urgence.org\/wp-content\/uploads\/2021\/04\/noun_Network_1431247_ffffff.png\" alt=\"Co-construction\" width=\"100\" height=\"100\" \/><\/p>\n<p><strong>CO-CONSTRUCTION<\/strong><\/p>\n<p>The association works in close relation with its local partners and to implement solutions on the basis of a participatory method.<\/p>\n    <\/div>\n   <\/div>\n   <div class=\"mb-4 col p-3  colonne colonne6\">\n    <div class=\"colonne_inner  text-center\">\n<p><img loading=\"lazy\" decoding=\"async\" class=\"alignnone size-full wp-image-4339\" src=\"https:\/\/planete-urgence.org\/wp-content\/uploads\/2021\/04\/noun_map-pin_598975_ffffff.png\" alt=\"S\u00e9curit\u00e9\" width=\"100\" height=\"100\" \/><\/p>\n<p><strong>SECURITY<\/strong><\/p>\n<p>The association places security at the center of its concerns. A very strict protocol is in place for this purpose.<\/p>\n    <\/div>\n   <\/div>\n  <\/div>\n\n <\/div>\n<\/div>\n","protected":false},"excerpt":{"rendered":"<p>La mission de Plan\u00e8te Urgence : renforcer les Hommes pour une plan\u00e8te solidaire et durable.\u00a0Chacun doit vivre dignement et en tout autonomie dans un environnement pr\u00e9serv\u00e9.<\/p>\n","protected":false},"author":1,"featured_media":0,"parent":0,"menu_order":0,"comment_status":"closed","ping_status":"closed","template":"page-flexipow.php","meta":{"_acf_changed":false,"inline_featured_image":false,"footnotes":""},"class_list":["post-18876","page","type-page","status-publish","hentry"],"acf":[],"yoast_head":"<!-- This site is optimized with the Yoast SEO plugin v27.2 - https:\/\/yoast.com\/product\/yoast-seo-wordpress\/ -->\n<title>Our mission - Plan\u00e8te Urgence<\/title>\n<meta name=\"description\" content=\"La mission de Plan\u00e8te Urgence : renforcer les Hommes pour une plan\u00e8te solidaire et durable.\u00a0Chacun doit vivre dignement et en tout autonomie dans un environnement pr\u00e9serv\u00e9.\" \/>\n<meta name=\"robots\" content=\"index, follow, max-snippet:-1, max-image-preview:large, max-video-preview:-1\" \/>\n<link rel=\"canonical\" href=\"https:\/\/planete-urgence.org\/id\/our-mission\/\" \/>\n<meta property=\"og:locale\" content=\"id_ID\" \/>\n<meta property=\"og:type\" content=\"article\" \/>\n<meta property=\"og:title\" content=\"Our mission - Plan\u00e8te Urgence\" \/>\n<meta property=\"og:description\" content=\"La mission de Plan\u00e8te Urgence : renforcer les Hommes pour une plan\u00e8te solidaire et durable.\u00a0Chacun doit vivre dignement et en tout autonomie dans un environnement pr\u00e9serv\u00e9.\" \/>\n<meta property=\"og:url\" content=\"https:\/\/planete-urgence.org\/id\/our-mission\/\" \/>\n<meta property=\"og:site_name\" content=\"Plan\u00e8te Urgence\" \/>\n<meta property=\"article:publisher\" content=\"https:\/\/www.facebook.com\/planete.urgence\/\" \/>\n<meta property=\"article:modified_time\" content=\"2024-12-23T16:53:05+00:00\" \/>\n<meta name=\"twitter:card\" content=\"summary_large_image\" \/>\n<meta name=\"twitter:site\" content=\"@PlaneteUrgence\" \/>\n<meta name=\"twitter:label1\" content=\"Estimasi waktu membaca\" \/>\n\t<meta name=\"twitter:data1\" content=\"5 menit\" \/>\n<script type=\"application\/ld+json\" class=\"yoast-schema-graph\">{\"@context\":\"https:\/\/schema.org\",\"@graph\":[{\"@type\":\"WebPage\",\"@id\":\"https:\/\/planete-urgence.org\/id\/our-mission\/\",\"url\":\"https:\/\/planete-urgence.org\/id\/our-mission\/\",\"name\":\"Our mission - Plan\u00e8te Urgence\",\"isPartOf\":{\"@id\":\"https:\/\/planete-urgence.org\/id\/#website\"},\"datePublished\":\"2022-06-22T20:02:02+00:00\",\"dateModified\":\"2024-12-23T16:53:05+00:00\",\"description\":\"La mission de Plan\u00e8te Urgence : renforcer les Hommes pour une plan\u00e8te solidaire et durable.\u00a0Chacun doit vivre dignement et en tout autonomie dans un environnement pr\u00e9serv\u00e9.\",\"breadcrumb\":{\"@id\":\"https:\/\/planete-urgence.org\/id\/our-mission\/#breadcrumb\"},\"inLanguage\":\"id\",\"potentialAction\":[{\"@type\":\"ReadAction\",\"target\":[\"https:\/\/planete-urgence.org\/id\/our-mission\/\"]}]},{\"@type\":\"BreadcrumbList\",\"@id\":\"https:\/\/planete-urgence.org\/id\/our-mission\/#breadcrumb\",\"itemListElement\":[{\"@type\":\"ListItem\",\"position\":1,\"name\":\"Accueil\",\"item\":\"https:\/\/planete-urgence.org\/id\/\"},{\"@type\":\"ListItem\",\"position\":2,\"name\":\"Our mission\"}]},{\"@type\":\"WebSite\",\"@id\":\"https:\/\/planete-urgence.org\/id\/#website\",\"url\":\"https:\/\/planete-urgence.org\/id\/\",\"name\":\"Plan\u00e8te Urgence\",\"description\":\"Volontariat &amp; d\u00e9veloppement\",\"publisher\":{\"@id\":\"https:\/\/planete-urgence.org\/id\/#organization\"},\"potentialAction\":[{\"@type\":\"SearchAction\",\"target\":{\"@type\":\"EntryPoint\",\"urlTemplate\":\"https:\/\/planete-urgence.org\/id\/?s={search_term_string}\"},\"query-input\":{\"@type\":\"PropertyValueSpecification\",\"valueRequired\":true,\"valueName\":\"search_term_string\"}}],\"inLanguage\":\"id\"},{\"@type\":\"Organization\",\"@id\":\"https:\/\/planete-urgence.org\/id\/#organization\",\"name\":\"Plan\u00e8te Urgence\",\"url\":\"https:\/\/planete-urgence.org\/id\/\",\"logo\":{\"@type\":\"ImageObject\",\"inLanguage\":\"id\",\"@id\":\"https:\/\/planete-urgence.org\/id\/#\/schema\/logo\/image\/\",\"url\":\"https:\/\/planete-urgence.org\/wp-content\/uploads\/2021\/03\/logo-pu.png\",\"contentUrl\":\"https:\/\/planete-urgence.org\/wp-content\/uploads\/2021\/03\/logo-pu.png\",\"width\":187,\"height\":120,\"caption\":\"Plan\u00e8te Urgence\"},\"image\":{\"@id\":\"https:\/\/planete-urgence.org\/id\/#\/schema\/logo\/image\/\"},\"sameAs\":[\"https:\/\/www.facebook.com\/planete.urgence\/\",\"https:\/\/x.com\/PlaneteUrgence\"]}]}<\/script>\n<!-- \/ Yoast SEO plugin. -->","yoast_head_json":{"title":"Our mission - Plan\u00e8te Urgence","description":"La mission de Plan\u00e8te Urgence : renforcer les Hommes pour une plan\u00e8te solidaire et durable.\u00a0Chacun doit vivre dignement et en tout autonomie dans un environnement pr\u00e9serv\u00e9.","robots":{"index":"index","follow":"follow","max-snippet":"max-snippet:-1","max-image-preview":"max-image-preview:large","max-video-preview":"max-video-preview:-1"},"canonical":"https:\/\/planete-urgence.org\/id\/our-mission\/","og_locale":"id_ID","og_type":"article","og_title":"Our mission - Plan\u00e8te Urgence","og_description":"La mission de Plan\u00e8te Urgence : renforcer les Hommes pour une plan\u00e8te solidaire et durable.\u00a0Chacun doit vivre dignement et en tout autonomie dans un environnement pr\u00e9serv\u00e9.","og_url":"https:\/\/planete-urgence.org\/id\/our-mission\/","og_site_name":"Plan\u00e8te Urgence","article_publisher":"https:\/\/www.facebook.com\/planete.urgence\/","article_modified_time":"2024-12-23T16:53:05+00:00","twitter_card":"summary_large_image","twitter_site":"@PlaneteUrgence","twitter_misc":{"Estimasi waktu membaca":"5 menit"},"schema":{"@context":"https:\/\/schema.org","@graph":[{"@type":"WebPage","@id":"https:\/\/planete-urgence.org\/id\/our-mission\/","url":"https:\/\/planete-urgence.org\/id\/our-mission\/","name":"Our mission - Plan\u00e8te Urgence","isPartOf":{"@id":"https:\/\/planete-urgence.org\/id\/#website"},"datePublished":"2022-06-22T20:02:02+00:00","dateModified":"2024-12-23T16:53:05+00:00","description":"La mission de Plan\u00e8te Urgence : renforcer les Hommes pour une plan\u00e8te solidaire et durable.\u00a0Chacun doit vivre dignement et en tout autonomie dans un environnement pr\u00e9serv\u00e9.","breadcrumb":{"@id":"https:\/\/planete-urgence.org\/id\/our-mission\/#breadcrumb"},"inLanguage":"id","potentialAction":[{"@type":"ReadAction","target":["https:\/\/planete-urgence.org\/id\/our-mission\/"]}]},{"@type":"BreadcrumbList","@id":"https:\/\/planete-urgence.org\/id\/our-mission\/#breadcrumb","itemListElement":[{"@type":"ListItem","position":1,"name":"Accueil","item":"https:\/\/planete-urgence.org\/id\/"},{"@type":"ListItem","position":2,"name":"Our mission"}]},{"@type":"WebSite","@id":"https:\/\/planete-urgence.org\/id\/#website","url":"https:\/\/planete-urgence.org\/id\/","name":"Plan\u00e8te Urgence","description":"Volontariat &amp; d\u00e9veloppement","publisher":{"@id":"https:\/\/planete-urgence.org\/id\/#organization"},"potentialAction":[{"@type":"SearchAction","target":{"@type":"EntryPoint","urlTemplate":"https:\/\/planete-urgence.org\/id\/?s={search_term_string}"},"query-input":{"@type":"PropertyValueSpecification","valueRequired":true,"valueName":"search_term_string"}}],"inLanguage":"id"},{"@type":"Organization","@id":"https:\/\/planete-urgence.org\/id\/#organization","name":"Plan\u00e8te Urgence","url":"https:\/\/planete-urgence.org\/id\/","logo":{"@type":"ImageObject","inLanguage":"id","@id":"https:\/\/planete-urgence.org\/id\/#\/schema\/logo\/image\/","url":"https:\/\/planete-urgence.org\/wp-content\/uploads\/2021\/03\/logo-pu.png","contentUrl":"https:\/\/planete-urgence.org\/wp-content\/uploads\/2021\/03\/logo-pu.png","width":187,"height":120,"caption":"Plan\u00e8te Urgence"},"image":{"@id":"https:\/\/planete-urgence.org\/id\/#\/schema\/logo\/image\/"},"sameAs":["https:\/\/www.facebook.com\/planete.urgence\/","https:\/\/x.com\/PlaneteUrgence"]}]}},"_links":{"self":[{"href":"https:\/\/planete-urgence.org\/id\/wp-json\/wp\/v2\/pages\/18876","targetHints":{"allow":["GET"]}}],"collection":[{"href":"https:\/\/planete-urgence.org\/id\/wp-json\/wp\/v2\/pages"}],"about":[{"href":"https:\/\/planete-urgence.org\/id\/wp-json\/wp\/v2\/types\/page"}],"author":[{"embeddable":true,"href":"https:\/\/planete-urgence.org\/id\/wp-json\/wp\/v2\/users\/1"}],"replies":[{"embeddable":true,"href":"https:\/\/planete-urgence.org\/id\/wp-json\/wp\/v2\/comments?post=18876"}],"version-history":[{"count":16,"href":"https:\/\/planete-urgence.org\/id\/wp-json\/wp\/v2\/pages\/18876\/revisions"}],"predecessor-version":[{"id":43643,"href":"https:\/\/planete-urgence.org\/id\/wp-json\/wp\/v2\/pages\/18876\/revisions\/43643"}],"wp:attachment":[{"href":"https:\/\/planete-urgence.org\/id\/wp-json\/wp\/v2\/media?parent=18876"}],"curies":[{"name":"wp","href":"https:\/\/api.w.org\/{rel}","templated":true}]}}