{"id":19048,"date":"2022-06-22T21:34:15","date_gmt":"2022-06-22T19:34:15","guid":{"rendered":"https:\/\/planete-urgence.org\/actualites\/"},"modified":"2024-03-12T09:35:12","modified_gmt":"2024-03-12T08:35:12","slug":"noticias","status":"publish","type":"page","link":"https:\/\/planete-urgence.org\/es\/noticias\/","title":{"rendered":"Noticias"},"content":{"rendered":"<div id=\"field_62c4a5d00521e\" class=\"container-fluid px-0 flexible_section block_categorygrid\">\n <div id=\"field_62c4a5d00521e_inner\" class=\"container flexible_section_inner\">\n\n  <div class=\"row flexible_section_title_container\"><div class=\"col-12 flexible_section_title_col\"><h2 class=\"flexible_section_title mb-5 text-center  \">NUESTRAS NOTICIAS<\/h2><\/div><\/div>\n<div id=\"grid_navbar\" class=\"container p-3 mb-5\">\n <form id=\"Filters\" class=\"controls row \">\n  <fieldset class=\"col \" data-filter-group=\"theme\">\n  <div id=\"theme_call\" class=\"filter_caller\" data-dest=\"sel_theme\">\n    <a class=\"filter_caller_title closed\" data-dest=\"sel_theme\">Tem\u00e1tico<i><\/i><\/a>\n    <ul id=\"sel_theme\" class=\"filter_submenu\">\n  \t<li><a href=\"javascript:void(0);\" class=\"filter  current active\" data-mixitup-control=\"\" data-filter=\".\"><\/a><\/li>\n    <\/ul>\n    <\/div>\n    <\/fieldset>\n  <div class=\"col reset_button_outer\">\n    <a href=\"javascript:void(0);\" data-mixitup-control=\"\" id=\"Reset\" class=\"resetbutton filter item\" data-filter=\"all\">R\u00e9initialiser<\/a>\n  <\/div>\n <\/form>\n<\/div>\n<div class=\"container-fluid px-0\" id=\"grid_62c4a5d00521e_outer\">\n<div class=\"container px-0\">\n  <div class=\"row row-cols-1 row-cols-md-3 row-cols-lg-3 flexible_section_content\" id=\"grid_62c4a5d00521e\">\n   <div class=\"fail-message\"><span>Su elecci\u00f3n no arroj\u00f3 ning\u00fan resultado.<\/span><\/div>   <div class=\"col-sm-12 col-md-4 col-lg-4  mix item  mb-3 elem-1\">\n<div class=\"actu_grid_element\">\r\n<img decoding=\"async\" src=\"https:\/\/planete-urgence.org\/wp-content\/uploads\/2021\/06\/IMG_0010-min-1-scaled-aspect-ratio-4-3-scaled-1.jpg\" alt=\"[Informe de actividad] 2020: a\u00f1o de la resiliencia de Plan\u00e8te Urgence\" \/>\r\n<h3>[Informe de actividad] 2020: a\u00f1o de la resiliencia de Plan\u00e8te Urgence<\/h3>\r\nPlan\u00e8te Urgence publie son Rapport d\u2019Activit\u00e9, un condens\u00e9 de son activit\u00e9 sur l\u2019ann\u00e9e 2020. Vous y retrouverez le bilan des&hellip;\r\n<p class=\"actu_grid_element_more\"><a href=\"https:\/\/planete-urgence.org\/es\/informe-de-actividad-2020-ano-de-la-resiliencia-de-planete-urgence\/\">Lee mas<\/a><\/p>\r\n<\/div>   <\/div>\n   <div class=\"col-sm-12 col-md-4 col-lg-4  mix item  mb-3 elem-2\">\n<div class=\"actu_grid_element\">\r\n<img decoding=\"async\" src=\"https:\/\/planete-urgence.org\/wp-content\/uploads\/2021\/06\/Semaine-de-lenvironnement_PU-aspect-ratio-4-3.jpg\" alt=\"Plan\u00e8te Urgence celebra el D\u00eda Mundial del Medio Ambiente\" \/>\r\n<h3>Plan\u00e8te Urgence celebra el D\u00eda Mundial del Medio Ambiente<\/h3>\r\nDans un discours virtuel prononc\u00e9 lors du One Planet Summit en faveur de la biodiversit\u00e9, le Secr\u00e9taire g\u00e9n\u00e9ral de l&#8217;ONU,&hellip;\r\n<p class=\"actu_grid_element_more\"><a href=\"https:\/\/planete-urgence.org\/es\/planete-urgence-celebra-el-dia-mundial-del-medio-ambiente\/\">Lee mas<\/a><\/p>\r\n<\/div>   <\/div>\n   <div class=\"col-sm-12 col-md-4 col-lg-4  mix item  mb-3 elem-3\">\n<div class=\"actu_grid_element\">\r\n<img decoding=\"async\" src=\"https:\/\/planete-urgence.org\/wp-content\/uploads\/2021\/06\/5-Serge-Morand-aspect-ratio-4-3.jpg\" alt=\"Lucha contra la deforestaci\u00f3n: lo hablamos con un experto\" \/>\r\n<h3>Lucha contra la deforestaci\u00f3n: lo hablamos con un experto<\/h3>\r\nL\u2019actualit\u00e9 de cette derni\u00e8re ann\u00e9e a \u00e9t\u00e9 fortement perturb\u00e9e par la crise sanitaire du COVID-19, qui est repr\u00e9sent\u00e9e comme une&hellip;\r\n<p class=\"actu_grid_element_more\"><a href=\"https:\/\/planete-urgence.org\/es\/lucha-contra-la-deforestacion-lo-hablamos-con-un-experto\/\">Lee mas<\/a><\/p>\r\n<\/div>   <\/div>\n   <div class=\"col-sm-12 col-md-4 col-lg-4  mix item  mb-3 elem-4\">\n<div class=\"actu_grid_element\">\r\n<img decoding=\"async\" src=\"https:\/\/planete-urgence.org\/wp-content\/uploads\/2021\/05\/Capture-de\u0301cran-2021-05-28-a\u0300-11.27.46-aspect-ratio-4-3.png\" alt=\"Un embajador se convierte en \"Pirata de pl\u00e1stico\"\" \/>\r\n<h3>Un embajador se convierte en \u00abPirata de pl\u00e1stico\u00bb<\/h3>\r\nDidierM., ancien volontaire de Plan\u00e8te Urgence,a port\u00e9lescouleursde l&#8217;association lors de l\u2019op\u00e9ration \u00ab\u202fPirates du Plastiques\u202f\u00bb le 23 mai dernier et participera&hellip;\r\n<p class=\"actu_grid_element_more\"><a href=\"https:\/\/planete-urgence.org\/es\/un-embajador-se-convierte-en-pirata-de-plastico\/\">Lee mas<\/a><\/p>\r\n<\/div>   <\/div>\n   <div class=\"col-sm-12 col-md-4 col-lg-4  mix item  mb-3 elem-5\">\n<div class=\"actu_grid_element\">\r\n<img decoding=\"async\" src=\"https:\/\/planete-urgence.org\/wp-content\/uploads\/2021\/05\/IMG_20210128_094934-min-scaled-aspect-ratio-4-3-scaled-1.jpg\" alt=\"Plan\u00e8te Urgence en Madagascar: reuni\u00f3n con socios locales durante el taller anual\" \/>\r\n<h3>Plan\u00e8te Urgence en Madagascar: reuni\u00f3n con socios locales durante el taller anual<\/h3>\r\nFin janvier,\u00a016\u00a0partenaires locaux ont r\u00e9pondu pr\u00e9sents \u00e0 l\u2019invitation\u00a0de la D\u00e9l\u00e9gation de Plan\u00e8te Urgence \u00e0 Madagascar pour son\u00a0atelier annuel\u00a0des associations locales.\u00a0Sur&hellip;\r\n<p class=\"actu_grid_element_more\"><a href=\"https:\/\/planete-urgence.org\/es\/planete-urgence-en-madagascar-reunion-con-socios-locales-durante-el-taller-anual\/\">Lee mas<\/a><\/p>\r\n<\/div>   <\/div>\n  <\/div>\n<div class=\"paginationholder paginationholder_62c4a5d00521e text-center mt-5\"><\/div>\n<\/div>\n<\/div>\n <\/div>\n<\/div>\n<script type=\"text\/javascript\">\r\n\t\t\t\tjQuery(document).ready(function() {\r\n\t\t\t\t\t\t\r\n\r\n\t\t\t\/*jQuery(\".filter_caller_title\").click(function(){\r\n\t\t\t\tvar dest = jQuery(this).data(\"dest\");\r\n\t\t\t\tjQuery(this).toggleClass(\"opened\");\r\n\t\t\t\tjQuery(\"#\" + dest + \".filter_submenu\").toggle();\r\n\t\t\t});\r\n\r\n\t\t\tjQuery(\"body\").on('click', function (event) {\r\n\t\t\t\tif (!jQuery(event.target).closest(\"#field_62c4a5d00521e .grid_navbar\").length) {\r\n\t\t\t\t\tjQuery('.filter_submenu').hide();\r\n\t\t\t\t\tjQuery('.filter_call').removeClass('opened');\r\n\t\t\t\t}\r\n\t\t\t});*\/\r\n\r\n\t\t\tjQuery(\".filter_caller\").hover(function(){\r\n\t\t\t\tvar dest = jQuery(this).data(\"dest\");\r\n\t\t\t\tjQuery(\"a.filter_caller_title\", this).toggleClass(\"opened\");\r\n\t\t\t\tjQuery(\"#\" + dest).toggle();\r\n\t\t\t});\r\n\r\n\t\t\tjQuery(\"#field_62c4a5d00521e\").on('click', function (event) {\r\n\t\t\t\tjQuery('.filter_submenu').hide();\r\n\t\t\t\tjQuery('.filter_call').removeClass('opened');\r\n\t\t\t});\r\n\r\n\t\t\r\n\r\n\t\tjQuery(\".filter\").click(function(){\r\n\t\t\tjQuery(\".filter\").removeClass(\"current\");\r\n\t\t\tjQuery(this).addClass(\"current\");\r\n\t\t});\r\n\t\t\r\n\t\tjQuery('.filter_call').on('click', function (event) {\r\n\t\t\tevent.stopPropagation();\r\n\t\t});\r\n\t\t\r\n\t\tjQuery('.fail-message').hide();\r\n\r\n\t\t\r\n\r\n\t\tvar mixer_62c4a5d00521e = mixitup(\"#grid_62c4a5d00521e\", {\r\n\t\t\tmultifilter: {\r\n\t\t\t\tenable: true\r\n\t\t\t},\r\n\t\t\t\r\n\t\tanimation: {\r\n\t\t\t  enable: false\r\n\t\t},\r\n\t\t\r\n\t\t\t\r\n\t\t\tpagination: {\r\n\t\t\t\tlimit: 12,\r\n\t\t\t\thidePageListIfSinglePage: true,\r\n\t\t\t},\r\n\t\t\tselectors: {\r\n\t\t\t\tpageList: \".paginationholder_62c4a5d00521e\",\r\n\t\t\t\tcontrol: \"[data-mixitup-control]\"\r\n\t\t\t},\r\n\t\t\ttemplates: {\r\n\t\t\t\tpager: '<a class=\"${classNames}\" data-page=\"${pageNumber}\" data-mixitup-control=\"\">${pageNumber}<\/a>',\r\n\t\t\t\tpagerPrev: '<a class=\"${classNames}\" data-page=\"prev\" data-mixitup-control=\"\">\u00ab<\/a>',\r\n\t\t\t\tpagerNext: '<a class=\"${classNames}\" data-page=\"next\" data-mixitup-control=\"\">\u00bb<\/a>',\r\n\t\t\t\tpagerTruncationMarker: '<span class=\"${classNames}\" data-mixitup-control=\"\">&hellip;<\/span>'\r\n\t\t\t},\t\r\n\t\t\t\r\n\t\t    callbacks: {\r\n\t\t\t  onMixFail: function(state,futureState ){\r\n\t\t\t\tjQuery(\".fail-message\").show();\r\n\t\t\t  },\r\n\t\t\t  onMixStart: function(state,futureState ){\r\n\t\t\t\tjQuery(\".fail-message\").hide();\r\n\t\t\t  },\r\n\t\t\t  onMixEnd: function(state, futureState){},\r\n\t\t\t\r\n\t\t  }\r\n\t\t});\r\n\t\t\r\n\t\n\r\n\t\t\t\t});\t\t\r\n\t\t\t<\/script>","protected":false},"excerpt":{"rendered":"<p>Retrouvez ici toutes les derni\u00e8res actualit\u00e9s de Plan\u00e8te Urgence : th\u00e9matiques, les t\u00e9moignages des volontaires, des partenaires ou encore d&#8217;experts.<\/p>\n","protected":false},"author":1,"featured_media":0,"parent":0,"menu_order":0,"comment_status":"closed","ping_status":"closed","template":"page-flexipow.php","meta":{"_acf_changed":false,"inline_featured_image":false,"footnotes":""},"class_list":["post-19048","page","type-page","status-publish","hentry"],"acf":[],"yoast_head":"<!-- This site is optimized with the Yoast SEO plugin v27.2 - https:\/\/yoast.com\/product\/yoast-seo-wordpress\/ -->\n<title>Noticias - Plan\u00e8te Urgence<\/title>\n<meta name=\"description\" content=\"Retrouvez ici toutes les derni\u00e8res actualit\u00e9s de Plan\u00e8te Urgence : th\u00e9matiques, les t\u00e9moignages des volontaires, des partenaires ou encore d&#039;experts.\" \/>\n<meta name=\"robots\" content=\"index, follow, max-snippet:-1, max-image-preview:large, max-video-preview:-1\" \/>\n<link rel=\"canonical\" href=\"https:\/\/planete-urgence.org\/es\/noticias\/\" \/>\n<meta property=\"og:locale\" content=\"es_ES\" \/>\n<meta property=\"og:type\" content=\"article\" \/>\n<meta property=\"og:title\" content=\"Noticias - Plan\u00e8te Urgence\" \/>\n<meta property=\"og:description\" content=\"Retrouvez ici toutes les derni\u00e8res actualit\u00e9s de Plan\u00e8te Urgence : th\u00e9matiques, les t\u00e9moignages des volontaires, des partenaires ou encore d&#039;experts.\" \/>\n<meta property=\"og:url\" content=\"https:\/\/planete-urgence.org\/es\/noticias\/\" \/>\n<meta property=\"og:site_name\" content=\"Plan\u00e8te Urgence\" \/>\n<meta property=\"article:publisher\" content=\"https:\/\/www.facebook.com\/planete.urgence\/\" \/>\n<meta property=\"article:modified_time\" content=\"2024-03-12T08:35:12+00:00\" \/>\n<meta name=\"twitter:card\" content=\"summary_large_image\" \/>\n<meta name=\"twitter:site\" content=\"@PlaneteUrgence\" \/>\n<meta name=\"twitter:label1\" content=\"Tiempo de lectura\" \/>\n\t<meta name=\"twitter:data1\" content=\"2 minutos\" \/>\n<script type=\"application\/ld+json\" class=\"yoast-schema-graph\">{\"@context\":\"https:\/\/schema.org\",\"@graph\":[{\"@type\":\"WebPage\",\"@id\":\"https:\/\/planete-urgence.org\/es\/noticias\/\",\"url\":\"https:\/\/planete-urgence.org\/es\/noticias\/\",\"name\":\"Noticias - Plan\u00e8te Urgence\",\"isPartOf\":{\"@id\":\"https:\/\/planete-urgence.org\/es\/#website\"},\"datePublished\":\"2022-06-22T19:34:15+00:00\",\"dateModified\":\"2024-03-12T08:35:12+00:00\",\"description\":\"Retrouvez ici toutes les derni\u00e8res actualit\u00e9s de Plan\u00e8te Urgence : th\u00e9matiques, les t\u00e9moignages des volontaires, des partenaires ou encore d'experts.\",\"breadcrumb\":{\"@id\":\"https:\/\/planete-urgence.org\/es\/noticias\/#breadcrumb\"},\"inLanguage\":\"es\",\"potentialAction\":[{\"@type\":\"ReadAction\",\"target\":[\"https:\/\/planete-urgence.org\/es\/noticias\/\"]}]},{\"@type\":\"BreadcrumbList\",\"@id\":\"https:\/\/planete-urgence.org\/es\/noticias\/#breadcrumb\",\"itemListElement\":[{\"@type\":\"ListItem\",\"position\":1,\"name\":\"Accueil\",\"item\":\"https:\/\/planete-urgence.org\/es\/\"},{\"@type\":\"ListItem\",\"position\":2,\"name\":\"Noticias\"}]},{\"@type\":\"WebSite\",\"@id\":\"https:\/\/planete-urgence.org\/es\/#website\",\"url\":\"https:\/\/planete-urgence.org\/es\/\",\"name\":\"Plan\u00e8te Urgence\",\"description\":\"Volontariat &amp; d\u00e9veloppement\",\"publisher\":{\"@id\":\"https:\/\/planete-urgence.org\/es\/#organization\"},\"potentialAction\":[{\"@type\":\"SearchAction\",\"target\":{\"@type\":\"EntryPoint\",\"urlTemplate\":\"https:\/\/planete-urgence.org\/es\/?s={search_term_string}\"},\"query-input\":{\"@type\":\"PropertyValueSpecification\",\"valueRequired\":true,\"valueName\":\"search_term_string\"}}],\"inLanguage\":\"es\"},{\"@type\":\"Organization\",\"@id\":\"https:\/\/planete-urgence.org\/es\/#organization\",\"name\":\"Plan\u00e8te Urgence\",\"url\":\"https:\/\/planete-urgence.org\/es\/\",\"logo\":{\"@type\":\"ImageObject\",\"inLanguage\":\"es\",\"@id\":\"https:\/\/planete-urgence.org\/es\/#\/schema\/logo\/image\/\",\"url\":\"https:\/\/planete-urgence.org\/wp-content\/uploads\/2021\/03\/logo-pu.png\",\"contentUrl\":\"https:\/\/planete-urgence.org\/wp-content\/uploads\/2021\/03\/logo-pu.png\",\"width\":187,\"height\":120,\"caption\":\"Plan\u00e8te Urgence\"},\"image\":{\"@id\":\"https:\/\/planete-urgence.org\/es\/#\/schema\/logo\/image\/\"},\"sameAs\":[\"https:\/\/www.facebook.com\/planete.urgence\/\",\"https:\/\/x.com\/PlaneteUrgence\"]}]}<\/script>\n<!-- \/ Yoast SEO plugin. -->","yoast_head_json":{"title":"Noticias - Plan\u00e8te Urgence","description":"Retrouvez ici toutes les derni\u00e8res actualit\u00e9s de Plan\u00e8te Urgence : th\u00e9matiques, les t\u00e9moignages des volontaires, des partenaires ou encore d'experts.","robots":{"index":"index","follow":"follow","max-snippet":"max-snippet:-1","max-image-preview":"max-image-preview:large","max-video-preview":"max-video-preview:-1"},"canonical":"https:\/\/planete-urgence.org\/es\/noticias\/","og_locale":"es_ES","og_type":"article","og_title":"Noticias - Plan\u00e8te Urgence","og_description":"Retrouvez ici toutes les derni\u00e8res actualit\u00e9s de Plan\u00e8te Urgence : th\u00e9matiques, les t\u00e9moignages des volontaires, des partenaires ou encore d'experts.","og_url":"https:\/\/planete-urgence.org\/es\/noticias\/","og_site_name":"Plan\u00e8te Urgence","article_publisher":"https:\/\/www.facebook.com\/planete.urgence\/","article_modified_time":"2024-03-12T08:35:12+00:00","twitter_card":"summary_large_image","twitter_site":"@PlaneteUrgence","twitter_misc":{"Tiempo de lectura":"2 minutos"},"schema":{"@context":"https:\/\/schema.org","@graph":[{"@type":"WebPage","@id":"https:\/\/planete-urgence.org\/es\/noticias\/","url":"https:\/\/planete-urgence.org\/es\/noticias\/","name":"Noticias - Plan\u00e8te Urgence","isPartOf":{"@id":"https:\/\/planete-urgence.org\/es\/#website"},"datePublished":"2022-06-22T19:34:15+00:00","dateModified":"2024-03-12T08:35:12+00:00","description":"Retrouvez ici toutes les derni\u00e8res actualit\u00e9s de Plan\u00e8te Urgence : th\u00e9matiques, les t\u00e9moignages des volontaires, des partenaires ou encore d'experts.","breadcrumb":{"@id":"https:\/\/planete-urgence.org\/es\/noticias\/#breadcrumb"},"inLanguage":"es","potentialAction":[{"@type":"ReadAction","target":["https:\/\/planete-urgence.org\/es\/noticias\/"]}]},{"@type":"BreadcrumbList","@id":"https:\/\/planete-urgence.org\/es\/noticias\/#breadcrumb","itemListElement":[{"@type":"ListItem","position":1,"name":"Accueil","item":"https:\/\/planete-urgence.org\/es\/"},{"@type":"ListItem","position":2,"name":"Noticias"}]},{"@type":"WebSite","@id":"https:\/\/planete-urgence.org\/es\/#website","url":"https:\/\/planete-urgence.org\/es\/","name":"Plan\u00e8te Urgence","description":"Volontariat &amp; d\u00e9veloppement","publisher":{"@id":"https:\/\/planete-urgence.org\/es\/#organization"},"potentialAction":[{"@type":"SearchAction","target":{"@type":"EntryPoint","urlTemplate":"https:\/\/planete-urgence.org\/es\/?s={search_term_string}"},"query-input":{"@type":"PropertyValueSpecification","valueRequired":true,"valueName":"search_term_string"}}],"inLanguage":"es"},{"@type":"Organization","@id":"https:\/\/planete-urgence.org\/es\/#organization","name":"Plan\u00e8te Urgence","url":"https:\/\/planete-urgence.org\/es\/","logo":{"@type":"ImageObject","inLanguage":"es","@id":"https:\/\/planete-urgence.org\/es\/#\/schema\/logo\/image\/","url":"https:\/\/planete-urgence.org\/wp-content\/uploads\/2021\/03\/logo-pu.png","contentUrl":"https:\/\/planete-urgence.org\/wp-content\/uploads\/2021\/03\/logo-pu.png","width":187,"height":120,"caption":"Plan\u00e8te Urgence"},"image":{"@id":"https:\/\/planete-urgence.org\/es\/#\/schema\/logo\/image\/"},"sameAs":["https:\/\/www.facebook.com\/planete.urgence\/","https:\/\/x.com\/PlaneteUrgence"]}]}},"_links":{"self":[{"href":"https:\/\/planete-urgence.org\/es\/wp-json\/wp\/v2\/pages\/19048","targetHints":{"allow":["GET"]}}],"collection":[{"href":"https:\/\/planete-urgence.org\/es\/wp-json\/wp\/v2\/pages"}],"about":[{"href":"https:\/\/planete-urgence.org\/es\/wp-json\/wp\/v2\/types\/page"}],"author":[{"embeddable":true,"href":"https:\/\/planete-urgence.org\/es\/wp-json\/wp\/v2\/users\/1"}],"replies":[{"embeddable":true,"href":"https:\/\/planete-urgence.org\/es\/wp-json\/wp\/v2\/comments?post=19048"}],"version-history":[{"count":4,"href":"https:\/\/planete-urgence.org\/es\/wp-json\/wp\/v2\/pages\/19048\/revisions"}],"predecessor-version":[{"id":19053,"href":"https:\/\/planete-urgence.org\/es\/wp-json\/wp\/v2\/pages\/19048\/revisions\/19053"}],"wp:attachment":[{"href":"https:\/\/planete-urgence.org\/es\/wp-json\/wp\/v2\/media?parent=19048"}],"curies":[{"name":"wp","href":"https:\/\/api.w.org\/{rel}","templated":true}]}}