{"id":18784,"date":"2022-07-07T17:23:07","date_gmt":"2022-07-07T15:23:07","guid":{"rendered":"https:\/\/planete-urgence.org\/equateur\/"},"modified":"2022-08-21T16:30:28","modified_gmt":"2022-08-21T14:30:28","slug":"equateur","status":"publish","type":"page","link":"https:\/\/planete-urgence.org\/es\/equateur\/","title":{"rendered":"Nuestra delegaci\u00f3n nacional en Ecuador"},"content":{"rendered":"<div id=\"field_62c7dd13cc1cf\" class=\"container-fluid px-0 flexible_section block_hero\">\n  <div id=\"hero_62c7dd13cc1cf\" class=\"hero_container px-0\">\n   <div class=\"hero_image_outer\">\n<picture class=\"skip-lazy\">\r\n\t\t\t\t\t<source srcset=\"https:\/\/planete-urgence.org\/wp-content\/uploads\/2021\/05\/EQ1MD1-scaled-e1646219136984.jpg\" media=\"(min-width: 578px)\" class=\"skip-lazy\">\r\n\t\t\t\t\t<img srcset=\"https:\/\/planete-urgence.org\/wp-content\/uploads\/2021\/05\/EQ1MD1-scaled-e1646219136984.jpg\" alt=\"\" class=\"heroimage \" \/>\r\n\t\t\t\t<\/picture>   <\/div>\n   <div class=\"hero_content p-3 text-center\" id=\"herocontent_62c7dd13cc1cf\">\t\t<div id=\"fieldcontent_62c7dd13cc1cf_inner\"><h1 class=\"titlepage\" style=\"text-align: center\">Nuestra delegaci\u00f3n nacional en Ecuador<\/h1>\n<\/div>   <\/div>\n  <\/div>\n<\/div>\n\n\n<div id=\"field_62c7ddd78e4d7\" class=\"container-fluid px-0 flexible_section block_team\">\n <div id=\"field_62c7ddd78e4d7_inner\" class=\"container flexible_section_inner\">\n\n  <div class=\"row flexible_section_title_container\"><div class=\"col-12 flexible_section_title_col\"><h2 class=\"flexible_section_title mb-5 text-center  \">El equipo<\/h2><\/div><\/div>\n  <div class=\"row flexible_section_content\">\n\n  <div class=\"team_element_outer  col-md-4 \">\n   <div class=\"card h-100 team_element\">\n    <div class=\"card-body\">\n     <div class=\"avatar mb-0 mb-sm-4 mx-4\">\n      <img decoding=\"async\" src=\"https:\/\/planete-urgence.org\/wp-content\/uploads\/2022\/07\/Sahira-Ochoa_PU-aspect-ratio-1-1-1.jpg\" class=\"d-block mx-auto z-depth-1\" alt=\"SAHIRA OCHOA\">\n     <\/div>\n     <div class=\"member-info\">\n<div class=\"team_content\">\r\n\t\t\t\t<p class=\"team_name\"><span class=\"nom\">SAHIRA OCHOA<\/span><\/p>\r\n\t\t\t\t<p class=\"team_fonction\"><span class=\"fonction\">Delegado Nacional<\/span><\/p>\r\n\t\t\t\t<p class=\"team_contact\">  <\/p>\r\n<\/div>     <\/div>\n    <\/div>\n   <\/div>\n  <\/div>\n  <div class=\"team_element_outer  col-md-4 \">\n   <div class=\"card h-100 team_element\">\n    <div class=\"card-body\">\n     <div class=\"avatar mb-0 mb-sm-4 mx-4\">\n      <img decoding=\"async\" src=\"https:\/\/planete-urgence.org\/wp-content\/uploads\/2022\/07\/Foto-Cristian-Toscano-1-aspect-ratio-1-1.jpg\" class=\"d-block mx-auto z-depth-1\" alt=\"CRISTIAN TOSCANO\">\n     <\/div>\n     <div class=\"member-info\">\n<div class=\"team_content\">\r\n\t\t\t\t<p class=\"team_name\"><span class=\"nom\">CRISTIAN TOSCANO<\/span><\/p>\r\n\t\t\t\t<p class=\"team_fonction\"><span class=\"fonction\">Encargado de proyecto<\/span><\/p>\r\n\t\t\t\t<p class=\"team_contact\">  <\/p>\r\n<\/div>     <\/div>\n    <\/div>\n   <\/div>\n  <\/div>\n  <\/div>\n\n <\/div>\n<\/div>\n\n\n<div id=\"field_62c7de78c02e9\" class=\"container-fluid px-0 flexible_section block_columns\">\n <div id=\"field_62c7de78c02e9_inner\" class=\"container flexible_section_inner\">\n\n  <div class=\"row flexible_section_title_container\"><div class=\"col-12 flexible_section_title_col\"><h2 class=\"flexible_section_title mb-5 text-center  \">Proyectos<\/h2><\/div><\/div>\n   <div class=\"row flexible_section_content\">\n\n   <div class=\"mb-3 mb-sm-0 col-sm-6 colonne colonne1\">\n    <div class=\"colonne_inner  text-left\">\n<h3>Voluntariado en Ecuador<\/h3>\n<div class=\"colonne_content\">\n<p>Plan\u00e8te Urgence interviene a favor de la solidaridad internacional y el desarrollo de capacidades de los actores locales en Ecuador.<\/p>\n<p>Las misiones que se ofrecen son de varios formatos como formaci\u00f3n para adultos o misiones de conservaci\u00f3n de bosques y biodiversidad. Este es particularmente el caso de la Fundaci\u00f3n Sumac Muyu, con sede en el alto Amazonas, que recibe voluntarios de la asociaci\u00f3n desde 2015:<\/p>\n<blockquote><p>\u00abLa Fundaci\u00f3n est\u00e1 ubicada en una parte de la alta Amazon\u00eda y nuestro objetivo es conservar este hermoso bosque y su biodiversidad que actualmente se encuentra en grave peligro. Los voluntarios de Plan\u00e8te Urgence nos ayudan a recopilar datos, analizar y contar el efectivo. Todo esto refleja la salud del ecosistema y nos permite tomar las acciones de conservaci\u00f3n adecuadas. \u00bb<\/p><\/blockquote>\n<p>Thierry GARCIA, Director de la Fundaci\u00f3n Sumac Muyu<\/p>\n<p>&nbsp;<\/p>\n<p style=\"text-align: center\"><a class=\"redbutton\" href=\"https:\/\/planete-urgence.org\/missions-volontariat\/\" target=\"_blank\" rel=\"noopener\">Ver tareas de voluntariado<\/a><\/p>\n<\/div>\n    <\/div>\n   <\/div>\n   <div class=\"col-sm-6 colonne colonne2\">\n    <div class=\"colonne_inner  text-left\">\n<p><img loading=\"lazy\" decoding=\"async\" class=\"alignnone size-full wp-image-5877\" src=\"https:\/\/planete-urgence.org\/wp-content\/uploads\/2021\/07\/CS-Equateur_juillet-2021-2-1.jpg\" alt=\"Mission Equateur juillet 2021\" width=\"960\" height=\"540\" srcset=\"https:\/\/planete-urgence.org\/wp-content\/uploads\/2021\/07\/CS-Equateur_juillet-2021-2-1.jpg 960w, https:\/\/planete-urgence.org\/wp-content\/uploads\/2021\/07\/CS-Equateur_juillet-2021-2-1-300x169.jpg 300w, https:\/\/planete-urgence.org\/wp-content\/uploads\/2021\/07\/CS-Equateur_juillet-2021-2-1-768x432.jpg 768w\" sizes=\"auto, (max-width: 960px) 100vw, 960px\" \/><\/p>\n    <\/div>\n   <\/div>\n  <\/div>\n\n <\/div>\n<\/div>\n\n\n<div id=\"field_62c7482488bd5\" class=\"container-fluid px-0 flexible_section block_categorygrid\">\n <div id=\"field_62c7482488bd5_inner\" class=\"container flexible_section_inner\">\n\n<div class=\"container-fluid px-0\" id=\"grid_62c7482488bd5_outer\">\n<div class=\"container px-0\">\n  <div class=\"row row-cols-1 row-cols-md-2 row-cols-lg-2 flexible_section_content\" id=\"grid_62c7482488bd5\">\n   <div class=\"col-sm-12 col-md-6 col-lg-6  item mb-3 elem-1\">\n<div class=\"category_grid_item_thumbnail\">\r\n<img decoding=\"async\" src=\"https:\/\/planete-urgence.org\/wp-content\/uploads\/2023\/06\/CUISCAF-vignette.jpg\" alt=\"Proyecto CUISCAF | Producci\u00f3n sostenible de caf\u00e9 de sombra en la comunidad de Cuispes en Per\u00fa para la conservaci\u00f3n de la selva amaz\u00f3nica.\" \/>\r\n<\/div>\r\n<div class=\"category_grid_item_content\">\r\n<h3>Proyecto CUISCAF | Producci\u00f3n sostenible de caf\u00e9 de sombra en la comunidad de Cuispes en Per\u00fa para la conservaci\u00f3n de la selva amaz\u00f3nica.<\/h3>\r\nPre\u0301server les fore\u0302ts et la biodiversite\u0301 tout en soutenant les agriculteurs de la communaute\u0301 de Cuispes par la mise en place d&#8217;un cafe\u0301 de qualite\u0301 cultive\u0301 en agroforesterie afin d\u2019offrir une alternative durable a\u0300 l&#8217;agriculture et a\u0300 l&#8217;e\u0301levage extensifs tout en contribuant a\u0300 l\u2019ame\u0301lioration des revenus.\r\n<p class=\"category_grid_item_more\"><a href=\"https:\/\/planete-urgence.org\/es\/proyecto-cuiscaf-produccion-sostenible-de-cafe-de-sombra-en-la-comunidad-de-cuispes-en-peru-para-la-conservacion-de-la-selva-amazonica\/\">Lee mas<\/a><\/p>\r\n<\/div>   <\/div>\n  <\/div>\n<\/div>\n<\/div>\n <\/div>\n<\/div>\n\n\n<div id=\"field_62c749471eaf7\" class=\"container-fluid px-0 flexible_section block_categorygrid\">\n <div id=\"field_62c749471eaf7_inner\" class=\"container flexible_section_inner\">\n\n  <div class=\"row flexible_section_title_container\"><div class=\"col-12 flexible_section_title_col\"><h2 class=\"flexible_section_title mb-5 text-center  \">Noticias locales<\/h2><\/div><\/div>\n<div class=\"container-fluid px-0\" id=\"grid_62c749471eaf7_outer\">\n<div class=\"container px-0\">\n  <div class=\"row row-cols-1 row-cols-md-3 row-cols-lg-3 flexible_section_content\" id=\"grid_62c749471eaf7\">\n   <div class=\"col-sm-12 col-md-4 col-lg-4  item mb-3 elem-1\">\n<div class=\"actu_grid_element\">\r\n<img decoding=\"async\" src=\"https:\/\/planete-urgence.org\/wp-content\/uploads\/2021\/06\/5-Serge-Morand-aspect-ratio-4-3.jpg\" alt=\"Lucha contra la deforestaci\u00f3n: lo hablamos con un experto\" \/>\r\n<h3>Lucha contra la deforestaci\u00f3n: lo hablamos con un experto<\/h3>\r\nL\u2019actualit\u00e9 de cette derni\u00e8re ann\u00e9e a \u00e9t\u00e9 fortement perturb\u00e9e par la crise sanitaire du COVID-19, qui est repr\u00e9sent\u00e9e comme une&hellip;\r\n<p class=\"actu_grid_element_more\"><a href=\"https:\/\/planete-urgence.org\/es\/lucha-contra-la-deforestacion-lo-hablamos-con-un-experto\/\">Lee mas<\/a><\/p>\r\n<\/div>   <\/div>\n  <\/div>\n<\/div>\n<\/div>\n  <div class=\"row flexible_section_footer\"><div class=\"col\"><p style=\"text-align: center\"><a class=\"redbutton\" href=\"https:\/\/planete-urgence.org\/actualites\/\" target=\"_blank\" rel=\"noopener\">Ver todas las noticias<\/a><\/p>\n<\/div><\/div>\n\n <\/div>\n<\/div>\n\n\n<div id=\"field_62c7dfb4890ca\" class=\"container-fluid px-0 flexible_section block_columns\">\n <div id=\"field_62c7dfb4890ca_inner\" class=\"container flexible_section_inner\">\n\n  <div class=\"row flexible_section_title_container\"><div class=\"col-12 flexible_section_title_col\"><h2 class=\"flexible_section_title mb-5 text-center  \">Contactar<\/h2><\/div><\/div>\n   <div class=\"row flexible_section_content\">\n\n   <div class=\"mb-3 mb-sm-0 col-sm-6 colonne colonne1\">\n    <div class=\"colonne_inner  text-left\">\n<p>\u00bfEres una organizaci\u00f3n ecuatoriana y necesitas voluntarios para desarrollar las habilidades de tus beneficiarios? \u00bfQuieres m\u00e1s informaci\u00f3n sobre las acciones de Plan\u00e8te Urgence, y en particular sobre sus proyectos de preservaci\u00f3n forestal en Ecuador?<\/p>\n<p>La oficina est\u00e1 ubicada en:<\/p>\n<p>Diego de Robles y Pampite Esquina, Cumbay\u00e1, Ecuador \u2013 (Co working Impaqto)<\/p>\n    <\/div>\n   <\/div>\n   <div class=\"col-sm-6 colonne colonne2\">\n    <div class=\"colonne_inner text-center d-flex align-items-center justify-content-center\">\n    <div class=\"colonne_inner_sub \">\n<p><a class=\"redbutton\" href=\"mailto:sahira.ochoa@planete-urgence.org\" target=\"_blank\" rel=\"noopener\">Contacta a Sahira, la Delegada Nacional<\/a><\/p>\n    <\/div>\n    <\/div>\n   <\/div>\n  <\/div>\n\n <\/div>\n<\/div>\n","protected":false},"excerpt":{"rendered":"<p>Retrouvez ici toutes les actualit\u00e9s de notre D\u00e9l\u00e9gation Nationale en Equateur : pr\u00e9sentation de l&#8217;\u00e9quipe ou encore activit\u00e9s des projets !<\/p>\n","protected":false},"author":1,"featured_media":0,"parent":0,"menu_order":0,"comment_status":"closed","ping_status":"closed","template":"page-flexipow.php","meta":{"_acf_changed":false,"inline_featured_image":false,"footnotes":""},"class_list":["post-18784","page","type-page","status-publish","hentry"],"acf":[],"yoast_head":"<!-- This site is optimized with the Yoast SEO plugin v27.2 - https:\/\/yoast.com\/product\/yoast-seo-wordpress\/ -->\n<title>Nuestra delegaci\u00f3n nacional en Ecuador - Plan\u00e8te Urgence<\/title>\n<meta name=\"description\" content=\"Retrouvez ici toutes les actualit\u00e9s de notre D\u00e9l\u00e9gation Nationale en Equateur : pr\u00e9sentation de l&#039;\u00e9quipe ou encore activit\u00e9s des projets !\" \/>\n<meta name=\"robots\" content=\"index, follow, max-snippet:-1, max-image-preview:large, max-video-preview:-1\" \/>\n<link rel=\"canonical\" href=\"https:\/\/planete-urgence.org\/es\/equateur\/\" \/>\n<meta property=\"og:locale\" content=\"es_ES\" \/>\n<meta property=\"og:type\" content=\"article\" \/>\n<meta property=\"og:title\" content=\"Nuestra delegaci\u00f3n nacional en Ecuador - Plan\u00e8te Urgence\" \/>\n<meta property=\"og:description\" content=\"Retrouvez ici toutes les actualit\u00e9s de notre D\u00e9l\u00e9gation Nationale en Equateur : pr\u00e9sentation de l&#039;\u00e9quipe ou encore activit\u00e9s des projets !\" \/>\n<meta property=\"og:url\" content=\"https:\/\/planete-urgence.org\/es\/equateur\/\" \/>\n<meta property=\"og:site_name\" content=\"Plan\u00e8te Urgence\" \/>\n<meta property=\"article:publisher\" content=\"https:\/\/www.facebook.com\/planete.urgence\/\" \/>\n<meta property=\"article:modified_time\" content=\"2022-08-21T14:30:28+00:00\" \/>\n<meta name=\"twitter:card\" content=\"summary_large_image\" \/>\n<meta name=\"twitter:site\" content=\"@PlaneteUrgence\" \/>\n<script type=\"application\/ld+json\" class=\"yoast-schema-graph\">{\"@context\":\"https:\/\/schema.org\",\"@graph\":[{\"@type\":\"WebPage\",\"@id\":\"https:\/\/planete-urgence.org\/es\/equateur\/\",\"url\":\"https:\/\/planete-urgence.org\/es\/equateur\/\",\"name\":\"Nuestra delegaci\u00f3n nacional en Ecuador - Plan\u00e8te Urgence\",\"isPartOf\":{\"@id\":\"https:\/\/planete-urgence.org\/es\/#website\"},\"datePublished\":\"2022-07-07T15:23:07+00:00\",\"dateModified\":\"2022-08-21T14:30:28+00:00\",\"description\":\"Retrouvez ici toutes les actualit\u00e9s de notre D\u00e9l\u00e9gation Nationale en Equateur : pr\u00e9sentation de l'\u00e9quipe ou encore activit\u00e9s des projets !\",\"breadcrumb\":{\"@id\":\"https:\/\/planete-urgence.org\/es\/equateur\/#breadcrumb\"},\"inLanguage\":\"es\",\"potentialAction\":[{\"@type\":\"ReadAction\",\"target\":[\"https:\/\/planete-urgence.org\/es\/equateur\/\"]}]},{\"@type\":\"BreadcrumbList\",\"@id\":\"https:\/\/planete-urgence.org\/es\/equateur\/#breadcrumb\",\"itemListElement\":[{\"@type\":\"ListItem\",\"position\":1,\"name\":\"Accueil\",\"item\":\"https:\/\/planete-urgence.org\/es\/\"},{\"@type\":\"ListItem\",\"position\":2,\"name\":\"Nuestra delegaci\u00f3n nacional en Ecuador\"}]},{\"@type\":\"WebSite\",\"@id\":\"https:\/\/planete-urgence.org\/es\/#website\",\"url\":\"https:\/\/planete-urgence.org\/es\/\",\"name\":\"Plan\u00e8te Urgence\",\"description\":\"Volontariat &amp; d\u00e9veloppement\",\"publisher\":{\"@id\":\"https:\/\/planete-urgence.org\/es\/#organization\"},\"potentialAction\":[{\"@type\":\"SearchAction\",\"target\":{\"@type\":\"EntryPoint\",\"urlTemplate\":\"https:\/\/planete-urgence.org\/es\/?s={search_term_string}\"},\"query-input\":{\"@type\":\"PropertyValueSpecification\",\"valueRequired\":true,\"valueName\":\"search_term_string\"}}],\"inLanguage\":\"es\"},{\"@type\":\"Organization\",\"@id\":\"https:\/\/planete-urgence.org\/es\/#organization\",\"name\":\"Plan\u00e8te Urgence\",\"url\":\"https:\/\/planete-urgence.org\/es\/\",\"logo\":{\"@type\":\"ImageObject\",\"inLanguage\":\"es\",\"@id\":\"https:\/\/planete-urgence.org\/es\/#\/schema\/logo\/image\/\",\"url\":\"https:\/\/planete-urgence.org\/wp-content\/uploads\/2021\/03\/logo-pu.png\",\"contentUrl\":\"https:\/\/planete-urgence.org\/wp-content\/uploads\/2021\/03\/logo-pu.png\",\"width\":187,\"height\":120,\"caption\":\"Plan\u00e8te Urgence\"},\"image\":{\"@id\":\"https:\/\/planete-urgence.org\/es\/#\/schema\/logo\/image\/\"},\"sameAs\":[\"https:\/\/www.facebook.com\/planete.urgence\/\",\"https:\/\/x.com\/PlaneteUrgence\"]}]}<\/script>\n<!-- \/ Yoast SEO plugin. -->","yoast_head_json":{"title":"Nuestra delegaci\u00f3n nacional en Ecuador - Plan\u00e8te Urgence","description":"Retrouvez ici toutes les actualit\u00e9s de notre D\u00e9l\u00e9gation Nationale en Equateur : pr\u00e9sentation de l'\u00e9quipe ou encore activit\u00e9s des projets !","robots":{"index":"index","follow":"follow","max-snippet":"max-snippet:-1","max-image-preview":"max-image-preview:large","max-video-preview":"max-video-preview:-1"},"canonical":"https:\/\/planete-urgence.org\/es\/equateur\/","og_locale":"es_ES","og_type":"article","og_title":"Nuestra delegaci\u00f3n nacional en Ecuador - Plan\u00e8te Urgence","og_description":"Retrouvez ici toutes les actualit\u00e9s de notre D\u00e9l\u00e9gation Nationale en Equateur : pr\u00e9sentation de l'\u00e9quipe ou encore activit\u00e9s des projets !","og_url":"https:\/\/planete-urgence.org\/es\/equateur\/","og_site_name":"Plan\u00e8te Urgence","article_publisher":"https:\/\/www.facebook.com\/planete.urgence\/","article_modified_time":"2022-08-21T14:30:28+00:00","twitter_card":"summary_large_image","twitter_site":"@PlaneteUrgence","schema":{"@context":"https:\/\/schema.org","@graph":[{"@type":"WebPage","@id":"https:\/\/planete-urgence.org\/es\/equateur\/","url":"https:\/\/planete-urgence.org\/es\/equateur\/","name":"Nuestra delegaci\u00f3n nacional en Ecuador - Plan\u00e8te Urgence","isPartOf":{"@id":"https:\/\/planete-urgence.org\/es\/#website"},"datePublished":"2022-07-07T15:23:07+00:00","dateModified":"2022-08-21T14:30:28+00:00","description":"Retrouvez ici toutes les actualit\u00e9s de notre D\u00e9l\u00e9gation Nationale en Equateur : pr\u00e9sentation de l'\u00e9quipe ou encore activit\u00e9s des projets !","breadcrumb":{"@id":"https:\/\/planete-urgence.org\/es\/equateur\/#breadcrumb"},"inLanguage":"es","potentialAction":[{"@type":"ReadAction","target":["https:\/\/planete-urgence.org\/es\/equateur\/"]}]},{"@type":"BreadcrumbList","@id":"https:\/\/planete-urgence.org\/es\/equateur\/#breadcrumb","itemListElement":[{"@type":"ListItem","position":1,"name":"Accueil","item":"https:\/\/planete-urgence.org\/es\/"},{"@type":"ListItem","position":2,"name":"Nuestra delegaci\u00f3n nacional en Ecuador"}]},{"@type":"WebSite","@id":"https:\/\/planete-urgence.org\/es\/#website","url":"https:\/\/planete-urgence.org\/es\/","name":"Plan\u00e8te Urgence","description":"Volontariat &amp; d\u00e9veloppement","publisher":{"@id":"https:\/\/planete-urgence.org\/es\/#organization"},"potentialAction":[{"@type":"SearchAction","target":{"@type":"EntryPoint","urlTemplate":"https:\/\/planete-urgence.org\/es\/?s={search_term_string}"},"query-input":{"@type":"PropertyValueSpecification","valueRequired":true,"valueName":"search_term_string"}}],"inLanguage":"es"},{"@type":"Organization","@id":"https:\/\/planete-urgence.org\/es\/#organization","name":"Plan\u00e8te Urgence","url":"https:\/\/planete-urgence.org\/es\/","logo":{"@type":"ImageObject","inLanguage":"es","@id":"https:\/\/planete-urgence.org\/es\/#\/schema\/logo\/image\/","url":"https:\/\/planete-urgence.org\/wp-content\/uploads\/2021\/03\/logo-pu.png","contentUrl":"https:\/\/planete-urgence.org\/wp-content\/uploads\/2021\/03\/logo-pu.png","width":187,"height":120,"caption":"Plan\u00e8te Urgence"},"image":{"@id":"https:\/\/planete-urgence.org\/es\/#\/schema\/logo\/image\/"},"sameAs":["https:\/\/www.facebook.com\/planete.urgence\/","https:\/\/x.com\/PlaneteUrgence"]}]}},"_links":{"self":[{"href":"https:\/\/planete-urgence.org\/es\/wp-json\/wp\/v2\/pages\/18784","targetHints":{"allow":["GET"]}}],"collection":[{"href":"https:\/\/planete-urgence.org\/es\/wp-json\/wp\/v2\/pages"}],"about":[{"href":"https:\/\/planete-urgence.org\/es\/wp-json\/wp\/v2\/types\/page"}],"author":[{"embeddable":true,"href":"https:\/\/planete-urgence.org\/es\/wp-json\/wp\/v2\/users\/1"}],"replies":[{"embeddable":true,"href":"https:\/\/planete-urgence.org\/es\/wp-json\/wp\/v2\/comments?post=18784"}],"version-history":[{"count":2,"href":"https:\/\/planete-urgence.org\/es\/wp-json\/wp\/v2\/pages\/18784\/revisions"}],"predecessor-version":[{"id":18790,"href":"https:\/\/planete-urgence.org\/es\/wp-json\/wp\/v2\/pages\/18784\/revisions\/18790"}],"wp:attachment":[{"href":"https:\/\/planete-urgence.org\/es\/wp-json\/wp\/v2\/media?parent=18784"}],"curies":[{"name":"wp","href":"https:\/\/api.w.org\/{rel}","templated":true}]}}