{"id":18729,"date":"2022-06-22T21:45:19","date_gmt":"2022-06-22T19:45:19","guid":{"rendered":"https:\/\/planete-urgence.org\/mentions-legales\/"},"modified":"2024-10-11T12:49:25","modified_gmt":"2024-10-11T10:49:25","slug":"mentions-legales","status":"publish","type":"page","link":"https:\/\/planete-urgence.org\/es\/mentions-legales\/","title":{"rendered":"Mentions l\u00e9gales"},"content":{"rendered":"<div id=\"field_62d86b5f22646\" class=\"container-fluid px-0 flexible_section page_tetiere block_hero\">\n  <div id=\"hero_62d86b5f22646\" class=\"hero_container px-0\">\n   <div class=\"hero_image_outer\">\n<picture class=\"skip-lazy\">\r\n\t\t\t\t\t<source srcset=\"https:\/\/planete-urgence.org\/wp-content\/uploads\/2021\/04\/CAMERR-min-scaled-1.jpg\" media=\"(min-width: 578px)\" class=\"skip-lazy\">\r\n\t\t\t\t\t<img srcset=\"https:\/\/planete-urgence.org\/wp-content\/uploads\/2021\/04\/CAMERR-min-scaled-1.jpg\" alt=\"\" class=\"heroimage \" \/>\r\n\t\t\t\t<\/picture>   <\/div>\n   <div class=\"hero_content p-3 text-center\" id=\"herocontent_62d86b5f22646\">\t\t<div id=\"fieldcontent_62d86b5f22646_inner\"><h1 class=\"titlepage\" style=\"text-align: center\">Mentions l\u00e9gales<\/h1>\n<\/div>   <\/div>\n  <\/div>\n<\/div>\n\n\n<div id=\"field_62d86abdba43d\" class=\"container-fluid px-0 flexible_section block_legalmentions\">\n <div id=\"field_62d86abdba43d_inner\" class=\"container flexible_section_inner\">\n\n  <div class=\"row flexible_section_content\">\n\n   <div class=\"col-md-12 col-lg colonne\">\n<h2>Editeur<\/h2>\n<p>Le site <a href=\"https:\/\/planete-urgence.org\/\">www.planete-urgence.org<\/a> est \u00e9dit\u00e9 par Plan\u00e8te Urgence, qui est une association reconnue d\u2019utilit\u00e9 publique, dont le si\u00e8ge social est situ\u00e9 au 15 rue de la Fontaine au Roi 75011 Paris.<\/p>\n<p>Num\u00e9ro SIREN : 433 095 718<br \/>\nNum\u00e9ro SIRET : 433 095 718 00030<br \/>\nCode APE : Autres organisations fonctionnant par adh\u00e9sion volontaire (94.99Z)<br \/>\nAdresse de messagerie : <a href=\"mailto:contact@planete-urgence.org\">contact@planete-urgence.org<\/a>  <\/p>\n<h2>Directeur de la publication<\/h2>\n<p><a href=\"mailto:amandine.hersant@planete-urgence.org\" rel=\"noopener\"><strong>Amandine Hersant<\/strong><\/a>.<br \/>\nLa directrice de la publication est Madame Amandine Hersant, en sa qualit\u00e9 de Directrice g\u00e9n\u00e9rale de Plan\u00e8te Urgence.<\/p>\n<h2>H\u00e9bergeur<\/h2>\n<p>Le site <a href=\"https:\/\/planete-urgence.org\/\">www.planete-urgence.org<\/a> est h\u00e9berg\u00e9 par la soci\u00e9t\u00e9 OVH, dont le si\u00e8ge social est situ\u00e9 au 2 rue Kellermann, 59100 Roubaix<\/p>\n<h2>D\u00e9veloppement et int\u00e9gration<\/h2>\n<p>Le site <a href=\"https:\/\/planete-urgence.org\/\">www.planete-urgence.org<\/a> a \u00e9t\u00e9 d\u00e9velopp\u00e9 par Philippe Morlhon, alias Phil-o-web (<a href=\"mailto:info@phil-o-web.com\">info@phil-o-web.com<\/a>).<\/p>\n<h2>Propri\u00e9t\u00e9 intellectuelle<\/h2>\n<p>Le site <a href=\"https:\/\/planete-urgence.org\/\">Plan\u00e8te Urgence<\/a> est prot\u00e9g\u00e9 par les dispositions du Code de la propri\u00e9t\u00e9 intellectuelle, notamment par celles de ses dispositions relatives \u00e0 la propri\u00e9t\u00e9 litt\u00e9raire et artistique, aux droits d\u2019auteur et \u00e0 la protection des bases de donn\u00e9es. Ces droits sont la propri\u00e9t\u00e9 exclusive des associations membres du Plan\u00e8te Urgence. Le Code de la propri\u00e9t\u00e9 intellectuelle n\u2019autorise aux termes de l\u2019article L.122-5, d\u2019une part, que les copies ou reproductions strictement r\u00e9serv\u00e9es \u00e0 l\u2019usage priv\u00e9 du copiste et non destin\u00e9es \u00e0 une utilisation collective et, d\u2019autre part, que les analyses et les courtes citations dans un but d\u2019exemple et d\u2019illustration. De m\u00eame, l\u2019article L.342-3 du Code de la propri\u00e9t\u00e9 intellectuelle n\u2019autorise que l\u2019extraction ou la r\u00e9utilisation d\u2019une partie non substantielle du contenu d\u2019une base de donn\u00e9es mise \u00e0 la disposition du public par son titulaire. Par cons\u00e9quent, toute repr\u00e9sentation ou reproduction non autoris\u00e9e des sites Internet de Plan\u00e8te Urgence, par quelque moyen que ce soit, est strictement interdite sous peine de poursuites judiciaires. Le contrevenant s\u2019expose \u00e0 des sanctions civiles et p\u00e9nales et notamment aux peines pr\u00e9vues aux articles L.335-2 et suivants du Code de la propri\u00e9t\u00e9 intellectuelle.<\/p>\n<h2>Liens hypertextes<\/h2>\n<p>Bien que nous apportions la plus grande rigueur dans la s\u00e9lection des liens que nous proposons vers d\u2019autres sites du r\u00e9seau Internet, Plan\u00e8te Urgence ne saurait \u00eatre tenu responsable du contenu pr\u00e9sent sur ces sites.<\/p>\n<h2>Cookies<\/h2>\n<p>La navigation sur le site ne n\u00e9cessite pas l\u2019utilisation de cookies, \u00e0 l\u2019exception de la rubrique d\u00e9p\u00f4t de candidature. Par ailleurs, si l\u2019utilisateur autorise les cookies, ces derniers permettront d\u2019\u00e9laborer des statistiques de fr\u00e9quentation du site de mani\u00e8re anonyme.<\/p>\n<p>Pour avoir plus de d\u00e9tails sur notre politique de cookies veuillez consulter [<a href=\"https:\/\/planete-urgence.org\/es\/politique-de-confidentialite\/\" rel=\"noopener\">Politique de confidentialit\u00e9<\/a>]<\/p>\n<h2>Protection des donn\u00e9es \u00e0 caract\u00e8re personnel<\/h2>\n<p>Les traitements de donn\u00e9es \u00e0 caract\u00e8re personnel mis en \u0153uvre dans le cadre du site Plan\u00e8te Urgence sont fond\u00e9s sur l&#8217;int\u00e9r\u00eat l\u00e9gitime aux fins de fournir des services aux utilisateurs, de leur adresser des informations sur les activit\u00e9s adapt\u00e9es \u00e0 leur situation.<\/p>\n<p>Conform\u00e9ment \u00e0 la loi n\u00b078-17 du 6 janvier 1978 relative \u00e0 l&#8217;informatique, aux fichiers et aux libert\u00e9s \u00ab LIL \u00bb modifi\u00e9e et le R\u00e8glement (UE) 2016\/679 du Parlement europ\u00e9en et du Conseil du 27 avril 2016, relatif \u00e0 la protection des personnes physiques \u00e0 l\u2019\u00e9gard du traitement des donn\u00e9es \u00e0 caract\u00e8re personnel et \u00e0 la libre circulation de ces donn\u00e9es, et abrogeant la directive 95\/46\/CE \u00ab r\u00e8glement g\u00e9n\u00e9ral sur la protection des donn\u00e9es \u00bb, les utilisateurs peuvent \u00e0 tout moment s&#8217;opposer \u00e0 recevoir des informations en utilisant le lien de d\u00e9sabonnement figurant dans chaque message provenant de du Plan\u00e8te Urgence, demander \u00e0 acc\u00e9der, \u00e0 faire porter aupr\u00e8s d&#8217;un tiers, \u00e0 faire rectifier ou \u00e0 faire supprimer les informations les concernant trait\u00e9es par Plan\u00e8te Urgence.<\/p>\n<p>Pour exercer ces droits , ceux-ci peuvent \u00e9crire \u00e0 <a href=\"mailto:contact@planete-urgence.org\" rel=\"noopener\">contact@planete-urgence.org<\/a> ou pour en savoir plus sur le traitement de leurs donn\u00e9es personnelles et leurs droits, consultez notre page <a href=\"https:\/\/planete-urgence.org\/politique-de-confidentialite\/\">Politique de confidentialit\u00e9<\/a>.<\/p>\n   <\/div>\n  <\/div>\n\n <\/div>\n<\/div>\n","protected":false},"excerpt":{"rendered":"","protected":false},"author":1,"featured_media":0,"parent":0,"menu_order":0,"comment_status":"closed","ping_status":"closed","template":"page-flexipow.php","meta":{"_acf_changed":false,"inline_featured_image":false,"footnotes":""},"class_list":["post-18729","page","type-page","status-publish","hentry"],"acf":[],"yoast_head":"<!-- This site is optimized with the Yoast SEO plugin v27.2 - https:\/\/yoast.com\/product\/yoast-seo-wordpress\/ -->\n<title>Mentions l\u00e9gales - Plan\u00e8te Urgence<\/title>\n<meta name=\"robots\" content=\"index, follow, max-snippet:-1, max-image-preview:large, max-video-preview:-1\" \/>\n<link rel=\"canonical\" href=\"https:\/\/planete-urgence.org\/es\/mentions-legales\/\" \/>\n<meta property=\"og:locale\" content=\"es_ES\" \/>\n<meta property=\"og:type\" content=\"article\" \/>\n<meta property=\"og:title\" content=\"Mentions l\u00e9gales - Plan\u00e8te Urgence\" \/>\n<meta property=\"og:url\" content=\"https:\/\/planete-urgence.org\/es\/mentions-legales\/\" \/>\n<meta property=\"og:site_name\" content=\"Plan\u00e8te Urgence\" \/>\n<meta property=\"article:publisher\" content=\"https:\/\/www.facebook.com\/planete.urgence\/\" \/>\n<meta property=\"article:modified_time\" content=\"2024-10-11T10:49:25+00:00\" \/>\n<meta name=\"twitter:card\" content=\"summary_large_image\" \/>\n<meta name=\"twitter:site\" content=\"@PlaneteUrgence\" \/>\n<script type=\"application\/ld+json\" class=\"yoast-schema-graph\">{\"@context\":\"https:\/\/schema.org\",\"@graph\":[{\"@type\":\"WebPage\",\"@id\":\"https:\/\/planete-urgence.org\/es\/mentions-legales\/\",\"url\":\"https:\/\/planete-urgence.org\/es\/mentions-legales\/\",\"name\":\"Mentions l\u00e9gales - Plan\u00e8te Urgence\",\"isPartOf\":{\"@id\":\"https:\/\/planete-urgence.org\/es\/#website\"},\"datePublished\":\"2022-06-22T19:45:19+00:00\",\"dateModified\":\"2024-10-11T10:49:25+00:00\",\"breadcrumb\":{\"@id\":\"https:\/\/planete-urgence.org\/es\/mentions-legales\/#breadcrumb\"},\"inLanguage\":\"es\",\"potentialAction\":[{\"@type\":\"ReadAction\",\"target\":[\"https:\/\/planete-urgence.org\/es\/mentions-legales\/\"]}]},{\"@type\":\"BreadcrumbList\",\"@id\":\"https:\/\/planete-urgence.org\/es\/mentions-legales\/#breadcrumb\",\"itemListElement\":[{\"@type\":\"ListItem\",\"position\":1,\"name\":\"Accueil\",\"item\":\"https:\/\/planete-urgence.org\/es\/\"},{\"@type\":\"ListItem\",\"position\":2,\"name\":\"Mentions l\u00e9gales\"}]},{\"@type\":\"WebSite\",\"@id\":\"https:\/\/planete-urgence.org\/es\/#website\",\"url\":\"https:\/\/planete-urgence.org\/es\/\",\"name\":\"Plan\u00e8te Urgence\",\"description\":\"Volontariat &amp; d\u00e9veloppement\",\"publisher\":{\"@id\":\"https:\/\/planete-urgence.org\/es\/#organization\"},\"potentialAction\":[{\"@type\":\"SearchAction\",\"target\":{\"@type\":\"EntryPoint\",\"urlTemplate\":\"https:\/\/planete-urgence.org\/es\/?s={search_term_string}\"},\"query-input\":{\"@type\":\"PropertyValueSpecification\",\"valueRequired\":true,\"valueName\":\"search_term_string\"}}],\"inLanguage\":\"es\"},{\"@type\":\"Organization\",\"@id\":\"https:\/\/planete-urgence.org\/es\/#organization\",\"name\":\"Plan\u00e8te Urgence\",\"url\":\"https:\/\/planete-urgence.org\/es\/\",\"logo\":{\"@type\":\"ImageObject\",\"inLanguage\":\"es\",\"@id\":\"https:\/\/planete-urgence.org\/es\/#\/schema\/logo\/image\/\",\"url\":\"https:\/\/planete-urgence.org\/wp-content\/uploads\/2021\/03\/logo-pu.png\",\"contentUrl\":\"https:\/\/planete-urgence.org\/wp-content\/uploads\/2021\/03\/logo-pu.png\",\"width\":187,\"height\":120,\"caption\":\"Plan\u00e8te Urgence\"},\"image\":{\"@id\":\"https:\/\/planete-urgence.org\/es\/#\/schema\/logo\/image\/\"},\"sameAs\":[\"https:\/\/www.facebook.com\/planete.urgence\/\",\"https:\/\/x.com\/PlaneteUrgence\"]}]}<\/script>\n<!-- \/ Yoast SEO plugin. -->","yoast_head_json":{"title":"Mentions l\u00e9gales - Plan\u00e8te Urgence","robots":{"index":"index","follow":"follow","max-snippet":"max-snippet:-1","max-image-preview":"max-image-preview:large","max-video-preview":"max-video-preview:-1"},"canonical":"https:\/\/planete-urgence.org\/es\/mentions-legales\/","og_locale":"es_ES","og_type":"article","og_title":"Mentions l\u00e9gales - Plan\u00e8te Urgence","og_url":"https:\/\/planete-urgence.org\/es\/mentions-legales\/","og_site_name":"Plan\u00e8te Urgence","article_publisher":"https:\/\/www.facebook.com\/planete.urgence\/","article_modified_time":"2024-10-11T10:49:25+00:00","twitter_card":"summary_large_image","twitter_site":"@PlaneteUrgence","schema":{"@context":"https:\/\/schema.org","@graph":[{"@type":"WebPage","@id":"https:\/\/planete-urgence.org\/es\/mentions-legales\/","url":"https:\/\/planete-urgence.org\/es\/mentions-legales\/","name":"Mentions l\u00e9gales - Plan\u00e8te Urgence","isPartOf":{"@id":"https:\/\/planete-urgence.org\/es\/#website"},"datePublished":"2022-06-22T19:45:19+00:00","dateModified":"2024-10-11T10:49:25+00:00","breadcrumb":{"@id":"https:\/\/planete-urgence.org\/es\/mentions-legales\/#breadcrumb"},"inLanguage":"es","potentialAction":[{"@type":"ReadAction","target":["https:\/\/planete-urgence.org\/es\/mentions-legales\/"]}]},{"@type":"BreadcrumbList","@id":"https:\/\/planete-urgence.org\/es\/mentions-legales\/#breadcrumb","itemListElement":[{"@type":"ListItem","position":1,"name":"Accueil","item":"https:\/\/planete-urgence.org\/es\/"},{"@type":"ListItem","position":2,"name":"Mentions l\u00e9gales"}]},{"@type":"WebSite","@id":"https:\/\/planete-urgence.org\/es\/#website","url":"https:\/\/planete-urgence.org\/es\/","name":"Plan\u00e8te Urgence","description":"Volontariat &amp; d\u00e9veloppement","publisher":{"@id":"https:\/\/planete-urgence.org\/es\/#organization"},"potentialAction":[{"@type":"SearchAction","target":{"@type":"EntryPoint","urlTemplate":"https:\/\/planete-urgence.org\/es\/?s={search_term_string}"},"query-input":{"@type":"PropertyValueSpecification","valueRequired":true,"valueName":"search_term_string"}}],"inLanguage":"es"},{"@type":"Organization","@id":"https:\/\/planete-urgence.org\/es\/#organization","name":"Plan\u00e8te Urgence","url":"https:\/\/planete-urgence.org\/es\/","logo":{"@type":"ImageObject","inLanguage":"es","@id":"https:\/\/planete-urgence.org\/es\/#\/schema\/logo\/image\/","url":"https:\/\/planete-urgence.org\/wp-content\/uploads\/2021\/03\/logo-pu.png","contentUrl":"https:\/\/planete-urgence.org\/wp-content\/uploads\/2021\/03\/logo-pu.png","width":187,"height":120,"caption":"Plan\u00e8te Urgence"},"image":{"@id":"https:\/\/planete-urgence.org\/es\/#\/schema\/logo\/image\/"},"sameAs":["https:\/\/www.facebook.com\/planete.urgence\/","https:\/\/x.com\/PlaneteUrgence"]}]}},"_links":{"self":[{"href":"https:\/\/planete-urgence.org\/es\/wp-json\/wp\/v2\/pages\/18729","targetHints":{"allow":["GET"]}}],"collection":[{"href":"https:\/\/planete-urgence.org\/es\/wp-json\/wp\/v2\/pages"}],"about":[{"href":"https:\/\/planete-urgence.org\/es\/wp-json\/wp\/v2\/types\/page"}],"author":[{"embeddable":true,"href":"https:\/\/planete-urgence.org\/es\/wp-json\/wp\/v2\/users\/1"}],"replies":[{"embeddable":true,"href":"https:\/\/planete-urgence.org\/es\/wp-json\/wp\/v2\/comments?post=18729"}],"version-history":[{"count":6,"href":"https:\/\/planete-urgence.org\/es\/wp-json\/wp\/v2\/pages\/18729\/revisions"}],"predecessor-version":[{"id":43043,"href":"https:\/\/planete-urgence.org\/es\/wp-json\/wp\/v2\/pages\/18729\/revisions\/43043"}],"wp:attachment":[{"href":"https:\/\/planete-urgence.org\/es\/wp-json\/wp\/v2\/media?parent=18729"}],"curies":[{"name":"wp","href":"https:\/\/api.w.org\/{rel}","templated":true}]}}