{"id":41422,"date":"2024-02-17T21:59:13","date_gmt":"2024-02-17T20:59:13","guid":{"rendered":"https:\/\/planete-urgence.org\/filieres-agricoles-et-bois-energie\/"},"modified":"2024-06-23T21:05:41","modified_gmt":"2024-06-23T19:05:41","slug":"agricultural-and-wood-energy-sectors","status":"publish","type":"page","link":"https:\/\/planete-urgence.org\/en\/agricultural-and-wood-energy-sectors\/","title":{"rendered":"Agricultural and wood-energy sectors"},"content":{"rendered":"<div id=\"field_pow083148b8408a47c4\" class=\"container-fluid px-0 flexible_section page_tetiere block_hero\">\n  <div id=\"hero_pow083148b8408a47c4\" class=\"hero_container px-0\">\n   <div class=\"hero_image_outer\">\n<picture class=\"skip-lazy\">\r\n\t\t\t\t\t<source srcset=\"https:\/\/planete-urgence.org\/wp-content\/uploads\/2024\/02\/Filiere-agricole.png\" media=\"(min-width: 578px)\" class=\"skip-lazy\">\r\n\t\t\t\t\t<img srcset=\"https:\/\/planete-urgence.org\/wp-content\/uploads\/2023\/06\/Header-filiere-agricole-mob.jpg\" alt=\"\" class=\"heroimage \" \/>\r\n\t\t\t\t<\/picture>   <\/div>\n   <div class=\"hero_content p-3 text-center\" id=\"herocontent_pow083148b8408a47c4\">\t\t<div id=\"fieldcontent_pow083148b8408a47c4_inner\"><h1>Agricultural and wood-energy sectors<\/h1>\n<\/div>   <\/div>\n  <\/div>\n<\/div>\n\n\n<div id=\"field_pow475e3c41570c467b\" class=\"container-fluid px-0 flexible_section block_columns\">\n <div id=\"field_pow475e3c41570c467b_inner\" class=\"container flexible_section_inner\">\n\n   <div class=\"row flexible_section_content\">\n\n   <div class=\"col-sm-12 colonne colonne1\">\n    <div class=\"colonne_inner  text-center\">\n<p>Around 80% of global deforestation is linked to agriculture, whether industrialised (32%) or family farming (68%). This means that we cannot work on the conservation and restoration of forest ecosystems without taking into account the economic activities linked to them. In addition to the issues common to the three basins of developing food agriculture without deforestation, there are agricultural issues specific to each region. In Asia, deforestation is linked in particular to palm cultivation or aquaculture; in Africa, it will be linked above all to energy wood, cocoa or cotton constraints. As for Latin America, the urgent need is for the soya and livestock sectors.<\/p>\n    <\/div>\n   <\/div>\n  <\/div>\n\n <\/div>\n<\/div>\n\n\n<div id=\"field_powadd74ea302a74fb5\" class=\"container-fluid px-0 flexible_section block_columns\">\n <div id=\"field_powadd74ea302a74fb5_inner\" class=\"container flexible_section_inner\">\n\n  <div class=\"row flexible_section_title_container\"><div class=\"col-12 flexible_section_title_col\"><h2 class=\"flexible_section_title mb-5 text-left  black title_rouge \">Different sustainable income practices for forests<\/h2><\/div><\/div>\n   <div class=\"row flexible_section_content\">\n\n   <div class=\"mb-3 mb-sm-0 col-sm-4 colonne colonne1\">\n    <div class=\"colonne_inner  text-left\">\n<p><img loading=\"lazy\" decoding=\"async\" class=\"alignnone size-full wp-image-37011\" src=\"https:\/\/planete-urgence.org\/wp-content\/uploads\/2023\/06\/apiculture-au-Benin.jpg\" alt=\"\" width=\"600\" height=\"600\" srcset=\"https:\/\/planete-urgence.org\/wp-content\/uploads\/2023\/06\/apiculture-au-Benin.jpg 600w, https:\/\/planete-urgence.org\/wp-content\/uploads\/2023\/06\/apiculture-au-Benin-300x300.jpg 300w, https:\/\/planete-urgence.org\/wp-content\/uploads\/2023\/06\/apiculture-au-Benin-150x150.jpg 150w\" sizes=\"auto, (max-width: 600px) 100vw, 600px\" \/><\/p>\n<h4 class=\"title_vert\">Beekeeping<\/h4>\n<p>in Benin helps to create forest guardians whose honey quality depends on the good health of the forests, farming activities and the limited use of fertilisers.<\/p>\n    <\/div>\n   <\/div>\n   <div class=\"mb-3 mb-sm-0 col-sm-4 colonne colonne2\">\n    <div class=\"colonne_inner  text-left\">\n<p><img loading=\"lazy\" decoding=\"async\" class=\"alignnone wp-image-37311 size-full\" src=\"https:\/\/planete-urgence.org\/wp-content\/uploads\/2024\/02\/Design-sans-titre-14.jpg\" alt=\"\" width=\"600\" height=\"600\" srcset=\"https:\/\/planete-urgence.org\/wp-content\/uploads\/2024\/02\/Design-sans-titre-14.jpg 600w, https:\/\/planete-urgence.org\/wp-content\/uploads\/2024\/02\/Design-sans-titre-14-300x300.jpg 300w, https:\/\/planete-urgence.org\/wp-content\/uploads\/2024\/02\/Design-sans-titre-14-150x150.jpg 150w\" sizes=\"auto, (max-width: 600px) 100vw, 600px\" \/><\/p>\n<h4 class=\"title_vert\">Sustainable aquaculture<\/h4>\n<p>in Indonesia has enabled mangrove trees to be reinstated in shrimp and crab beds, as well as reducing the use of fertilisers that are harmful to the environment.<\/p>\n    <\/div>\n   <\/div>\n   <div class=\"col-sm-4 colonne colonne3\">\n    <div class=\"colonne_inner  text-left\">\n<p><img loading=\"lazy\" decoding=\"async\" class=\"alignnone wp-image-37305 size-full\" src=\"https:\/\/planete-urgence.org\/wp-content\/uploads\/2024\/02\/Design-sans-titre-13.jpg\" alt=\"\" width=\"600\" height=\"600\" srcset=\"https:\/\/planete-urgence.org\/wp-content\/uploads\/2024\/02\/Design-sans-titre-13.jpg 600w, https:\/\/planete-urgence.org\/wp-content\/uploads\/2024\/02\/Design-sans-titre-13-300x300.jpg 300w, https:\/\/planete-urgence.org\/wp-content\/uploads\/2024\/02\/Design-sans-titre-13-150x150.jpg 150w\" sizes=\"auto, (max-width: 600px) 100vw, 600px\" \/><\/p>\n<h4 class=\"title_vert\">Silkworm rearing<\/h4>\n<p>is an ancestral practice in the Tapia forests of Madagascar, the tree being the sole host of the &#8220;landibe&#8221; which feeds on its leaves, recreating a silk cocoon activity implies for the populations better protecting these forests.<\/p>\n    <\/div>\n   <\/div>\n  <\/div>\n\n <\/div>\n<\/div>\n\n\n<div id=\"field_powca00448a2ac74723\" class=\"container-fluid px-0 flexible_section block_cards\">\n <div id=\"field_powca00448a2ac74723_inner\" class=\"container flexible_section_inner\">\n\n  <div class=\"row flexible_section_title_container\"><div class=\"col-12 flexible_section_title_col\"><h2 class=\"flexible_section_title mb-5 text-left  black title_rouge \">Benefits of sustainable activities and value chains for forest protection<\/h2><\/div><\/div>\n  <div class=\"row row-cols-lg-4 row-cols-md-2 row-cols-sm-1 flexible_section_content\">\n<div class=\"precards precard_1 col-12 col-sm-6 col-md-3 mb-3\">\n   <div class=\"card card-1  h-100  text-center \">\n    <div class=\"card-header d-flex flex-column  \">    <\/div>\n    <div class=\"card-body  \">\n<div class=\"cardimage Array\"><img decoding=\"async\" class=\"card-img-top\" src=\"https:\/\/planete-urgence.org\/wp-content\/uploads\/2023\/06\/Page-filieres-Interdependance-entre-pop-et-forets.png\" alt=\"\"><\/div>\n     <div class=\"card-text  \"><p><strong>Creating a positive interdependence between people and forests<\/strong><\/p>\n<\/div>\n    <\/div>\n    <div class=\"card-footer  \">\n    <\/div>\n   <\/div>\n<\/div>\n<div class=\"precards precard_2 col-12 col-sm-6 col-md-3 mb-3\">\n   <div class=\"card card-2  h-100  text-center \">\n    <div class=\"card-header d-flex flex-column  \">    <\/div>\n    <div class=\"card-body  \">\n<div class=\"cardimage Array\"><img decoding=\"async\" class=\"card-img-top\" src=\"https:\/\/planete-urgence.org\/wp-content\/uploads\/2023\/06\/Page-filieres-Meilleure-ecoute-des-acteurs-locaux.png\" alt=\"\"><\/div>\n     <div class=\"card-text  \"><p><strong>Greater involvement of local stakeholders in conservation initiatives<\/strong><\/p>\n<\/div>\n    <\/div>\n    <div class=\"card-footer  \">\n    <\/div>\n   <\/div>\n<\/div>\n<div class=\"precards precard_3 col-12 col-sm-6 col-md-3 mb-3\">\n   <div class=\"card card-3  h-100  text-center \">\n    <div class=\"card-header d-flex flex-column  \">    <\/div>\n    <div class=\"card-body  \">\n<div class=\"cardimage Array\"><img decoding=\"async\" class=\"card-img-top\" src=\"https:\/\/planete-urgence.org\/wp-content\/uploads\/2023\/06\/Page-filieres-pratiques-plus-durables.png\" alt=\"\"><\/div>\n     <div class=\"card-text  \"><p><strong>Opportunity for training in more sustainable practices<\/strong><\/p>\n<\/div>\n    <\/div>\n    <div class=\"card-footer  \">\n    <\/div>\n   <\/div>\n<\/div>\n<div class=\"precards precard_4 col-12 col-sm-6 col-md-3 mb-3\">\n   <div class=\"card card-4  h-100  text-center \">\n    <div class=\"card-header d-flex flex-column  \">    <\/div>\n    <div class=\"card-body  \">\n<div class=\"cardimage Array\"><img decoding=\"async\" class=\"card-img-top\" src=\"https:\/\/planete-urgence.org\/wp-content\/uploads\/2023\/06\/Page-filieres-Sol-et-biodiversite.png\" alt=\"\"><\/div>\n     <div class=\"card-text  \"><p><strong>Reduction of inputs harmful to the soil and biodiversity<\/strong><\/p>\n<\/div>\n    <\/div>\n    <div class=\"card-footer  \">\n    <\/div>\n   <\/div>\n<\/div>\n  <\/div>\n <\/div>\n<\/div>\n\n\n<div id=\"field_pow53656b7e13224a5f\" class=\"container-fluid px-0 flexible_section block_columns\">\n <div id=\"field_pow53656b7e13224a5f_inner\" class=\"container flexible_section_inner\">\n\n   <div class=\"row flexible_section_content\">\n\n   <div class=\"mb-3 mb-sm-0 col-sm-6 colonne colonne1\">\n    <div class=\"colonne_inner  text-left\">\n<h2 class=\"title_vert\">Focus on wood energy<\/h2>\n<p>&nbsp;<\/p>\n<p>Wood is referred to as &#8220;wood energy&#8221; when it is used for energy purposes: production of heat, electricity or 2nd generation biofuels after processing. It is the leading source of renewable energy consumed worldwide and the leading source of energy in Africa (70% of uses according to the International Energy Agency), particularly for cooking daily meals, which is essential for the health of the most vulnerable children in particular, even if the smoke released can sometimes be toxic.<\/p>\n<p>Family collection of firewood in rural areas has a limited impact on wood resources, but the urban supply of wood energy is considered to be a major cause of deforestation.<\/p>\n    <\/div>\n   <\/div>\n   <div class=\"col-sm-6 colonne colonne2\">\n    <div class=\"colonne_inner  text-left\">\n<p>In most sub-Saharan African countries, almost all of the wood is harvested from wood resources (FAO, 2017), with less than 5% currently coming from dedicated plantations. The time needed to reconstitute the woody cover cited in the literature ranges from nine to thirty years, but most felling takes place every 7 to 15 years.<\/p>\n<p>The challenge is therefore to work in the major supply basins on projects to encourage more efficient charcoal production by training charcoal makers, appropriate reforestation, and the development and marketing of improved portable and solid cooking stoves, with the close involvement of local entrepreneurs, communities and governments (Le bois, \u00e9nergie de premi\u00e8re n\u00e9cessit\u00e9 en Afrique, G\u00e9rard Madon, 2017).<\/p>\n    <\/div>\n   <\/div>\n  <\/div>\n\n <\/div>\n<\/div>\n\n\n<div id=\"field_powfd57a31bc16140d1\" class=\"container-fluid px-0 flexible_section block_columns\">\n <div id=\"field_powfd57a31bc16140d1_inner\" class=\"container flexible_section_inner\">\n\n  <div class=\"row flexible_section_title_container\"><div class=\"col-12 flexible_section_title_col\"><h2 class=\"flexible_section_title mb-5 text-left  black title_rouge \">Plan\u00e8te Urgence&#8217;s action in the field<\/h2><\/div><\/div>\n   <div class=\"row flexible_section_content\">\n\n   <div class=\"cardactions_outer mb-3 mb-sm-0 col-sm-6 colonne colonne1\">\n    <div class=\"colonne_inner  text-left\">\n<div class=\"ratio_16_9\">\n<p><img loading=\"lazy\" decoding=\"async\" class=\"alignnone wp-image-37291 size-full\" src=\"https:\/\/planete-urgence.org\/wp-content\/uploads\/2024\/02\/reboiseur.png\" alt=\"\" width=\"600\" height=\"450\" srcset=\"https:\/\/planete-urgence.org\/wp-content\/uploads\/2024\/02\/reboiseur.png 600w, https:\/\/planete-urgence.org\/wp-content\/uploads\/2024\/02\/reboiseur-300x225.png 300w\" sizes=\"auto, (max-width: 600px) 100vw, 600px\" \/><\/p>\n<\/div>\n<div class=\"cardactions\">\n<h4 class=\"mt-3\">Madagascar<\/h4>\n<p>35,000 reforesters trained and 50,000 households benefiting from improved cooking methods to develop the wood energy sector<\/p>\n<p><a class=\"redbutton\" href=\"https:\/\/planete-urgence.org\/projet-diabe-developpement-integre-amenagement-et-bois-energie\/\">DIABE Project<\/a>\n<\/div>\n    <\/div>\n   <\/div>\n   <div class=\"cardactions_outer col-sm-6 colonne colonne2\">\n    <div class=\"colonne_inner  text-left\">\n<div class=\"ratio_16_9\">\n<p><img loading=\"lazy\" decoding=\"async\" class=\"alignnone wp-image-37295 size-full\" src=\"https:\/\/planete-urgence.org\/wp-content\/uploads\/2024\/02\/aquacole.png\" alt=\"\" width=\"600\" height=\"450\" srcset=\"https:\/\/planete-urgence.org\/wp-content\/uploads\/2024\/02\/aquacole.png 600w, https:\/\/planete-urgence.org\/wp-content\/uploads\/2024\/02\/aquacole-300x225.png 300w\" sizes=\"auto, (max-width: 600px) 100vw, 600px\" \/><\/p>\n<\/div>\n<div class=\"cardactions\">\n<h4 class=\"mt-3\">Indonesia<\/h4>\n<p>Sustainable aquaculture, village by village, to change practices<\/p>\n<p><a class=\"redbutton\" href=\"https:\/\/planete-urgence.org\/projet-mahakam-restauration-de-mangrove-et-developpement-local\/\">MAHAKAM Project<\/a>\n<\/div>\n    <\/div>\n   <\/div>\n  <\/div>\n\n <\/div>\n<\/div>\n\n\n<div id=\"field_pow632fbbc78a744d48\" class=\"container-fluid px-0 flexible_section block_columns\">\n <div id=\"field_pow632fbbc78a744d48_inner\" class=\"container flexible_section_inner\">\n\n   <div class=\"row flexible_section_content\">\n\n   <div class=\"cardactions_outer mb-3 mb-sm-0 col-sm-6 colonne colonne1\">\n    <div class=\"colonne_inner  text-left\">\n<div class=\"ratio_16_9\">\n<p><img loading=\"lazy\" decoding=\"async\" class=\"alignnone wp-image-37284 size-full\" src=\"https:\/\/planete-urgence.org\/wp-content\/uploads\/2024\/02\/fumage-de-poisson.png\" alt=\"\" width=\"600\" height=\"450\" srcset=\"https:\/\/planete-urgence.org\/wp-content\/uploads\/2024\/02\/fumage-de-poisson.png 600w, https:\/\/planete-urgence.org\/wp-content\/uploads\/2024\/02\/fumage-de-poisson-300x225.png 300w\" sizes=\"auto, (max-width: 600px) 100vw, 600px\" \/><\/p>\n<\/div>\n<div class=\"cardactions\">\n<h4 class=\"mt-3\">Cameroon<\/h4>\n<p>Alternatives to smoking fish with mangrove wood<\/p>\n<p><a class=\"redbutton\" href=\"https:\/\/planete-urgence.org\/projet-camerr-cameroon-mangrove-ecosystem-restoration-and-resilience\/\">CAMERR Project<\/a>\n<\/div>\n    <\/div>\n   <\/div>\n   <div class=\"cardactions_outer col-sm-6 colonne colonne2\">\n    <div class=\"colonne_inner  text-left\">\n<div class=\"ratio_16_9\">\n<p><img loading=\"lazy\" decoding=\"async\" class=\"alignnone wp-image-37274 size-full\" src=\"https:\/\/planete-urgence.org\/wp-content\/uploads\/2024\/02\/Miel-Benin.png\" alt=\"\" width=\"600\" height=\"450\" srcset=\"https:\/\/planete-urgence.org\/wp-content\/uploads\/2024\/02\/Miel-Benin.png 600w, https:\/\/planete-urgence.org\/wp-content\/uploads\/2024\/02\/Miel-Benin-300x225.png 300w\" sizes=\"auto, (max-width: 600px) 100vw, 600px\" \/><\/p>\n<\/div>\n<div class=\"cardactions\">\n<h4 class=\"mt-3\">Benin<\/h4>\n<p>Bees as guardians of sacred forests<\/p>\n<p><a class=\"redbutton\" href=\"https:\/\/planete-urgence.org\/projet-gapadou-gestion-durable-des-forets-sacrees-et-renforcement-de-la-resilience-des-communautes-locales\/\">GAPADOU Project<\/a>\n<\/div>\n    <\/div>\n   <\/div>\n  <\/div>\n\n <\/div>\n<\/div>\n\n\n<div id=\"field_powadf7111fc7464903\" class=\"container-fluid px-0 flexible_section block_columns\">\n <div id=\"field_powadf7111fc7464903_inner\" class=\"container flexible_section_inner\">\n\n   <div class=\"row flexible_section_content\">\n\n   <div class=\"col-sm-12 colonne colonne1\">\n    <div class=\"colonne_inner  text-center\">\n<p><a class=\"redbutton h3\" href=\"https:\/\/planete-urgence.don-en-ligne.fr\/soutien\/~mon-don\">Support our actions<\/a><\/p>\n    <\/div>\n   <\/div>\n  <\/div>\n\n <\/div>\n<\/div>\n","protected":false},"excerpt":{"rendered":"<p>Around 80% of global deforestation is linked to agriculture, whether industrialised (32%) or family farming (68%). This means that we cannot work on the conservation and restoration of forest ecosystems without taking into account the economic activities linked to them. <\/p>\n","protected":false},"author":1,"featured_media":0,"parent":0,"menu_order":0,"comment_status":"closed","ping_status":"closed","template":"","meta":{"_acf_changed":false,"inline_featured_image":false,"footnotes":""},"class_list":["post-41422","page","type-page","status-publish","hentry"],"acf":[],"yoast_head":"<!-- This site is optimized with the Yoast SEO plugin v27.5 - https:\/\/yoast.com\/product\/yoast-seo-wordpress\/ -->\n<title>Agricultural and wood-energy sectors - Plan\u00e8te Urgence<\/title>\n<meta name=\"description\" content=\"Around 80% of global deforestation is linked to agriculture, whether industrialised (32%) or family farming (68%). This means that we cannot work on the conservation and restoration of forest ecosystems without taking into account the economic activities linked to them.\" \/>\n<meta name=\"robots\" content=\"index, follow, max-snippet:-1, max-image-preview:large, max-video-preview:-1\" \/>\n<link rel=\"canonical\" href=\"https:\/\/planete-urgence.org\/en\/agricultural-and-wood-energy-sectors\/\" \/>\n<meta property=\"og:locale\" content=\"en_US\" \/>\n<meta property=\"og:type\" content=\"article\" \/>\n<meta property=\"og:title\" content=\"Agricultural and wood-energy sectors - Plan\u00e8te Urgence\" \/>\n<meta property=\"og:description\" content=\"Around 80% of global deforestation is linked to agriculture, whether industrialised (32%) or family farming (68%). This means that we cannot work on the conservation and restoration of forest ecosystems without taking into account the economic activities linked to them.\" \/>\n<meta property=\"og:url\" content=\"https:\/\/planete-urgence.org\/en\/agricultural-and-wood-energy-sectors\/\" \/>\n<meta property=\"og:site_name\" content=\"Plan\u00e8te Urgence\" \/>\n<meta property=\"article:publisher\" content=\"https:\/\/www.facebook.com\/planete.urgence\/\" \/>\n<meta property=\"article:modified_time\" content=\"2024-06-23T19:05:41+00:00\" \/>\n<meta name=\"twitter:card\" content=\"summary_large_image\" \/>\n<meta name=\"twitter:site\" content=\"@PlaneteUrgence\" \/>\n<meta name=\"twitter:label1\" content=\"Est. reading time\" \/>\n\t<meta name=\"twitter:data1\" content=\"6 minutes\" \/>\n<script type=\"application\/ld+json\" class=\"yoast-schema-graph\">{\"@context\":\"https:\\\/\\\/schema.org\",\"@graph\":[{\"@type\":\"WebPage\",\"@id\":\"https:\\\/\\\/planete-urgence.org\\\/en\\\/agricultural-and-wood-energy-sectors\\\/\",\"url\":\"https:\\\/\\\/planete-urgence.org\\\/en\\\/agricultural-and-wood-energy-sectors\\\/\",\"name\":\"Agricultural and wood-energy sectors - Plan\u00e8te Urgence\",\"isPartOf\":{\"@id\":\"https:\\\/\\\/planete-urgence.org\\\/en\\\/#website\"},\"datePublished\":\"2024-02-17T20:59:13+00:00\",\"dateModified\":\"2024-06-23T19:05:41+00:00\",\"description\":\"Around 80% of global deforestation is linked to agriculture, whether industrialised (32%) or family farming (68%). This means that we cannot work on the conservation and restoration of forest ecosystems without taking into account the economic activities linked to them.\",\"breadcrumb\":{\"@id\":\"https:\\\/\\\/planete-urgence.org\\\/en\\\/agricultural-and-wood-energy-sectors\\\/#breadcrumb\"},\"inLanguage\":\"en-US\",\"potentialAction\":[{\"@type\":\"ReadAction\",\"target\":[\"https:\\\/\\\/planete-urgence.org\\\/en\\\/agricultural-and-wood-energy-sectors\\\/\"]}]},{\"@type\":\"BreadcrumbList\",\"@id\":\"https:\\\/\\\/planete-urgence.org\\\/en\\\/agricultural-and-wood-energy-sectors\\\/#breadcrumb\",\"itemListElement\":[{\"@type\":\"ListItem\",\"position\":1,\"name\":\"Accueil\",\"item\":\"https:\\\/\\\/planete-urgence.org\\\/en\\\/\"},{\"@type\":\"ListItem\",\"position\":2,\"name\":\"Agricultural and wood-energy sectors\"}]},{\"@type\":\"WebSite\",\"@id\":\"https:\\\/\\\/planete-urgence.org\\\/en\\\/#website\",\"url\":\"https:\\\/\\\/planete-urgence.org\\\/en\\\/\",\"name\":\"Plan\u00e8te Urgence\",\"description\":\"Volontariat &amp; d\u00e9veloppement\",\"publisher\":{\"@id\":\"https:\\\/\\\/planete-urgence.org\\\/en\\\/#organization\"},\"potentialAction\":[{\"@type\":\"SearchAction\",\"target\":{\"@type\":\"EntryPoint\",\"urlTemplate\":\"https:\\\/\\\/planete-urgence.org\\\/en\\\/?s={search_term_string}\"},\"query-input\":{\"@type\":\"PropertyValueSpecification\",\"valueRequired\":true,\"valueName\":\"search_term_string\"}}],\"inLanguage\":\"en-US\"},{\"@type\":\"Organization\",\"@id\":\"https:\\\/\\\/planete-urgence.org\\\/en\\\/#organization\",\"name\":\"Plan\u00e8te Urgence\",\"url\":\"https:\\\/\\\/planete-urgence.org\\\/en\\\/\",\"logo\":{\"@type\":\"ImageObject\",\"inLanguage\":\"en-US\",\"@id\":\"https:\\\/\\\/planete-urgence.org\\\/en\\\/#\\\/schema\\\/logo\\\/image\\\/\",\"url\":\"https:\\\/\\\/planete-urgence.org\\\/wp-content\\\/uploads\\\/2021\\\/03\\\/logo-pu.png\",\"contentUrl\":\"https:\\\/\\\/planete-urgence.org\\\/wp-content\\\/uploads\\\/2021\\\/03\\\/logo-pu.png\",\"width\":187,\"height\":120,\"caption\":\"Plan\u00e8te Urgence\"},\"image\":{\"@id\":\"https:\\\/\\\/planete-urgence.org\\\/en\\\/#\\\/schema\\\/logo\\\/image\\\/\"},\"sameAs\":[\"https:\\\/\\\/www.facebook.com\\\/planete.urgence\\\/\",\"https:\\\/\\\/x.com\\\/PlaneteUrgence\"]}]}<\/script>\n<!-- \/ Yoast SEO plugin. -->","yoast_head_json":{"title":"Agricultural and wood-energy sectors - Plan\u00e8te Urgence","description":"Around 80% of global deforestation is linked to agriculture, whether industrialised (32%) or family farming (68%). This means that we cannot work on the conservation and restoration of forest ecosystems without taking into account the economic activities linked to them.","robots":{"index":"index","follow":"follow","max-snippet":"max-snippet:-1","max-image-preview":"max-image-preview:large","max-video-preview":"max-video-preview:-1"},"canonical":"https:\/\/planete-urgence.org\/en\/agricultural-and-wood-energy-sectors\/","og_locale":"en_US","og_type":"article","og_title":"Agricultural and wood-energy sectors - Plan\u00e8te Urgence","og_description":"Around 80% of global deforestation is linked to agriculture, whether industrialised (32%) or family farming (68%). This means that we cannot work on the conservation and restoration of forest ecosystems without taking into account the economic activities linked to them.","og_url":"https:\/\/planete-urgence.org\/en\/agricultural-and-wood-energy-sectors\/","og_site_name":"Plan\u00e8te Urgence","article_publisher":"https:\/\/www.facebook.com\/planete.urgence\/","article_modified_time":"2024-06-23T19:05:41+00:00","twitter_card":"summary_large_image","twitter_site":"@PlaneteUrgence","twitter_misc":{"Est. reading time":"6 minutes"},"schema":{"@context":"https:\/\/schema.org","@graph":[{"@type":"WebPage","@id":"https:\/\/planete-urgence.org\/en\/agricultural-and-wood-energy-sectors\/","url":"https:\/\/planete-urgence.org\/en\/agricultural-and-wood-energy-sectors\/","name":"Agricultural and wood-energy sectors - Plan\u00e8te Urgence","isPartOf":{"@id":"https:\/\/planete-urgence.org\/en\/#website"},"datePublished":"2024-02-17T20:59:13+00:00","dateModified":"2024-06-23T19:05:41+00:00","description":"Around 80% of global deforestation is linked to agriculture, whether industrialised (32%) or family farming (68%). This means that we cannot work on the conservation and restoration of forest ecosystems without taking into account the economic activities linked to them.","breadcrumb":{"@id":"https:\/\/planete-urgence.org\/en\/agricultural-and-wood-energy-sectors\/#breadcrumb"},"inLanguage":"en-US","potentialAction":[{"@type":"ReadAction","target":["https:\/\/planete-urgence.org\/en\/agricultural-and-wood-energy-sectors\/"]}]},{"@type":"BreadcrumbList","@id":"https:\/\/planete-urgence.org\/en\/agricultural-and-wood-energy-sectors\/#breadcrumb","itemListElement":[{"@type":"ListItem","position":1,"name":"Accueil","item":"https:\/\/planete-urgence.org\/en\/"},{"@type":"ListItem","position":2,"name":"Agricultural and wood-energy sectors"}]},{"@type":"WebSite","@id":"https:\/\/planete-urgence.org\/en\/#website","url":"https:\/\/planete-urgence.org\/en\/","name":"Plan\u00e8te Urgence","description":"Volontariat &amp; d\u00e9veloppement","publisher":{"@id":"https:\/\/planete-urgence.org\/en\/#organization"},"potentialAction":[{"@type":"SearchAction","target":{"@type":"EntryPoint","urlTemplate":"https:\/\/planete-urgence.org\/en\/?s={search_term_string}"},"query-input":{"@type":"PropertyValueSpecification","valueRequired":true,"valueName":"search_term_string"}}],"inLanguage":"en-US"},{"@type":"Organization","@id":"https:\/\/planete-urgence.org\/en\/#organization","name":"Plan\u00e8te Urgence","url":"https:\/\/planete-urgence.org\/en\/","logo":{"@type":"ImageObject","inLanguage":"en-US","@id":"https:\/\/planete-urgence.org\/en\/#\/schema\/logo\/image\/","url":"https:\/\/planete-urgence.org\/wp-content\/uploads\/2021\/03\/logo-pu.png","contentUrl":"https:\/\/planete-urgence.org\/wp-content\/uploads\/2021\/03\/logo-pu.png","width":187,"height":120,"caption":"Plan\u00e8te Urgence"},"image":{"@id":"https:\/\/planete-urgence.org\/en\/#\/schema\/logo\/image\/"},"sameAs":["https:\/\/www.facebook.com\/planete.urgence\/","https:\/\/x.com\/PlaneteUrgence"]}]}},"_links":{"self":[{"href":"https:\/\/planete-urgence.org\/en\/wp-json\/wp\/v2\/pages\/41422","targetHints":{"allow":["GET"]}}],"collection":[{"href":"https:\/\/planete-urgence.org\/en\/wp-json\/wp\/v2\/pages"}],"about":[{"href":"https:\/\/planete-urgence.org\/en\/wp-json\/wp\/v2\/types\/page"}],"author":[{"embeddable":true,"href":"https:\/\/planete-urgence.org\/en\/wp-json\/wp\/v2\/users\/1"}],"replies":[{"embeddable":true,"href":"https:\/\/planete-urgence.org\/en\/wp-json\/wp\/v2\/comments?post=41422"}],"version-history":[{"count":1,"href":"https:\/\/planete-urgence.org\/en\/wp-json\/wp\/v2\/pages\/41422\/revisions"}],"predecessor-version":[{"id":41424,"href":"https:\/\/planete-urgence.org\/en\/wp-json\/wp\/v2\/pages\/41422\/revisions\/41424"}],"wp:attachment":[{"href":"https:\/\/planete-urgence.org\/en\/wp-json\/wp\/v2\/media?parent=41422"}],"curies":[{"name":"wp","href":"https:\/\/api.w.org\/{rel}","templated":true}]}}