{"id":41271,"date":"2023-06-06T11:24:36","date_gmt":"2023-06-06T09:24:36","guid":{"rendered":"https:\/\/planete-urgence.org\/preserver-les-forets-et-la-biodiversite-en-danger\/"},"modified":"2024-06-13T21:58:00","modified_gmt":"2024-06-13T19:58:00","slug":"preserving-endangered-forests-and-biodiversity","status":"publish","type":"page","link":"https:\/\/planete-urgence.org\/en\/preserving-endangered-forests-and-biodiversity\/","title":{"rendered":"Preserving endangered forests and biodiversity"},"content":{"rendered":"<div id=\"field_62c7f121be5a1\" class=\"container-fluid px-0 flexible_section page_tetiere block_hero\">\n  <div id=\"hero_62c7f121be5a1\" class=\"hero_container px-0\">\n   <div class=\"hero_image_outer\">\n<picture class=\"skip-lazy\">\r\n\t\t\t\t\t<source srcset=\"https:\/\/planete-urgence.org\/wp-content\/uploads\/2021\/04\/lukasz-szmigiel-foret-visuel.jpg\" media=\"(min-width: 578px)\" class=\"skip-lazy\">\r\n\t\t\t\t\t<img srcset=\"https:\/\/planete-urgence.org\/wp-content\/uploads\/2021\/04\/lukasz-szmigiel-foret-visuel.jpg\" alt=\"\" class=\"heroimage \" \/>\r\n\t\t\t\t<\/picture>   <\/div>\n   <div class=\"hero_content p-3 text-center\" id=\"herocontent_62c7f121be5a1\">\t\t<div id=\"fieldcontent_62c7f121be5a1_inner\"><h3>Our actions<\/h3>\n<h1 class=\"titlepage\" style=\"text-align: left\">Preserving endangered forests and biodiversity<\/h1>\n<\/div>   <\/div>\n  <\/div>\n<\/div>\n\n\n<div id=\"field_62c7f2cb50947\" class=\"container-fluid px-0 flexible_section block_columns\">\n <div id=\"field_62c7f2cb50947_inner\" class=\"container flexible_section_inner\">\n\n  <div class=\"row flexible_section_title_container\"><div class=\"col-12 flexible_section_title_col\"><h2 class=\"flexible_section_title mb-5 text-center  \">Why do we need to take action ?<\/h2><\/div><\/div>\n   <div class=\"row flexible_section_content\">\n\n   <div class=\"mb-3 mb-sm-0 col-sm-6 colonne colonne1\">\n    <div class=\"colonne_inner text-left d-flex align-items-center justify-content-start\">\n    <div class=\"colonne_inner_sub p-3\">\n<h4 class=\"title_vert\">Forests &#8211; both natural and planted &#8211; cover around 30% of the Earth&#8217;s land surface.<\/h4>\n    <\/div>\n    <\/div>\n   <\/div>\n   <div class=\"col-sm-6 colonne colonne2\">\n    <div class=\"colonne_inner  text-left\">\n<p>However, the global area of primary forests has been reduced by more than 80 million hectares since 1990.<\/p>\n<p>These forests suffer from a variety of stresses: expansion of farmland and livestock farming, extension of infrastructures, fires, pests, diseases, invasive species, drought and damaging climatic events (FAO, 2020), but the greatest threat to the world&#8217;s forests today is still the development of small-scale agriculture (68% of deforestation is linked to small-scale agriculture, 40% of which is for crops and 28% for grazing, according to a study (FAO 2023).<\/p>\n    <\/div>\n   <\/div>\n  <\/div>\n\n <\/div>\n<\/div>\n\n\n<div id=\"field_647dff2d1f685\" class=\"container-fluid px-0 flexible_section block_columns\">\n <div id=\"field_647dff2d1f685_inner\" class=\"container flexible_section_inner\">\n\n   <div class=\"row flexible_section_content\">\n\n   <div class=\"bg-gris mb-3 mb-sm-0 col-sm-6 colonne colonne1\">\n    <div class=\"colonne_inner text-left d-flex align-items-center justify-content-start\">\n    <div class=\"colonne_inner_sub p-3\">\n<h4 class=\"title_vert\" style=\"text-align: left\"><strong>Forests are essential to climate balance and we must preserve them at all costs!<\/strong><\/h4>\n    <\/div>\n    <\/div>\n   <\/div>\n   <div class=\"col-sm-6 colonne colonne2\">\n    <div class=\"colonne_inner  text-left\">\n<p>Natural forests are essential carbon sinks that play a fundamental role in absorbing CO2. Deforestation therefore has dramatic consequences for people and their environment: it considerably reduces carbon sequestration capacity and also causes an increase in CO2 emissions released when the forest is burnt.<\/p>\n<p>If forests need to be protected, it is also to preserve the irreplaceable biodiversity they harbour, as well as the men and women who depend on them. A third of the world&#8217;s population now uses wood and natural resources from the forest for their vital needs (construction, cooking, heating, income-generating activities in particular).<\/p>\n    <\/div>\n   <\/div>\n  <\/div>\n\n <\/div>\n<\/div>\n\n\n<div id=\"field_647e00954a840\" class=\"container-fluid px-0 flexible_section block_columns\">\n <div id=\"field_647e00954a840_inner\" class=\"container flexible_section_inner\">\n\n  <div class=\"row flexible_section_title_container\"><div class=\"col-12 flexible_section_title_col\"><h2 class=\"flexible_section_title mb-5 text-center  \">Different levers for action<\/h2><\/div><\/div>\n   <div class=\"row flexible_section_content\">\n\n   <div class=\"mb-3 mb-sm-0 col-sm-4 colonne colonne1\">\n    <div class=\"colonne_inner  text-left\">\n<p><img loading=\"lazy\" decoding=\"async\" class=\"alignnone size-full wp-image-39099\" src=\"https:\/\/planete-urgence.org\/wp-content\/uploads\/2024\/04\/Conserver.jpg\" alt=\"\" width=\"400\" height=\"400\" srcset=\"https:\/\/planete-urgence.org\/wp-content\/uploads\/2024\/04\/Conserver.jpg 400w, https:\/\/planete-urgence.org\/wp-content\/uploads\/2024\/04\/Conserver-300x300.jpg 300w, https:\/\/planete-urgence.org\/wp-content\/uploads\/2024\/04\/Conserver-150x150.jpg 150w\" sizes=\"auto, (max-width: 400px) 100vw, 400px\" \/><\/p>\n<h4 class=\"title_vert\">Keep<\/h4>\n<p>First and foremost, existing forests need to be protected, which means setting up national parks, community forests or protected areas, as well as involving local communities in conservation.<\/p>\n    <\/div>\n   <\/div>\n   <div class=\"mb-3 mb-sm-0 col-sm-4 colonne colonne2\">\n    <div class=\"colonne_inner  text-left\">\n<p><img loading=\"lazy\" decoding=\"async\" class=\"alignnone size-full wp-image-39103\" src=\"https:\/\/planete-urgence.org\/wp-content\/uploads\/2024\/04\/Enrichir.jpg\" alt=\"\" width=\"400\" height=\"400\" srcset=\"https:\/\/planete-urgence.org\/wp-content\/uploads\/2024\/04\/Enrichir.jpg 400w, https:\/\/planete-urgence.org\/wp-content\/uploads\/2024\/04\/Enrichir-300x300.jpg 300w, https:\/\/planete-urgence.org\/wp-content\/uploads\/2024\/04\/Enrichir-150x150.jpg 150w\" sizes=\"auto, (max-width: 400px) 100vw, 400px\" \/><\/p>\n<h4 class=\"title_vert\">Enriching and regenerating<\/h4>\n<p>When forests have been badly damaged, it is sometimes important to encourage natural regeneration or replant damaged areas.<\/p>\n    <\/div>\n   <\/div>\n   <div class=\"col-sm-4 colonne colonne3\">\n    <div class=\"colonne_inner  text-left\">\n<p><img loading=\"lazy\" decoding=\"async\" class=\"alignnone size-full wp-image-39107\" src=\"https:\/\/planete-urgence.org\/wp-content\/uploads\/2024\/04\/Reforester.jpg\" alt=\"\" width=\"400\" height=\"400\" srcset=\"https:\/\/planete-urgence.org\/wp-content\/uploads\/2024\/04\/Reforester.jpg 400w, https:\/\/planete-urgence.org\/wp-content\/uploads\/2024\/04\/Reforester-300x300.jpg 300w, https:\/\/planete-urgence.org\/wp-content\/uploads\/2024\/04\/Reforester-150x150.jpg 150w\" sizes=\"auto, (max-width: 400px) 100vw, 400px\" \/><\/p>\n<h4 class=\"title_vert\">Reforester<\/h4>\n<p>When natural regeneration is not possible, reforestation is the only solution and aims to create nurseries to replant species adapted to the area and local uses.<\/p>\n    <\/div>\n   <\/div>\n  <\/div>\n\n <\/div>\n<\/div>\n\n\n\n\n\n\n<div id=\"field_pow79e5d1ed9f3b43b6\" class=\"container-fluid px-0 flexible_section block_customhtml\">\n <div id=\"field_pow79e5d1ed9f3b43b6_inner\" class=\"container flexible_section_inner\">\n\n  <div class=\"row flexible_section_title_container\"><div class=\"col-12 flexible_section_title_col\"><h2 class=\"flexible_section_title mb-5 text-left  title_rouge black \">Nos expertises sp\u00e9cifiques<\/h2><\/div><\/div>\n<div class=\"row flexible_section_content\">\n\n   <div class=\"mb-3 mb-sm-0 col-sm-4 colonne colonne1\">\n    <div class=\"colonne_inner text-left linkable\" data-dest=\"https:\/\/planete-urgence.org\/agroforesterie\/\">\n        <div>\n            <img loading=\"lazy\" decoding=\"async\" src=\"https:\/\/planete-urgence.org\/wp-content\/uploads\/2024\/04\/Agroforesterie.jpg\" alt=\"Pr\u00e9server les for\u00eats et la biodiversit\u00e9 en danger\" width=\"600\" height=\"340\" \/>\n            <div class=\"actionsforets_outer d-flex align-items-center\"><a href=\"https:\/\/planete-urgence.org\/agroforesterie\/\" class=\"actionsforets\">Agroforestry<br \/><i class=\"fa-regular fa-square-plus\"><\/i><\/a><\/div>\n        <\/div>\n    <\/div>\n   <\/div>\n   <div class=\"mb-3 mb-sm-0 col-sm-4 colonne colonne2 linkable\" data-dest=\"https:\/\/planete-urgence.org\/mangroves\/\">\n    <div class=\"colonne_inner text-left\">\n       <div>\n            <img loading=\"lazy\" decoding=\"async\" src=\"https:\/\/planete-urgence.org\/wp-content\/uploads\/2024\/04\/mangrove.jpg\" alt=\"Soutenir le d\u00e9veloppement local des communaut\u00e9s\" width=\"600\" height=\"340\" \/>\n            <div class=\"actionsforets_outer d-flex align-items-center\"><a href=\"https:\/\/planete-urgence.org\/mangroves\/\" class=\"actionsforets\">Mangroves<br \/><i class=\"fa-regular fa-square-plus\"><\/i><\/a><\/div>\n        <\/div>\n    <\/div>\n   <\/div>\n   <div class=\"col-sm-4 colonne colonne3 linkable\" data-dest=\"https:\/\/planete-urgence.org\/filieres-agricoles-et-bois-energie\/\">\n    <div class=\"colonne_inner text-left\">\n       <div>\n            <img loading=\"lazy\" decoding=\"async\" src=\"https:\/\/planete-urgence.org\/wp-content\/uploads\/2024\/04\/filieres-agricoles.jpg\" alt=\"Sensibiliser \u00e0 l\u2019environnement\" width=\"600\" height=\"340\" \/>\n            <div class=\"actionsforets_outer d-flex align-items-center\"><a href=\"https:\/\/planete-urgence.org\/filieres-agricoles-et-bois-energie\/\" class=\"actionsforets\">Agricultural and wood-energy sectors<br \/><i class=\"fa-regular fa-square-plus\"><\/i><\/a><\/div>\n        <\/div>\n    <\/div>\n   <\/div>\n \n<\/div> <\/div>\n<\/div>\n\n\n\n\n<div id=\"field_647eed7d356a3\" class=\"container-fluid px-0 flexible_section block_columns\">\n <div id=\"field_647eed7d356a3_inner\" class=\"container flexible_section_inner\">\n\n   <div class=\"row flexible_section_content\">\n\n   <div class=\"mb-3 mb-sm-0 col-sm-6 colonne colonne1\">\n    <div class=\"colonne_inner  text-left\">\n<p>Plan\u00e8te Urgence is involved in a dozen forest preservation and reforestation projects in 5 countries: Benin, Cameroon, Indonesia, Madagascar and Peru.<\/p>\n<p>These countries are among the most deforested in the world and are part of the world&#8217;s largest basins of tropical forests (rainforests and savannahs), which are particularly vulnerable to the effects of climate change.<\/p>\n    <\/div>\n   <\/div>\n   <div class=\"col-sm-6 colonne colonne2\">\n    <div class=\"colonne_inner text-left d-flex align-items-center justify-content-start\">\n    <div class=\"colonne_inner_sub \">\n<p><a class=\"redbutton\" href=\"https:\/\/planete-urgence.org\/nos-projets\/\">Discover our projects<\/a><\/p>\n<p><a class=\"redbutton\" href=\"https:\/\/planete-urgence.org\/missions-volontariat\/\">See our volunteer assignments<\/a><\/p>\n    <\/div>\n    <\/div>\n   <\/div>\n  <\/div>\n\n <\/div>\n<\/div>\n\n\n<div id=\"field_647ef30a528bb\" class=\"container-fluid px-0 flexible_section block_columns\">\n <div id=\"field_647ef30a528bb_inner\" class=\"container flexible_section_inner\">\n\n   <div class=\"row flexible_section_content\">\n\n   <div class=\"p-3 mb-3 mb-sm-0 col-sm-4 colonne colonne1\">\n    <div class=\"colonne_inner p-3 text-left\">\n<h2 class=\"title_rouge\"><span style=\"color: #000000\">To find out more<\/span><\/h2>\n    <\/div>\n   <\/div>\n   <div class=\"p-3 col-sm-8 colonne colonne2\">\n    <div class=\"colonne_inner p-3 text-left\">\n<p><img loading=\"lazy\" decoding=\"async\" class=\"mr-3 mb-3 alignleft wp-image-39148 size-medium\" src=\"https:\/\/planete-urgence.org\/wp-content\/uploads\/2024\/04\/Page-de-couverture-livret-nos-forets-vivantes-212x300.jpg\" alt=\"\" width=\"212\" height=\"300\" srcset=\"https:\/\/planete-urgence.org\/wp-content\/uploads\/2024\/04\/Page-de-couverture-livret-nos-forets-vivantes-212x300.jpg 212w, https:\/\/planete-urgence.org\/wp-content\/uploads\/2024\/04\/Page-de-couverture-livret-nos-forets-vivantes.jpg 300w\" sizes=\"auto, (max-width: 212px) 100vw, 212px\" \/><\/p>\n<p>&nbsp;<\/p>\n<p>&nbsp;<\/p>\n<p>&#8220;Our living forests&#8221;, our collection of articles on the importance of forests<\/p>\n<p><a class=\"redbutton\" href=\"https:\/\/planete-urgence.org\/wp-content\/uploads\/2023\/06\/Nos-Forets-Vivantes.pdf\">Discover<\/a><\/p>\n<p>&nbsp;<\/p>\n    <\/div>\n   <\/div>\n  <\/div>\n\n <\/div>\n<\/div>\n","protected":false},"excerpt":{"rendered":"<p>Natural forests are essential carbon sinks that play a fundamental role in absorbing CO2. <\/p>\n","protected":false},"author":7,"featured_media":0,"parent":0,"menu_order":0,"comment_status":"closed","ping_status":"closed","template":"","meta":{"_acf_changed":false,"inline_featured_image":false,"footnotes":""},"class_list":["post-41271","page","type-page","status-publish","hentry"],"acf":[],"yoast_head":"<!-- This site is optimized with the Yoast SEO plugin v27.4 - https:\/\/yoast.com\/product\/yoast-seo-wordpress\/ -->\n<title>Preserving endangered forests and biodiversity - Plan\u00e8te Urgence<\/title>\n<meta name=\"description\" content=\"Natural forests are essential carbon sinks that play a fundamental role in absorbing CO2. Les for\u00eats couvrent environ 30% des terres \u00e9merg\u00e9es. Cependant, la superficie mondiale des for\u00eats primaires a \u00e9t\u00e9 r\u00e9duite de plus de 80 millions d\u2019hectares depuis 1990.\" \/>\n<meta name=\"robots\" content=\"index, follow, max-snippet:-1, max-image-preview:large, max-video-preview:-1\" \/>\n<link rel=\"canonical\" href=\"https:\/\/planete-urgence.org\/en\/preserving-endangered-forests-and-biodiversity\/\" \/>\n<meta property=\"og:locale\" content=\"en_US\" \/>\n<meta property=\"og:type\" content=\"article\" \/>\n<meta property=\"og:title\" content=\"Preserving endangered forests and biodiversity - Plan\u00e8te Urgence\" \/>\n<meta property=\"og:description\" content=\"Natural forests are essential carbon sinks that play a fundamental role in absorbing CO2. Les for\u00eats couvrent environ 30% des terres \u00e9merg\u00e9es. Cependant, la superficie mondiale des for\u00eats primaires a \u00e9t\u00e9 r\u00e9duite de plus de 80 millions d\u2019hectares depuis 1990.\" \/>\n<meta property=\"og:url\" content=\"https:\/\/planete-urgence.org\/en\/preserving-endangered-forests-and-biodiversity\/\" \/>\n<meta property=\"og:site_name\" content=\"Plan\u00e8te Urgence\" \/>\n<meta property=\"article:publisher\" content=\"https:\/\/www.facebook.com\/planete.urgence\/\" \/>\n<meta property=\"article:modified_time\" content=\"2024-06-13T19:58:00+00:00\" \/>\n<meta name=\"twitter:card\" content=\"summary_large_image\" \/>\n<meta name=\"twitter:site\" content=\"@PlaneteUrgence\" \/>\n<meta name=\"twitter:label1\" content=\"Est. reading time\" \/>\n\t<meta name=\"twitter:data1\" content=\"5 minutes\" \/>\n<script type=\"application\/ld+json\" class=\"yoast-schema-graph\">{\"@context\":\"https:\\\/\\\/schema.org\",\"@graph\":[{\"@type\":\"WebPage\",\"@id\":\"https:\\\/\\\/planete-urgence.org\\\/en\\\/preserving-endangered-forests-and-biodiversity\\\/\",\"url\":\"https:\\\/\\\/planete-urgence.org\\\/en\\\/preserving-endangered-forests-and-biodiversity\\\/\",\"name\":\"Preserving endangered forests and biodiversity - Plan\u00e8te Urgence\",\"isPartOf\":{\"@id\":\"https:\\\/\\\/planete-urgence.org\\\/en\\\/#website\"},\"datePublished\":\"2023-06-06T09:24:36+00:00\",\"dateModified\":\"2024-06-13T19:58:00+00:00\",\"description\":\"Natural forests are essential carbon sinks that play a fundamental role in absorbing CO2. Les for\u00eats couvrent environ 30% des terres \u00e9merg\u00e9es. Cependant, la superficie mondiale des for\u00eats primaires a \u00e9t\u00e9 r\u00e9duite de plus de 80 millions d\u2019hectares depuis 1990.\",\"breadcrumb\":{\"@id\":\"https:\\\/\\\/planete-urgence.org\\\/en\\\/preserving-endangered-forests-and-biodiversity\\\/#breadcrumb\"},\"inLanguage\":\"en-US\",\"potentialAction\":[{\"@type\":\"ReadAction\",\"target\":[\"https:\\\/\\\/planete-urgence.org\\\/en\\\/preserving-endangered-forests-and-biodiversity\\\/\"]}]},{\"@type\":\"BreadcrumbList\",\"@id\":\"https:\\\/\\\/planete-urgence.org\\\/en\\\/preserving-endangered-forests-and-biodiversity\\\/#breadcrumb\",\"itemListElement\":[{\"@type\":\"ListItem\",\"position\":1,\"name\":\"Accueil\",\"item\":\"https:\\\/\\\/planete-urgence.org\\\/en\\\/\"},{\"@type\":\"ListItem\",\"position\":2,\"name\":\"Preserving endangered forests and biodiversity\"}]},{\"@type\":\"WebSite\",\"@id\":\"https:\\\/\\\/planete-urgence.org\\\/en\\\/#website\",\"url\":\"https:\\\/\\\/planete-urgence.org\\\/en\\\/\",\"name\":\"Plan\u00e8te Urgence\",\"description\":\"Volontariat &amp; d\u00e9veloppement\",\"publisher\":{\"@id\":\"https:\\\/\\\/planete-urgence.org\\\/en\\\/#organization\"},\"potentialAction\":[{\"@type\":\"SearchAction\",\"target\":{\"@type\":\"EntryPoint\",\"urlTemplate\":\"https:\\\/\\\/planete-urgence.org\\\/en\\\/?s={search_term_string}\"},\"query-input\":{\"@type\":\"PropertyValueSpecification\",\"valueRequired\":true,\"valueName\":\"search_term_string\"}}],\"inLanguage\":\"en-US\"},{\"@type\":\"Organization\",\"@id\":\"https:\\\/\\\/planete-urgence.org\\\/en\\\/#organization\",\"name\":\"Plan\u00e8te Urgence\",\"url\":\"https:\\\/\\\/planete-urgence.org\\\/en\\\/\",\"logo\":{\"@type\":\"ImageObject\",\"inLanguage\":\"en-US\",\"@id\":\"https:\\\/\\\/planete-urgence.org\\\/en\\\/#\\\/schema\\\/logo\\\/image\\\/\",\"url\":\"https:\\\/\\\/planete-urgence.org\\\/wp-content\\\/uploads\\\/2021\\\/03\\\/logo-pu.png\",\"contentUrl\":\"https:\\\/\\\/planete-urgence.org\\\/wp-content\\\/uploads\\\/2021\\\/03\\\/logo-pu.png\",\"width\":187,\"height\":120,\"caption\":\"Plan\u00e8te Urgence\"},\"image\":{\"@id\":\"https:\\\/\\\/planete-urgence.org\\\/en\\\/#\\\/schema\\\/logo\\\/image\\\/\"},\"sameAs\":[\"https:\\\/\\\/www.facebook.com\\\/planete.urgence\\\/\",\"https:\\\/\\\/x.com\\\/PlaneteUrgence\"]}]}<\/script>\n<!-- \/ Yoast SEO plugin. -->","yoast_head_json":{"title":"Preserving endangered forests and biodiversity - Plan\u00e8te Urgence","description":"Natural forests are essential carbon sinks that play a fundamental role in absorbing CO2. Les for\u00eats couvrent environ 30% des terres \u00e9merg\u00e9es. Cependant, la superficie mondiale des for\u00eats primaires a \u00e9t\u00e9 r\u00e9duite de plus de 80 millions d\u2019hectares depuis 1990.","robots":{"index":"index","follow":"follow","max-snippet":"max-snippet:-1","max-image-preview":"max-image-preview:large","max-video-preview":"max-video-preview:-1"},"canonical":"https:\/\/planete-urgence.org\/en\/preserving-endangered-forests-and-biodiversity\/","og_locale":"en_US","og_type":"article","og_title":"Preserving endangered forests and biodiversity - Plan\u00e8te Urgence","og_description":"Natural forests are essential carbon sinks that play a fundamental role in absorbing CO2. Les for\u00eats couvrent environ 30% des terres \u00e9merg\u00e9es. Cependant, la superficie mondiale des for\u00eats primaires a \u00e9t\u00e9 r\u00e9duite de plus de 80 millions d\u2019hectares depuis 1990.","og_url":"https:\/\/planete-urgence.org\/en\/preserving-endangered-forests-and-biodiversity\/","og_site_name":"Plan\u00e8te Urgence","article_publisher":"https:\/\/www.facebook.com\/planete.urgence\/","article_modified_time":"2024-06-13T19:58:00+00:00","twitter_card":"summary_large_image","twitter_site":"@PlaneteUrgence","twitter_misc":{"Est. reading time":"5 minutes"},"schema":{"@context":"https:\/\/schema.org","@graph":[{"@type":"WebPage","@id":"https:\/\/planete-urgence.org\/en\/preserving-endangered-forests-and-biodiversity\/","url":"https:\/\/planete-urgence.org\/en\/preserving-endangered-forests-and-biodiversity\/","name":"Preserving endangered forests and biodiversity - Plan\u00e8te Urgence","isPartOf":{"@id":"https:\/\/planete-urgence.org\/en\/#website"},"datePublished":"2023-06-06T09:24:36+00:00","dateModified":"2024-06-13T19:58:00+00:00","description":"Natural forests are essential carbon sinks that play a fundamental role in absorbing CO2. Les for\u00eats couvrent environ 30% des terres \u00e9merg\u00e9es. Cependant, la superficie mondiale des for\u00eats primaires a \u00e9t\u00e9 r\u00e9duite de plus de 80 millions d\u2019hectares depuis 1990.","breadcrumb":{"@id":"https:\/\/planete-urgence.org\/en\/preserving-endangered-forests-and-biodiversity\/#breadcrumb"},"inLanguage":"en-US","potentialAction":[{"@type":"ReadAction","target":["https:\/\/planete-urgence.org\/en\/preserving-endangered-forests-and-biodiversity\/"]}]},{"@type":"BreadcrumbList","@id":"https:\/\/planete-urgence.org\/en\/preserving-endangered-forests-and-biodiversity\/#breadcrumb","itemListElement":[{"@type":"ListItem","position":1,"name":"Accueil","item":"https:\/\/planete-urgence.org\/en\/"},{"@type":"ListItem","position":2,"name":"Preserving endangered forests and biodiversity"}]},{"@type":"WebSite","@id":"https:\/\/planete-urgence.org\/en\/#website","url":"https:\/\/planete-urgence.org\/en\/","name":"Plan\u00e8te Urgence","description":"Volontariat &amp; d\u00e9veloppement","publisher":{"@id":"https:\/\/planete-urgence.org\/en\/#organization"},"potentialAction":[{"@type":"SearchAction","target":{"@type":"EntryPoint","urlTemplate":"https:\/\/planete-urgence.org\/en\/?s={search_term_string}"},"query-input":{"@type":"PropertyValueSpecification","valueRequired":true,"valueName":"search_term_string"}}],"inLanguage":"en-US"},{"@type":"Organization","@id":"https:\/\/planete-urgence.org\/en\/#organization","name":"Plan\u00e8te Urgence","url":"https:\/\/planete-urgence.org\/en\/","logo":{"@type":"ImageObject","inLanguage":"en-US","@id":"https:\/\/planete-urgence.org\/en\/#\/schema\/logo\/image\/","url":"https:\/\/planete-urgence.org\/wp-content\/uploads\/2021\/03\/logo-pu.png","contentUrl":"https:\/\/planete-urgence.org\/wp-content\/uploads\/2021\/03\/logo-pu.png","width":187,"height":120,"caption":"Plan\u00e8te Urgence"},"image":{"@id":"https:\/\/planete-urgence.org\/en\/#\/schema\/logo\/image\/"},"sameAs":["https:\/\/www.facebook.com\/planete.urgence\/","https:\/\/x.com\/PlaneteUrgence"]}]}},"_links":{"self":[{"href":"https:\/\/planete-urgence.org\/en\/wp-json\/wp\/v2\/pages\/41271","targetHints":{"allow":["GET"]}}],"collection":[{"href":"https:\/\/planete-urgence.org\/en\/wp-json\/wp\/v2\/pages"}],"about":[{"href":"https:\/\/planete-urgence.org\/en\/wp-json\/wp\/v2\/types\/page"}],"author":[{"embeddable":true,"href":"https:\/\/planete-urgence.org\/en\/wp-json\/wp\/v2\/users\/7"}],"replies":[{"embeddable":true,"href":"https:\/\/planete-urgence.org\/en\/wp-json\/wp\/v2\/comments?post=41271"}],"version-history":[{"count":1,"href":"https:\/\/planete-urgence.org\/en\/wp-json\/wp\/v2\/pages\/41271\/revisions"}],"predecessor-version":[{"id":41273,"href":"https:\/\/planete-urgence.org\/en\/wp-json\/wp\/v2\/pages\/41271\/revisions\/41273"}],"wp:attachment":[{"href":"https:\/\/planete-urgence.org\/en\/wp-json\/wp\/v2\/media?parent=41271"}],"curies":[{"name":"wp","href":"https:\/\/api.w.org\/{rel}","templated":true}]}}