{"id":18949,"date":"2022-06-22T21:58:53","date_gmt":"2022-06-22T19:58:53","guid":{"rendered":"https:\/\/planete-urgence.org\/projets-environnement-developpement\/"},"modified":"2024-06-12T21:31:45","modified_gmt":"2024-06-12T19:31:45","slug":"our-projects","status":"publish","type":"page","link":"https:\/\/planete-urgence.org\/en\/our-projects\/","title":{"rendered":"Our projects"},"content":{"rendered":"<div id=\"field_62c842f56f4dd\" class=\"container-fluid px-0 flexible_section page_tetiere block_hero\">\n  <div id=\"hero_62c842f56f4dd\" class=\"hero_container px-0\">\n   <div class=\"hero_image_outer\">\n<picture class=\"skip-lazy\">\r\n\t\t\t\t\t<source srcset=\"https:\/\/planete-urgence.org\/wp-content\/uploads\/2021\/04\/Planting-location_buffer-zone_4-min-scaled-1.jpg\" media=\"(min-width: 578px)\" class=\"skip-lazy\">\r\n\t\t\t\t\t<img srcset=\"https:\/\/planete-urgence.org\/wp-content\/uploads\/2021\/04\/Planting-location_buffer-zone_4-min-scaled-1.jpg\" alt=\"\" class=\"heroimage \" \/>\r\n\t\t\t\t<\/picture>   <\/div>\n   <div class=\"hero_content p-3 text-center\" id=\"herocontent_62c842f56f4dd\">\t\t<div id=\"fieldcontent_62c842f56f4dd_inner\"><h3>Our actions<\/h3>\n<h1 class=\"titlepage\">Projects anchored in key forest areas<\/h1>\n<\/div>   <\/div>\n  <\/div>\n<\/div>\n\n\n<div id=\"field_62c843dd644ad\" class=\"container-fluid px-0 flexible_section block_columns\">\n <div id=\"field_62c843dd644ad_inner\" class=\"container flexible_section_inner\">\n\n   <div class=\"row flexible_section_content\">\n\n   <div class=\"mb-3 mb-sm-0 col-sm-6 colonne colonne1\">\n    <div class=\"colonne_inner  text-left\">\n<p><strong>Each of Plan\u00e8te Urgence&#8217;s projects responds to a specific local ecological, social, economic and territorial context, so they are all unique.<\/strong><\/p>\n<p>All of these projects are made possible thanks to the support of donors and corporate sponsors of Plan\u00e8te Urgence.<\/p>\n    <\/div>\n   <\/div>\n   <div class=\"col-sm-6 colonne colonne2\">\n    <div class=\"colonne_inner  text-left\">\n<p>These donations to Plan\u00e8te Urgence are essential to maintain its activity and finance all the components of its projects to protect endangered forests and biodiversity, with a view to bringing them to a successful conclusion.<\/p>\n    <\/div>\n   <\/div>\n  <\/div>\n\n <\/div>\n<\/div>\n\n\n<div id=\"field_powd1b5c347c3cf4e3f\" class=\"container-fluid px-0 flexible_section block_columns\">\n <div id=\"field_powd1b5c347c3cf4e3f_inner\" class=\"container flexible_section_inner\">\n\n   <div class=\"row flexible_section_content\">\n\n   <div class=\"col-sm-12 colonne colonne1\">\n    <div class=\"colonne_inner  text-center\">\n<p><span class=\"red-button\"><a class=\"redbutton\" href=\"https:\/\/planete-urgence.don-en-ligne.fr\/soutien\/~mon-don\">Make a donation<\/a>\u00a0<a class=\"redbutton\" href=\"https:\/\/planete-urgence.org\/?page_id=2293\">Become a partner<\/a><\/span><\/p>\n    <\/div>\n   <\/div>\n  <\/div>\n\n <\/div>\n<\/div>\n\n\n<div id=\"field_62c7482488bd5\" class=\"container-fluid px-0 flexible_section block_categorygrid\">\n <div id=\"field_62c7482488bd5_inner\" class=\"container flexible_section_inner\">\n\n  <div class=\"row flexible_section_title_container\"><div class=\"col-12 flexible_section_title_col\"><h2 class=\"flexible_section_title mb-5 text-center  \">Our projects<\/h2><\/div><\/div>\n<div class=\"container-fluid px-0\" id=\"grid_62c7482488bd5_outer\">\n<div class=\"container px-0\">\n  <div class=\"row row-cols-1 row-cols-md-2 row-cols-lg-3 flexible_section_content\" id=\"grid_62c7482488bd5\">\n   <div class=\"col-sm-12 col-md-6 col-lg-4  item mb-3 elem-1\">\n<div class=\"projets_col linkable\" data-dest=\"https:\/\/planete-urgence.org\/en\/gapadou-project-sustainable-management-of-sacred-forests-and-strengthening-the-resilience-of-local-communities\/\">\r\n <img decoding=\"async\" src=\"https:\/\/planete-urgence.org\/wp-content\/uploads\/2023\/06\/Site-internet-Apercu-page-GAPADOU-petit-format.jpg\" alt=\"GAPADOU Project | Sustainable management of sacred forests and strengthening the resilience of local communities\" \/>\r\n<div class=\"projets_outer d-flex align-items-center\"><a href=\"https:\/\/planete-urgence.org\/en\/gapadou-project-sustainable-management-of-sacred-forests-and-strengthening-the-resilience-of-local-communities\/\" class=\"projets\"><h4 class=\"gridtitle white\">Sacred forests<\/h4><div class=\"small\">Benin<\/div><i class=\"fa-regular fa-square-plus\"><\/i><\/a><\/div>\r\n<\/div>   <\/div>\n   <div class=\"col-sm-12 col-md-6 col-lg-4  item mb-3 elem-2\">\n<div class=\"projets_col linkable\" data-dest=\"https:\/\/planete-urgence.org\/en\/planete-education-empowering-local-players-to-raise-childrens-awareness-in-madagascar\/\">\r\n <img decoding=\"async\" src=\"https:\/\/planete-urgence.org\/wp-content\/uploads\/2023\/06\/PE-MADAGASCAR-vignette.jpg\" alt=\"Plan\u00e8te \u00c9ducation | Empowering local players to raise children's awareness in Madagascar\" \/>\r\n<div class=\"projets_outer d-flex align-items-center\"><a href=\"https:\/\/planete-urgence.org\/en\/planete-education-empowering-local-players-to-raise-childrens-awareness-in-madagascar\/\" class=\"projets\"><h4 class=\"gridtitle white\">Education and the environment &#8211; Madagascar<\/h4><div class=\"small\">Madagascar <\/div><i class=\"fa-regular fa-square-plus\"><\/i><\/a><\/div>\r\n<\/div>   <\/div>\n   <div class=\"col-sm-12 col-md-6 col-lg-4  item mb-3 elem-3\">\n<div class=\"projets_col linkable\" data-dest=\"https:\/\/planete-urgence.org\/en\/cuiscaf-project-sustainable-shade-grown-coffee-production\/\">\r\n <img decoding=\"async\" src=\"https:\/\/planete-urgence.org\/wp-content\/uploads\/2023\/06\/CUISCAF-vignette.jpg\" alt=\"CUISCAF project | Sustainable shade-grown coffee production\" \/>\r\n<div class=\"projets_outer d-flex align-items-center\"><a href=\"https:\/\/planete-urgence.org\/en\/cuiscaf-project-sustainable-shade-grown-coffee-production\/\" class=\"projets\"><h4 class=\"gridtitle white\">Coffee under the canopy<\/h4><div class=\"small\">Peru<\/div><i class=\"fa-regular fa-square-plus\"><\/i><\/a><\/div>\r\n<\/div>   <\/div>\n   <div class=\"col-sm-12 col-md-6 col-lg-4  item mb-3 elem-4\">\n<div class=\"projets_col linkable\" data-dest=\"https:\/\/planete-urgence.org\/en\/eccozap-project-building-the-capacity-of-cambodian-organisations-to-raise-awareness-and-prevent-zoonoses\/\">\r\n <img decoding=\"async\" src=\"https:\/\/planete-urgence.org\/wp-content\/uploads\/2023\/06\/ECCOZAP-vignette.jpg\" alt=\"ECCOZAP project | Building the capacity of Cambodian organisations to raise awareness and prevent zoonoses\" \/>\r\n<div class=\"projets_outer d-flex align-items-center\"><a href=\"https:\/\/planete-urgence.org\/en\/eccozap-project-building-the-capacity-of-cambodian-organisations-to-raise-awareness-and-prevent-zoonoses\/\" class=\"projets\"><h4 class=\"gridtitle white\">Prevention of zoonoses<\/h4><div class=\"small\">Cambodia<\/div><i class=\"fa-regular fa-square-plus\"><\/i><\/a><\/div>\r\n<\/div>   <\/div>\n   <div class=\"col-sm-12 col-md-6 col-lg-4  item mb-3 elem-5\">\n<div class=\"projets_col linkable\" data-dest=\"https:\/\/planete-urgence.org\/en\/mosotry-project-sustainable-restoration-of-degraded-mangroves-economic-resilience-and-food-security\/\">\r\n <img decoding=\"async\" src=\"https:\/\/planete-urgence.org\/wp-content\/uploads\/2023\/06\/MOSOTRY-vignette.jpg\" alt=\"MOSOTRY Project | Sustainable restoration of degraded mangroves, economic resilience and food security\" \/>\r\n<div class=\"projets_outer d-flex align-items-center\"><a href=\"https:\/\/planete-urgence.org\/en\/mosotry-project-sustainable-restoration-of-degraded-mangroves-economic-resilience-and-food-security\/\" class=\"projets\"><h4 class=\"gridtitle white\">Mangroves and food security<\/h4><div class=\"small\">Madagascar<\/div><i class=\"fa-regular fa-square-plus\"><\/i><\/a><\/div>\r\n<\/div>   <\/div>\n   <div class=\"col-sm-12 col-md-6 col-lg-4  item mb-3 elem-6\">\n<div class=\"projets_col linkable\" data-dest=\"https:\/\/planete-urgence.org\/en\/planete-education-empowering-local-players-to-raise-childrens-awareness-in-benin\/\">\r\n <img decoding=\"async\" src=\"https:\/\/planete-urgence.org\/wp-content\/uploads\/2024\/06\/PE-BENIN-PHOTO-COTE-aspect-ratio-4-3.jpg\" alt=\"Plan\u00e8te \u00c9ducation | Empowering local players to raise children's awareness in Benin\" \/>\r\n<div class=\"projets_outer d-flex align-items-center\"><a href=\"https:\/\/planete-urgence.org\/en\/planete-education-empowering-local-players-to-raise-childrens-awareness-in-benin\/\" class=\"projets\"><h4 class=\"gridtitle white\">Education and environment &#8211; Benin<\/h4><div class=\"small\">Benin<\/div><i class=\"fa-regular fa-square-plus\"><\/i><\/a><\/div>\r\n<\/div>   <\/div>\n   <div class=\"col-sm-12 col-md-6 col-lg-4  item mb-3 elem-7\">\n<div class=\"projets_col linkable\" data-dest=\"https:\/\/planete-urgence.org\/en\/tapia-project-preservation-of-the-tapia-forest-wild-silk-beekeeping-in-madagascar\/\">\r\n <img decoding=\"async\" src=\"https:\/\/planete-urgence.org\/wp-content\/uploads\/2023\/06\/TAPIA-vignette.jpg\" alt=\"TAPIA Project | Preservation of the Tapia forest, wild silk &amp; beekeeping in Madagascar\" \/>\r\n<div class=\"projets_outer d-flex align-items-center\"><a href=\"https:\/\/planete-urgence.org\/en\/tapia-project-preservation-of-the-tapia-forest-wild-silk-beekeeping-in-madagascar\/\" class=\"projets\"><h4 class=\"gridtitle white\">Tapia<\/h4><div class=\"small\">Madagascar<\/div><i class=\"fa-regular fa-square-plus\"><\/i><\/a><\/div>\r\n<\/div>   <\/div>\n   <div class=\"col-sm-12 col-md-6 col-lg-4  item mb-3 elem-8\">\n<div class=\"projets_col linkable\" data-dest=\"https:\/\/planete-urgence.org\/en\/mahakam-project-mangrove-restoration-and-local-development\/\">\r\n <img decoding=\"async\" src=\"https:\/\/planete-urgence.org\/wp-content\/uploads\/2023\/06\/MAHAKAM-vignette.jpg\" alt=\"MAHAKAM Project | Mangrove restoration and local development\" \/>\r\n<div class=\"projets_outer d-flex align-items-center\"><a href=\"https:\/\/planete-urgence.org\/en\/mahakam-project-mangrove-restoration-and-local-development\/\" class=\"projets\"><h4 class=\"gridtitle white\">Mangroves and aquaculture<\/h4><div class=\"small\">Indonesia<\/div><i class=\"fa-regular fa-square-plus\"><\/i><\/a><\/div>\r\n<\/div>   <\/div>\n   <div class=\"col-sm-12 col-md-6 col-lg-4  item mb-3 elem-9\">\n<div class=\"projets_col linkable\" data-dest=\"https:\/\/planete-urgence.org\/en\/diabe-project-integrated-development-planning-and-wood-energy\/\">\r\n <img decoding=\"async\" src=\"https:\/\/planete-urgence.org\/wp-content\/uploads\/2023\/06\/DIABE-vignette.jpg\" alt=\"DIABE Project | Integrated Development, Planning and Wood Energy\" \/>\r\n<div class=\"projets_outer d-flex align-items-center\"><a href=\"https:\/\/planete-urgence.org\/en\/diabe-project-integrated-development-planning-and-wood-energy\/\" class=\"projets\"><h4 class=\"gridtitle white\">Wood energy<\/h4><div class=\"small\">Madagascar<\/div><i class=\"fa-regular fa-square-plus\"><\/i><\/a><\/div>\r\n<\/div>   <\/div>\n   <div class=\"col-sm-12 col-md-6 col-lg-4  item mb-3 elem-10\">\n<div class=\"projets_col linkable\" data-dest=\"https:\/\/planete-urgence.org\/en\/camerr-project-restoration-of-mangrove-ecosystems\/\">\r\n <img decoding=\"async\" src=\"https:\/\/planete-urgence.org\/wp-content\/uploads\/2023\/06\/CAMERR-vignette.jpg\" alt=\"CAMERR Project | Restoration of mangrove ecosystems\" \/>\r\n<div class=\"projets_outer d-flex align-items-center\"><a href=\"https:\/\/planete-urgence.org\/en\/camerr-project-restoration-of-mangrove-ecosystems\/\" class=\"projets\"><h4 class=\"gridtitle white\">Mangroves and adaptation<\/h4><div class=\"small\">Cameroon<\/div><i class=\"fa-regular fa-square-plus\"><\/i><\/a><\/div>\r\n<\/div>   <\/div>\n   <div class=\"col-sm-12 col-md-6 col-lg-4  item mb-3 elem-11\">\n<div class=\"projets_col linkable\" data-dest=\"https:\/\/planete-urgence.org\/en\/fare-project-cashew-nut-industry-ecosystem-restoration-in-cameroon\/\">\r\n <img decoding=\"async\" src=\"https:\/\/planete-urgence.org\/wp-content\/uploads\/2023\/06\/FARE-vignette.jpg\" alt=\"FARE Project | Cashew nut industry &amp; ecosystem restoration in Cameroon\" \/>\r\n<div class=\"projets_outer d-flex align-items-center\"><a href=\"https:\/\/planete-urgence.org\/en\/fare-project-cashew-nut-industry-ecosystem-restoration-in-cameroon\/\" class=\"projets\"><h4 class=\"gridtitle white\">Cashew nut industry and ecosystem restoration<\/h4><div class=\"small\">Cameroon<\/div><i class=\"fa-regular fa-square-plus\"><\/i><\/a><\/div>\r\n<\/div>   <\/div>\n   <div class=\"col-sm-12 col-md-6 col-lg-4  item mb-3 elem-12\">\n<div class=\"projets_col linkable\" data-dest=\"https:\/\/planete-urgence.org\/en\/merci-project-preservation-of-the-mangrove-ecosystem-and-the-java-rhinoceros-in-indonesia\/\">\r\n <img decoding=\"async\" src=\"https:\/\/planete-urgence.org\/wp-content\/uploads\/2023\/06\/MERCI-vignette.jpg\" alt=\"MERCI Project | Preservation of the Mangrove Ecosystem and the Java Rhinoceros in Indonesia\" \/>\r\n<div class=\"projets_outer d-flex align-items-center\"><a href=\"https:\/\/planete-urgence.org\/en\/merci-project-preservation-of-the-mangrove-ecosystem-and-the-java-rhinoceros-in-indonesia\/\" class=\"projets\"><h4 class=\"gridtitle white\">Mangroves against tsunamis<\/h4><div class=\"small\">Indonesia<\/div><i class=\"fa-regular fa-square-plus\"><\/i><\/a><\/div>\r\n<\/div>   <\/div>\n  <\/div>\n<\/div>\n<\/div>\n <\/div>\n<\/div>\n\n\n<div id=\"field_pow58d1c6fabe264f88\" class=\"container-fluid px-0 flexible_section block_columns\">\n <div id=\"field_pow58d1c6fabe264f88_inner\" class=\"container flexible_section_inner\">\n\n   <div class=\"row flexible_section_content\">\n\n   <div class=\"col-sm-12 colonne colonne1\">\n    <div class=\"colonne_inner  text-left\">\n<p>Despite their differences, Plan\u00e8te Urgence&#8217;s projects all follow different stages, enabling us to move forward step by step towards sustainable change. The NGO has set up a project cycle with associated tools for which all teams are trained.<\/p>\n    <\/div>\n   <\/div>\n  <\/div>\n\n <\/div>\n<\/div>\n","protected":false},"excerpt":{"rendered":"<p>Plan\u00e8te Urgence develops reforestation, restoration and development projects for forest ecosystems in 3 strategic areas of the world.<\/p>\n","protected":false},"author":1,"featured_media":0,"parent":0,"menu_order":0,"comment_status":"closed","ping_status":"closed","template":"page-flexipow.php","meta":{"_acf_changed":false,"inline_featured_image":false,"footnotes":""},"class_list":["post-18949","page","type-page","status-publish","hentry"],"acf":[],"yoast_head":"<!-- This site is optimized with the Yoast SEO plugin v27.4 - https:\/\/yoast.com\/product\/yoast-seo-wordpress\/ -->\n<title>Nos projets sur le terrain - Plan\u00e8te Urgence<\/title>\n<meta name=\"description\" content=\"Plan\u00e8te Urgence d\u00e9veloppe des projets de protection des for\u00eats dans 4 pays les plus vuln\u00e9rables au changement climatique.\" \/>\n<meta name=\"robots\" content=\"index, follow, max-snippet:-1, max-image-preview:large, max-video-preview:-1\" \/>\n<link rel=\"canonical\" href=\"https:\/\/planete-urgence.org\/en\/our-projects\/\" \/>\n<meta property=\"og:locale\" content=\"en_US\" \/>\n<meta property=\"og:type\" content=\"article\" \/>\n<meta property=\"og:title\" content=\"Nos projets sur le terrain - Plan\u00e8te Urgence\" \/>\n<meta property=\"og:description\" content=\"Plan\u00e8te Urgence d\u00e9veloppe des projets de protection des for\u00eats dans 4 pays les plus vuln\u00e9rables au changement climatique.\" \/>\n<meta property=\"og:url\" content=\"https:\/\/planete-urgence.org\/en\/our-projects\/\" \/>\n<meta property=\"og:site_name\" content=\"Plan\u00e8te Urgence\" \/>\n<meta property=\"article:publisher\" content=\"https:\/\/www.facebook.com\/planete.urgence\/\" \/>\n<meta property=\"article:modified_time\" content=\"2024-06-12T19:31:45+00:00\" \/>\n<meta name=\"twitter:card\" content=\"summary_large_image\" \/>\n<meta name=\"twitter:site\" content=\"@PlaneteUrgence\" \/>\n<meta name=\"twitter:label1\" content=\"Est. reading time\" \/>\n\t<meta name=\"twitter:data1\" content=\"4 minutes\" \/>\n<script type=\"application\/ld+json\" class=\"yoast-schema-graph\">{\"@context\":\"https:\\\/\\\/schema.org\",\"@graph\":[{\"@type\":\"WebPage\",\"@id\":\"https:\\\/\\\/planete-urgence.org\\\/en\\\/our-projects\\\/\",\"url\":\"https:\\\/\\\/planete-urgence.org\\\/en\\\/our-projects\\\/\",\"name\":\"Nos projets sur le terrain - Plan\u00e8te Urgence\",\"isPartOf\":{\"@id\":\"https:\\\/\\\/planete-urgence.org\\\/en\\\/#website\"},\"datePublished\":\"2022-06-22T19:58:53+00:00\",\"dateModified\":\"2024-06-12T19:31:45+00:00\",\"description\":\"Plan\u00e8te Urgence d\u00e9veloppe des projets de protection des for\u00eats dans 4 pays les plus vuln\u00e9rables au changement climatique.\",\"breadcrumb\":{\"@id\":\"https:\\\/\\\/planete-urgence.org\\\/en\\\/our-projects\\\/#breadcrumb\"},\"inLanguage\":\"en-US\",\"potentialAction\":[{\"@type\":\"ReadAction\",\"target\":[\"https:\\\/\\\/planete-urgence.org\\\/en\\\/our-projects\\\/\"]}]},{\"@type\":\"BreadcrumbList\",\"@id\":\"https:\\\/\\\/planete-urgence.org\\\/en\\\/our-projects\\\/#breadcrumb\",\"itemListElement\":[{\"@type\":\"ListItem\",\"position\":1,\"name\":\"Accueil\",\"item\":\"https:\\\/\\\/planete-urgence.org\\\/en\\\/\"},{\"@type\":\"ListItem\",\"position\":2,\"name\":\"Our projects\"}]},{\"@type\":\"WebSite\",\"@id\":\"https:\\\/\\\/planete-urgence.org\\\/en\\\/#website\",\"url\":\"https:\\\/\\\/planete-urgence.org\\\/en\\\/\",\"name\":\"Plan\u00e8te Urgence\",\"description\":\"Volontariat &amp; d\u00e9veloppement\",\"publisher\":{\"@id\":\"https:\\\/\\\/planete-urgence.org\\\/en\\\/#organization\"},\"potentialAction\":[{\"@type\":\"SearchAction\",\"target\":{\"@type\":\"EntryPoint\",\"urlTemplate\":\"https:\\\/\\\/planete-urgence.org\\\/en\\\/?s={search_term_string}\"},\"query-input\":{\"@type\":\"PropertyValueSpecification\",\"valueRequired\":true,\"valueName\":\"search_term_string\"}}],\"inLanguage\":\"en-US\"},{\"@type\":\"Organization\",\"@id\":\"https:\\\/\\\/planete-urgence.org\\\/en\\\/#organization\",\"name\":\"Plan\u00e8te Urgence\",\"url\":\"https:\\\/\\\/planete-urgence.org\\\/en\\\/\",\"logo\":{\"@type\":\"ImageObject\",\"inLanguage\":\"en-US\",\"@id\":\"https:\\\/\\\/planete-urgence.org\\\/en\\\/#\\\/schema\\\/logo\\\/image\\\/\",\"url\":\"https:\\\/\\\/planete-urgence.org\\\/wp-content\\\/uploads\\\/2021\\\/03\\\/logo-pu.png\",\"contentUrl\":\"https:\\\/\\\/planete-urgence.org\\\/wp-content\\\/uploads\\\/2021\\\/03\\\/logo-pu.png\",\"width\":187,\"height\":120,\"caption\":\"Plan\u00e8te Urgence\"},\"image\":{\"@id\":\"https:\\\/\\\/planete-urgence.org\\\/en\\\/#\\\/schema\\\/logo\\\/image\\\/\"},\"sameAs\":[\"https:\\\/\\\/www.facebook.com\\\/planete.urgence\\\/\",\"https:\\\/\\\/x.com\\\/PlaneteUrgence\"]}]}<\/script>\n<!-- \/ Yoast SEO plugin. -->","yoast_head_json":{"title":"Nos projets sur le terrain - Plan\u00e8te Urgence","description":"Plan\u00e8te Urgence d\u00e9veloppe des projets de protection des for\u00eats dans 4 pays les plus vuln\u00e9rables au changement climatique.","robots":{"index":"index","follow":"follow","max-snippet":"max-snippet:-1","max-image-preview":"max-image-preview:large","max-video-preview":"max-video-preview:-1"},"canonical":"https:\/\/planete-urgence.org\/en\/our-projects\/","og_locale":"en_US","og_type":"article","og_title":"Nos projets sur le terrain - Plan\u00e8te Urgence","og_description":"Plan\u00e8te Urgence d\u00e9veloppe des projets de protection des for\u00eats dans 4 pays les plus vuln\u00e9rables au changement climatique.","og_url":"https:\/\/planete-urgence.org\/en\/our-projects\/","og_site_name":"Plan\u00e8te Urgence","article_publisher":"https:\/\/www.facebook.com\/planete.urgence\/","article_modified_time":"2024-06-12T19:31:45+00:00","twitter_card":"summary_large_image","twitter_site":"@PlaneteUrgence","twitter_misc":{"Est. reading time":"4 minutes"},"schema":{"@context":"https:\/\/schema.org","@graph":[{"@type":"WebPage","@id":"https:\/\/planete-urgence.org\/en\/our-projects\/","url":"https:\/\/planete-urgence.org\/en\/our-projects\/","name":"Nos projets sur le terrain - Plan\u00e8te Urgence","isPartOf":{"@id":"https:\/\/planete-urgence.org\/en\/#website"},"datePublished":"2022-06-22T19:58:53+00:00","dateModified":"2024-06-12T19:31:45+00:00","description":"Plan\u00e8te Urgence d\u00e9veloppe des projets de protection des for\u00eats dans 4 pays les plus vuln\u00e9rables au changement climatique.","breadcrumb":{"@id":"https:\/\/planete-urgence.org\/en\/our-projects\/#breadcrumb"},"inLanguage":"en-US","potentialAction":[{"@type":"ReadAction","target":["https:\/\/planete-urgence.org\/en\/our-projects\/"]}]},{"@type":"BreadcrumbList","@id":"https:\/\/planete-urgence.org\/en\/our-projects\/#breadcrumb","itemListElement":[{"@type":"ListItem","position":1,"name":"Accueil","item":"https:\/\/planete-urgence.org\/en\/"},{"@type":"ListItem","position":2,"name":"Our projects"}]},{"@type":"WebSite","@id":"https:\/\/planete-urgence.org\/en\/#website","url":"https:\/\/planete-urgence.org\/en\/","name":"Plan\u00e8te Urgence","description":"Volontariat &amp; d\u00e9veloppement","publisher":{"@id":"https:\/\/planete-urgence.org\/en\/#organization"},"potentialAction":[{"@type":"SearchAction","target":{"@type":"EntryPoint","urlTemplate":"https:\/\/planete-urgence.org\/en\/?s={search_term_string}"},"query-input":{"@type":"PropertyValueSpecification","valueRequired":true,"valueName":"search_term_string"}}],"inLanguage":"en-US"},{"@type":"Organization","@id":"https:\/\/planete-urgence.org\/en\/#organization","name":"Plan\u00e8te Urgence","url":"https:\/\/planete-urgence.org\/en\/","logo":{"@type":"ImageObject","inLanguage":"en-US","@id":"https:\/\/planete-urgence.org\/en\/#\/schema\/logo\/image\/","url":"https:\/\/planete-urgence.org\/wp-content\/uploads\/2021\/03\/logo-pu.png","contentUrl":"https:\/\/planete-urgence.org\/wp-content\/uploads\/2021\/03\/logo-pu.png","width":187,"height":120,"caption":"Plan\u00e8te Urgence"},"image":{"@id":"https:\/\/planete-urgence.org\/en\/#\/schema\/logo\/image\/"},"sameAs":["https:\/\/www.facebook.com\/planete.urgence\/","https:\/\/x.com\/PlaneteUrgence"]}]}},"_links":{"self":[{"href":"https:\/\/planete-urgence.org\/en\/wp-json\/wp\/v2\/pages\/18949","targetHints":{"allow":["GET"]}}],"collection":[{"href":"https:\/\/planete-urgence.org\/en\/wp-json\/wp\/v2\/pages"}],"about":[{"href":"https:\/\/planete-urgence.org\/en\/wp-json\/wp\/v2\/types\/page"}],"author":[{"embeddable":true,"href":"https:\/\/planete-urgence.org\/en\/wp-json\/wp\/v2\/users\/1"}],"replies":[{"embeddable":true,"href":"https:\/\/planete-urgence.org\/en\/wp-json\/wp\/v2\/comments?post=18949"}],"version-history":[{"count":5,"href":"https:\/\/planete-urgence.org\/en\/wp-json\/wp\/v2\/pages\/18949\/revisions"}],"predecessor-version":[{"id":41252,"href":"https:\/\/planete-urgence.org\/en\/wp-json\/wp\/v2\/pages\/18949\/revisions\/41252"}],"wp:attachment":[{"href":"https:\/\/planete-urgence.org\/en\/wp-json\/wp\/v2\/media?parent=18949"}],"curies":[{"name":"wp","href":"https:\/\/api.w.org\/{rel}","templated":true}]}}