{"id":18908,"date":"2022-06-22T21:57:02","date_gmt":"2022-06-22T19:57:02","guid":{"rendered":"https:\/\/planete-urgence.org\/rejoindre-lequipe\/"},"modified":"2024-06-04T22:15:44","modified_gmt":"2024-06-04T20:15:44","slug":"join-the-team","status":"publish","type":"page","link":"https:\/\/planete-urgence.org\/en\/join-the-team\/","title":{"rendered":"Join the team"},"content":{"rendered":"<div id=\"field_62d322055f591\" class=\"container-fluid px-0 flexible_section page_tetiere block_hero\">\n  <div id=\"hero_62d322055f591\" class=\"hero_container px-0\">\n   <div class=\"hero_image_outer\">\n<picture class=\"skip-lazy\">\r\n\t\t\t\t\t<source srcset=\"https:\/\/planete-urgence.org\/wp-content\/uploads\/2021\/04\/TeamPU.jpg\" media=\"(min-width: 578px)\" class=\"skip-lazy\">\r\n\t\t\t\t\t<img srcset=\"https:\/\/planete-urgence.org\/wp-content\/uploads\/2021\/04\/TeamPU.jpg\" alt=\"\" class=\"heroimage \" \/>\r\n\t\t\t\t<\/picture>   <\/div>\n   <div class=\"hero_content p-3 text-center\" id=\"herocontent_62d322055f591\">\t\t<div id=\"fieldcontent_62d322055f591_inner\"><h1 class=\"titlepage\" style=\"text-align: center\">Join the team<\/h1>\n<\/div>   <\/div>\n  <\/div>\n<\/div>\n\n\n<div id=\"field_pow64f6fcdb8ec044d7\" class=\"container-fluid px-0 flexible_section block_columns\">\n <div id=\"field_pow64f6fcdb8ec044d7_inner\" class=\"container flexible_section_inner\">\n\n  <div class=\"row flexible_section_title_container\"><div class=\"col-12 flexible_section_title_col\"><h2 class=\"flexible_section_title mb-5 text-left  \">Current offers<\/h2><\/div><\/div>\n   <div class=\"row flexible_section_content\">\n\n   <div class=\"col-sm-12 colonne colonne1\">\n    <div class=\"colonne_inner  text-left\">\n<p>Would you like to join Plan\u00e8te Urgence as a volunteer, employee or on a voluntary mission? Discover our offers below!<\/p>\n    <\/div>\n   <\/div>\n  <\/div>\n\n <\/div>\n<\/div>\n\n\n<div id=\"field_pow4b8f3859a71742c8\" class=\"container-fluid px-0 flexible_section block_components\">\n <div id=\"field_pow4b8f3859a71742c8_inner\" class=\"container flexible_section_inner\">\n\n   <div class=\"row flexible_section_content\">\n\n   <div class=\" col-sm-12 component component_1  \">\n    <div class=\"colonne_inner \">\n<div class=\"row\" id=\"rssfeed_pow4b8f3859a71742c8_1\">\n <div class=\"rssfeed_item rssfeed_pow4b8f3859a71742c8_1_item item_0 col-4\">\n<div class=\"p-3 bg-gris h-100 text-center\">\r\n<div>Contrat \u00e0 Dur\u00e9e Ind\u00e9termin\u00e9e (CDI) &#8211; RESPONSABLE SERA H\/F &#8211; PLANETE URGENCE<\/div>\r\n<div class=\"mt-2\"><a href=\"https:\/\/api.cvcatcher.io\/v2\/redirect\/job-offer\/groupe_sos_careersite_cvcatcher\/PLANETE%20URGENCE%20-%20CDI%20-%20RESP%20SERA-34268?idOrigin=502\" target=\"_blank\" class=\"redbutton\">Read more<\/a><\/div>\r\n<\/div>\n <\/div>\n <div class=\"rssfeed_item rssfeed_pow4b8f3859a71742c8_1_item item_1 col-4\">\n<div class=\"p-3 bg-gris h-100 text-center\">\r\n<div>Contrat \u00e0 Dur\u00e9e Ind\u00e9termin\u00e9e (CDI) &#8211; COORDINATEUR.RICE PROGRAMME ENVIRONNEMENT H\/F &#8211; PLANETE URGENCE<\/div>\r\n<div class=\"mt-2\"><a href=\"https:\/\/api.cvcatcher.io\/v2\/redirect\/job-offer\/groupe_sos_careersite_cvcatcher\/CDI%20-%20PLANETE%20URGENCE%20-%20COORDINATEUR%20-34269?idOrigin=502\" target=\"_blank\" class=\"redbutton\">Read more<\/a><\/div>\r\n<\/div>\n <\/div>\n<\/div>\n\n    <\/div>\n   <\/div>\n  <\/div>\n\n <\/div>\n<\/div>\n\n\n<div id=\"field_pow37754688b6dd43b1\" class=\"container-fluid px-0 flexible_section block_columns\">\n <div id=\"field_pow37754688b6dd43b1_inner\" class=\"container flexible_section_inner\">\n\n  <div class=\"row flexible_section_title_container\"><div class=\"col-12 flexible_section_title_col\"><h2 class=\"flexible_section_title mb-5 text-left  \">Our ways of being<\/h2><\/div><\/div>\n  <div class=\"row flexible_section_header\"><div class=\"col\"><p>There are many ways to contribute to international solidarity and the environment. At Plan\u00e8te Urgence we have worked collectively to define 4 ways of being which correspond to us. They are common to every employee of the NGO, whatever their position:<\/p>\n<\/div><\/div>\n   <div class=\"row flexible_section_content\">\n\n   <div class=\"mb-3 mb-sm-0 col-sm-3 colonne colonne1\">\n    <div class=\"colonne_inner p-3 text-center\">\n<p><img loading=\"lazy\" decoding=\"async\" class=\"alignnone size-full wp-image-38434\" src=\"https:\/\/planete-urgence.org\/wp-content\/uploads\/2024\/03\/Confiance.png\" alt=\"\" width=\"80\" height=\"80\" \/><\/p>\n<p><strong>Trust<\/strong><br \/>\nthe ability to establish a climate of trust with those you are dealing with and with other members of the team, thanks to your ability to listen, adapt, speak frankly and be reliable<\/p>\n    <\/div>\n   <\/div>\n   <div class=\"mb-3 mb-sm-0 col-sm-3 colonne colonne2\">\n    <div class=\"colonne_inner p-3 text-center\">\n<p><img loading=\"lazy\" decoding=\"async\" class=\"alignnone size-full wp-image-38426\" src=\"https:\/\/planete-urgence.org\/wp-content\/uploads\/2024\/03\/Pragmatisme.png\" alt=\"\" width=\"80\" height=\"80\" \/><\/p>\n<p><strong>Pragmatism<\/strong><br \/>\nthe ability to work with reality rather than against it, and to devise solutions tailored to the challenges on the ground<\/p>\n    <\/div>\n   <\/div>\n   <div class=\"mb-3 mb-sm-0 col-sm-3 colonne colonne3\">\n    <div class=\"colonne_inner p-3 text-center\">\n<p><img loading=\"lazy\" decoding=\"async\" class=\"alignnone size-full wp-image-38430\" src=\"https:\/\/planete-urgence.org\/wp-content\/uploads\/2024\/03\/Esprit-dequipe.png\" alt=\"\" width=\"80\" height=\"80\" \/><\/p>\n<p><strong>Contributive Energy<\/strong><br \/>\nthe ability to make proposals and come up with solutions for the good of the group<\/p>\n    <\/div>\n   <\/div>\n   <div class=\"col-sm-3 colonne colonne4\">\n    <div class=\"colonne_inner p-3 text-center\">\n<p><img loading=\"lazy\" decoding=\"async\" class=\"alignnone size-full wp-image-38422\" src=\"https:\/\/planete-urgence.org\/wp-content\/uploads\/2024\/03\/Solidarite.png\" alt=\"\" width=\"80\" height=\"80\" \/><\/p>\n<p><strong>Solidarity<\/strong><br \/>\nthe ability to put solidarity and impact at the heart of all decisions and to be supportive of other employees. Be aware of the challenges of global solidarity and the SDGs<\/p>\n    <\/div>\n   <\/div>\n  <\/div>\n\n <\/div>\n<\/div>\n","protected":false},"excerpt":{"rendered":"<p>It&#8217;s possible to join the Plan\u00e8te Urgence team! Job offers, volunteering opportunities, skills sponsorship: choose your commitment!<\/p>\n","protected":false},"author":1,"featured_media":0,"parent":0,"menu_order":0,"comment_status":"closed","ping_status":"closed","template":"page-flexipow.php","meta":{"_acf_changed":false,"inline_featured_image":false,"footnotes":""},"class_list":["post-18908","page","type-page","status-publish","hentry"],"acf":[],"yoast_head":"<!-- This site is optimized with the Yoast SEO plugin v27.4 - https:\/\/yoast.com\/product\/yoast-seo-wordpress\/ -->\n<title>Join the team - Plan\u00e8te Urgence<\/title>\n<meta name=\"description\" content=\"It&#039;s possible to join the Plan\u00e8te Urgence team! Job offers, volunteering opportunities, skills sponsorship: choose your commitment!\" \/>\n<meta name=\"robots\" content=\"index, follow, max-snippet:-1, max-image-preview:large, max-video-preview:-1\" \/>\n<link rel=\"canonical\" href=\"https:\/\/planete-urgence.org\/en\/join-the-team\/\" \/>\n<meta property=\"og:locale\" content=\"en_US\" \/>\n<meta property=\"og:type\" content=\"article\" \/>\n<meta property=\"og:title\" content=\"Join the team - Plan\u00e8te Urgence\" \/>\n<meta property=\"og:description\" content=\"It&#039;s possible to join the Plan\u00e8te Urgence team! Job offers, volunteering opportunities, skills sponsorship: choose your commitment!\" \/>\n<meta property=\"og:url\" content=\"https:\/\/planete-urgence.org\/en\/join-the-team\/\" \/>\n<meta property=\"og:site_name\" content=\"Plan\u00e8te Urgence\" \/>\n<meta property=\"article:publisher\" content=\"https:\/\/www.facebook.com\/planete.urgence\/\" \/>\n<meta property=\"article:modified_time\" content=\"2024-06-04T20:15:44+00:00\" \/>\n<meta name=\"twitter:card\" content=\"summary_large_image\" \/>\n<meta name=\"twitter:site\" content=\"@PlaneteUrgence\" \/>\n<meta name=\"twitter:label1\" content=\"Est. reading time\" \/>\n\t<meta name=\"twitter:data1\" content=\"2 minutes\" \/>\n<script type=\"application\/ld+json\" class=\"yoast-schema-graph\">{\"@context\":\"https:\\\/\\\/schema.org\",\"@graph\":[{\"@type\":\"WebPage\",\"@id\":\"https:\\\/\\\/planete-urgence.org\\\/en\\\/join-the-team\\\/\",\"url\":\"https:\\\/\\\/planete-urgence.org\\\/en\\\/join-the-team\\\/\",\"name\":\"Join the team - Plan\u00e8te Urgence\",\"isPartOf\":{\"@id\":\"https:\\\/\\\/planete-urgence.org\\\/en\\\/#website\"},\"datePublished\":\"2022-06-22T19:57:02+00:00\",\"dateModified\":\"2024-06-04T20:15:44+00:00\",\"description\":\"It's possible to join the Plan\u00e8te Urgence team! Job offers, volunteering opportunities, skills sponsorship: choose your commitment!\",\"breadcrumb\":{\"@id\":\"https:\\\/\\\/planete-urgence.org\\\/en\\\/join-the-team\\\/#breadcrumb\"},\"inLanguage\":\"en-US\",\"potentialAction\":[{\"@type\":\"ReadAction\",\"target\":[\"https:\\\/\\\/planete-urgence.org\\\/en\\\/join-the-team\\\/\"]}]},{\"@type\":\"BreadcrumbList\",\"@id\":\"https:\\\/\\\/planete-urgence.org\\\/en\\\/join-the-team\\\/#breadcrumb\",\"itemListElement\":[{\"@type\":\"ListItem\",\"position\":1,\"name\":\"Accueil\",\"item\":\"https:\\\/\\\/planete-urgence.org\\\/en\\\/\"},{\"@type\":\"ListItem\",\"position\":2,\"name\":\"Join the team\"}]},{\"@type\":\"WebSite\",\"@id\":\"https:\\\/\\\/planete-urgence.org\\\/en\\\/#website\",\"url\":\"https:\\\/\\\/planete-urgence.org\\\/en\\\/\",\"name\":\"Plan\u00e8te Urgence\",\"description\":\"Volontariat &amp; d\u00e9veloppement\",\"publisher\":{\"@id\":\"https:\\\/\\\/planete-urgence.org\\\/en\\\/#organization\"},\"potentialAction\":[{\"@type\":\"SearchAction\",\"target\":{\"@type\":\"EntryPoint\",\"urlTemplate\":\"https:\\\/\\\/planete-urgence.org\\\/en\\\/?s={search_term_string}\"},\"query-input\":{\"@type\":\"PropertyValueSpecification\",\"valueRequired\":true,\"valueName\":\"search_term_string\"}}],\"inLanguage\":\"en-US\"},{\"@type\":\"Organization\",\"@id\":\"https:\\\/\\\/planete-urgence.org\\\/en\\\/#organization\",\"name\":\"Plan\u00e8te Urgence\",\"url\":\"https:\\\/\\\/planete-urgence.org\\\/en\\\/\",\"logo\":{\"@type\":\"ImageObject\",\"inLanguage\":\"en-US\",\"@id\":\"https:\\\/\\\/planete-urgence.org\\\/en\\\/#\\\/schema\\\/logo\\\/image\\\/\",\"url\":\"https:\\\/\\\/planete-urgence.org\\\/wp-content\\\/uploads\\\/2021\\\/03\\\/logo-pu.png\",\"contentUrl\":\"https:\\\/\\\/planete-urgence.org\\\/wp-content\\\/uploads\\\/2021\\\/03\\\/logo-pu.png\",\"width\":187,\"height\":120,\"caption\":\"Plan\u00e8te Urgence\"},\"image\":{\"@id\":\"https:\\\/\\\/planete-urgence.org\\\/en\\\/#\\\/schema\\\/logo\\\/image\\\/\"},\"sameAs\":[\"https:\\\/\\\/www.facebook.com\\\/planete.urgence\\\/\",\"https:\\\/\\\/x.com\\\/PlaneteUrgence\"]}]}<\/script>\n<!-- \/ Yoast SEO plugin. -->","yoast_head_json":{"title":"Join the team - Plan\u00e8te Urgence","description":"It's possible to join the Plan\u00e8te Urgence team! Job offers, volunteering opportunities, skills sponsorship: choose your commitment!","robots":{"index":"index","follow":"follow","max-snippet":"max-snippet:-1","max-image-preview":"max-image-preview:large","max-video-preview":"max-video-preview:-1"},"canonical":"https:\/\/planete-urgence.org\/en\/join-the-team\/","og_locale":"en_US","og_type":"article","og_title":"Join the team - Plan\u00e8te Urgence","og_description":"It's possible to join the Plan\u00e8te Urgence team! Job offers, volunteering opportunities, skills sponsorship: choose your commitment!","og_url":"https:\/\/planete-urgence.org\/en\/join-the-team\/","og_site_name":"Plan\u00e8te Urgence","article_publisher":"https:\/\/www.facebook.com\/planete.urgence\/","article_modified_time":"2024-06-04T20:15:44+00:00","twitter_card":"summary_large_image","twitter_site":"@PlaneteUrgence","twitter_misc":{"Est. reading time":"2 minutes"},"schema":{"@context":"https:\/\/schema.org","@graph":[{"@type":"WebPage","@id":"https:\/\/planete-urgence.org\/en\/join-the-team\/","url":"https:\/\/planete-urgence.org\/en\/join-the-team\/","name":"Join the team - Plan\u00e8te Urgence","isPartOf":{"@id":"https:\/\/planete-urgence.org\/en\/#website"},"datePublished":"2022-06-22T19:57:02+00:00","dateModified":"2024-06-04T20:15:44+00:00","description":"It's possible to join the Plan\u00e8te Urgence team! Job offers, volunteering opportunities, skills sponsorship: choose your commitment!","breadcrumb":{"@id":"https:\/\/planete-urgence.org\/en\/join-the-team\/#breadcrumb"},"inLanguage":"en-US","potentialAction":[{"@type":"ReadAction","target":["https:\/\/planete-urgence.org\/en\/join-the-team\/"]}]},{"@type":"BreadcrumbList","@id":"https:\/\/planete-urgence.org\/en\/join-the-team\/#breadcrumb","itemListElement":[{"@type":"ListItem","position":1,"name":"Accueil","item":"https:\/\/planete-urgence.org\/en\/"},{"@type":"ListItem","position":2,"name":"Join the team"}]},{"@type":"WebSite","@id":"https:\/\/planete-urgence.org\/en\/#website","url":"https:\/\/planete-urgence.org\/en\/","name":"Plan\u00e8te Urgence","description":"Volontariat &amp; d\u00e9veloppement","publisher":{"@id":"https:\/\/planete-urgence.org\/en\/#organization"},"potentialAction":[{"@type":"SearchAction","target":{"@type":"EntryPoint","urlTemplate":"https:\/\/planete-urgence.org\/en\/?s={search_term_string}"},"query-input":{"@type":"PropertyValueSpecification","valueRequired":true,"valueName":"search_term_string"}}],"inLanguage":"en-US"},{"@type":"Organization","@id":"https:\/\/planete-urgence.org\/en\/#organization","name":"Plan\u00e8te Urgence","url":"https:\/\/planete-urgence.org\/en\/","logo":{"@type":"ImageObject","inLanguage":"en-US","@id":"https:\/\/planete-urgence.org\/en\/#\/schema\/logo\/image\/","url":"https:\/\/planete-urgence.org\/wp-content\/uploads\/2021\/03\/logo-pu.png","contentUrl":"https:\/\/planete-urgence.org\/wp-content\/uploads\/2021\/03\/logo-pu.png","width":187,"height":120,"caption":"Plan\u00e8te Urgence"},"image":{"@id":"https:\/\/planete-urgence.org\/en\/#\/schema\/logo\/image\/"},"sameAs":["https:\/\/www.facebook.com\/planete.urgence\/","https:\/\/x.com\/PlaneteUrgence"]}]}},"_links":{"self":[{"href":"https:\/\/planete-urgence.org\/en\/wp-json\/wp\/v2\/pages\/18908","targetHints":{"allow":["GET"]}}],"collection":[{"href":"https:\/\/planete-urgence.org\/en\/wp-json\/wp\/v2\/pages"}],"about":[{"href":"https:\/\/planete-urgence.org\/en\/wp-json\/wp\/v2\/types\/page"}],"author":[{"embeddable":true,"href":"https:\/\/planete-urgence.org\/en\/wp-json\/wp\/v2\/users\/1"}],"replies":[{"embeddable":true,"href":"https:\/\/planete-urgence.org\/en\/wp-json\/wp\/v2\/comments?post=18908"}],"version-history":[{"count":9,"href":"https:\/\/planete-urgence.org\/en\/wp-json\/wp\/v2\/pages\/18908\/revisions"}],"predecessor-version":[{"id":40544,"href":"https:\/\/planete-urgence.org\/en\/wp-json\/wp\/v2\/pages\/18908\/revisions\/40544"}],"wp:attachment":[{"href":"https:\/\/planete-urgence.org\/en\/wp-json\/wp\/v2\/media?parent=18908"}],"curies":[{"name":"wp","href":"https:\/\/api.w.org\/{rel}","templated":true}]}}