{"id":18888,"date":"2022-06-22T22:03:06","date_gmt":"2022-06-22T20:03:06","guid":{"rendered":"https:\/\/planete-urgence.org\/planete-infos-la-newsletter-de-planete-urgence\/"},"modified":"2022-08-21T21:33:06","modified_gmt":"2022-08-21T19:33:06","slug":"planete-infos-the-newsletter-of-planete-urgence","status":"publish","type":"page","link":"https:\/\/planete-urgence.org\/en\/planete-infos-the-newsletter-of-planete-urgence\/","title":{"rendered":"Plan\u00e8te Infos, the newsletter of Plan\u00e8te Urgence"},"content":{"rendered":"<div id=\"field_62c56b94343e7\" class=\"container-fluid px-0 flexible_section block_hero\">\n  <div id=\"hero_62c56b94343e7\" class=\"hero_container px-0\">\n   <div class=\"hero_image_outer\">\n<picture class=\"skip-lazy\">\r\n\t\t\t\t\t<source srcset=\"https:\/\/planete-urgence.org\/wp-content\/uploads\/2021\/07\/Plan-de-travail-3@2x.png\" media=\"(min-width: 578px)\" class=\"skip-lazy\">\r\n\t\t\t\t\t<img srcset=\"https:\/\/planete-urgence.org\/wp-content\/uploads\/2021\/07\/Plan-de-travail-3@2x.png\" alt=\"\" class=\"heroimage \" \/>\r\n\t\t\t\t<\/picture>   <\/div>\n  <\/div>\n<\/div>\n\n\n<div id=\"field_62c5812bc3ea5\" class=\"container-fluid px-0 flexible_section block_columns\">\n <div id=\"field_62c5812bc3ea5_inner\" class=\"container flexible_section_inner\">\n\n  <div class=\"row flexible_section_title_container\"><div class=\"col-12 flexible_section_title_col\"><h2 class=\"flexible_section_title mb-5 text-center  \">Receive all our news easily!<\/h2><\/div><\/div>\n   <div class=\"row flexible_section_content\">\n\n   <div class=\"mb-3 mb-sm-0 col-sm-6 colonne colonne1\">\n    <div class=\"colonne_inner  text-left\">\n<p><strong>The easiest way to start taking action is to get informed.<\/strong><br \/>\nTo make sure you don\u2019t miss out on any of our actions and news, subscribe to our newsletter \u201cPlan\u00e8te Infos\u201d by clicking on the button below.<\/p>\n    <\/div>\n   <\/div>\n   <div class=\"col-sm-6 colonne colonne2\">\n    <div class=\"colonne_inner text-center d-flex align-items-center justify-content-center\">\n    <div class=\"colonne_inner_sub \">\n<p style=\"text-align: center\"><a class=\"fasc-button fasc-size-xlarge fasc-type-popout fasc-rounded-medium fasc-style-bold redbutton_big\" href=\"https:\/\/sibforms.com\/serve\/MUIEALe8V898Sk_mpzmI8ozY-xpQAkh4oWlnto-gH6y8XlLn2RKGr8CLwOuMJ_S_SylUOIn2H5MtWpc7SM0y7yBpFzQiLVMtst0JkZgSMVA4f9mi1mc1PfjlBE1s4DFkdqcXR5Dt43gtqM3QEQffiejXZT0Az_OY663jJH0y7h-BBsAg-7tQ5ClokEN9uzO6c2IF44uNZkZgS86J\" target=\"_blank\" rel=\"noopener\">Subscribe to the newsletter<\/a><\/p>\n    <\/div>\n    <\/div>\n   <\/div>\n  <\/div>\n\n <\/div>\n<\/div>\n\n\n<div id=\"field_62c58177649ca\" class=\"container-fluid px-0 flexible_section block_columns\">\n <div id=\"field_62c58177649ca_inner\" class=\"container flexible_section_inner\">\n\n  <div class=\"row flexible_section_title_container\"><div class=\"col-12 flexible_section_title_col\"><h2 class=\"flexible_section_title mb-5 text-center  \">Plan\u00e8te Infos&#8217; Archives<\/h2><\/div><\/div>\n  <div class=\"row flexible_section_header\"><div class=\"col\"><p>Find our previous newsletters:<\/p>\n<\/div><\/div>\n   <div class=\"row flexible_section_content\">\n\n   <div class=\"mb-3 mb-sm-0 col-sm-4 colonne colonne1\">\n    <div class=\"colonne_inner  text-left\">\n<p>2021<\/p>\n<p><a href=\"http:\/\/r.infos.planete-urgence.org\/aiwzjtyuydt7e.html?t=1625840529\" target=\"_blank\" rel=\"noopener\">March 2021<\/a><\/p>\n<p><a href=\"http:\/\/r.infos.planete-urgence.org\/mk\/mr\/2MJ7qXl_Z262pbpj8-oMZ4Sm0ynFBO3U-A7R925npvXKTrLpL17dRnaAk2iVSumSnH71utl1zgFzE5gHJeLP8zIj7LMMDGG1QH6yJi1MruEf5qSGxs7POg\" target=\"_blank\" rel=\"noopener\">July 2021<\/a><\/p>\n<p><a href=\"http:\/\/r.infos.planete-urgence.org\/mk\/mr\/bLMmkj8I4JdRhXtyn8QSZuwUsjZK5bubtuQC0OZNnJVnamK1oPO5OYlIUV2Poq2Eai3PuQvFeia0ev593WdswtEkblgunDPYpEW2aH9NCIzJkIoLnnbDXw\" target=\"_blank\" rel=\"noopener\">September 2021<\/a><\/p>\n<p><a href=\"http:\/\/r.infos.planete-urgence.org\/mk\/mr\/HnSgmWlEpOUZHRDh5iNdxtyx5duiZZVeXg1Ial5uVf_pZLMhlWwSgcsc0vSSMgrce28fP8vLKUobkqs0ZKcYdZ34tTmvBxsLwTt0Z9M-OBs9Yn3HoY3bg3stLBi5vmHGR7SCmzHZ-dN5Nfk\" target=\"_blank\" rel=\"noopener\">November 2021<\/a><\/p>\n    <\/div>\n   <\/div>\n   <div class=\"mb-3 mb-sm-0 col-sm-4 colonne colonne2\">\n    <div class=\"colonne_inner  text-left\">\n<p>2020<\/p>\n<p><a href=\"http:\/\/r.infos.planete-urgence.org\/agmgopyuydt7e.html?t=1625839564\">March 2020<\/a><\/p>\n<p><a href=\"http:\/\/r.infos.planete-urgence.org\/agwantyuydt7e.html?t=1625839756\">April 2020<\/a><\/p>\n<p><a href=\"http:\/\/r.infos.planete-urgence.org\/ahaozdyuydt7e.html?t=1625840302\">July 2020\u00a0<\/a><\/p>\n<p><a href=\"http:\/\/r.infos.planete-urgence.org\/ahf9btyuydt7e.html?t=1625840302\">September 2020<\/a><\/p>\n<p><a href=\"http:\/\/r.infos.planete-urgence.org\/ai3hmhyuydt7e.html?t=1625840781\">November 2020<\/a><\/p>\n    <\/div>\n   <\/div>\n   <div class=\"col-sm-4 colonne colonne3\">\n    <div class=\"colonne_inner  text-left\">\n<p>2019<\/p>\n<p><a href=\"http:\/\/r.infos.planete-urgence.org\/af8lixyuydt7e.html?t=1625838331\">July 2019<\/a><\/p>\n<p><a href=\"http:\/\/r.infos.planete-urgence.org\/afbentyuydt7e.html?t=1625839374\">September 2019<\/a><\/p>\n<p><a href=\"http:\/\/r.infos.planete-urgence.org\/3h6ynxzmbglpne.html?t=1625839447\">October 2019<\/a><\/p>\n    <\/div>\n   <\/div>\n  <\/div>\n\n <\/div>\n<\/div>\n","protected":false},"excerpt":{"rendered":"<p>Le moyen le plus simple de commencer \u00e0 agir est de s\u2019informer. Pour ne rien rater de nos actions et actualit\u00e9s.<\/p>\n","protected":false},"author":1,"featured_media":0,"parent":0,"menu_order":0,"comment_status":"closed","ping_status":"closed","template":"page-flexipow.php","meta":{"_acf_changed":false,"inline_featured_image":false,"footnotes":""},"class_list":["post-18888","page","type-page","status-publish","hentry"],"acf":[],"yoast_head":"<!-- This site is optimized with the Yoast SEO plugin v27.4 - https:\/\/yoast.com\/product\/yoast-seo-wordpress\/ -->\n<title>Plan\u00e8te Infos, the newsletter of Plan\u00e8te Urgence - Plan\u00e8te Urgence<\/title>\n<meta name=\"description\" content=\"Le moyen le plus simple de commencer \u00e0 agir est de s\u2019informer. Pour ne rien rater de nos actions et actualit\u00e9s.\" \/>\n<meta name=\"robots\" content=\"index, follow, max-snippet:-1, max-image-preview:large, max-video-preview:-1\" \/>\n<link rel=\"canonical\" href=\"https:\/\/planete-urgence.org\/en\/planete-infos-the-newsletter-of-planete-urgence\/\" \/>\n<meta property=\"og:locale\" content=\"en_US\" \/>\n<meta property=\"og:type\" content=\"article\" \/>\n<meta property=\"og:title\" content=\"Plan\u00e8te Infos, the newsletter of Plan\u00e8te Urgence - Plan\u00e8te Urgence\" \/>\n<meta property=\"og:description\" content=\"Le moyen le plus simple de commencer \u00e0 agir est de s\u2019informer. Pour ne rien rater de nos actions et actualit\u00e9s.\" \/>\n<meta property=\"og:url\" content=\"https:\/\/planete-urgence.org\/en\/planete-infos-the-newsletter-of-planete-urgence\/\" \/>\n<meta property=\"og:site_name\" content=\"Plan\u00e8te Urgence\" \/>\n<meta property=\"article:publisher\" content=\"https:\/\/www.facebook.com\/planete.urgence\/\" \/>\n<meta property=\"article:modified_time\" content=\"2022-08-21T19:33:06+00:00\" \/>\n<meta name=\"twitter:card\" content=\"summary_large_image\" \/>\n<meta name=\"twitter:site\" content=\"@PlaneteUrgence\" \/>\n<script type=\"application\/ld+json\" class=\"yoast-schema-graph\">{\"@context\":\"https:\\\/\\\/schema.org\",\"@graph\":[{\"@type\":\"WebPage\",\"@id\":\"https:\\\/\\\/planete-urgence.org\\\/en\\\/planete-infos-the-newsletter-of-planete-urgence\\\/\",\"url\":\"https:\\\/\\\/planete-urgence.org\\\/en\\\/planete-infos-the-newsletter-of-planete-urgence\\\/\",\"name\":\"Plan\u00e8te Infos, the newsletter of Plan\u00e8te Urgence - Plan\u00e8te Urgence\",\"isPartOf\":{\"@id\":\"https:\\\/\\\/planete-urgence.org\\\/en\\\/#website\"},\"datePublished\":\"2022-06-22T20:03:06+00:00\",\"dateModified\":\"2022-08-21T19:33:06+00:00\",\"description\":\"Le moyen le plus simple de commencer \u00e0 agir est de s\u2019informer. Pour ne rien rater de nos actions et actualit\u00e9s.\",\"breadcrumb\":{\"@id\":\"https:\\\/\\\/planete-urgence.org\\\/en\\\/planete-infos-the-newsletter-of-planete-urgence\\\/#breadcrumb\"},\"inLanguage\":\"en-US\",\"potentialAction\":[{\"@type\":\"ReadAction\",\"target\":[\"https:\\\/\\\/planete-urgence.org\\\/en\\\/planete-infos-the-newsletter-of-planete-urgence\\\/\"]}]},{\"@type\":\"BreadcrumbList\",\"@id\":\"https:\\\/\\\/planete-urgence.org\\\/en\\\/planete-infos-the-newsletter-of-planete-urgence\\\/#breadcrumb\",\"itemListElement\":[{\"@type\":\"ListItem\",\"position\":1,\"name\":\"Accueil\",\"item\":\"https:\\\/\\\/planete-urgence.org\\\/en\\\/\"},{\"@type\":\"ListItem\",\"position\":2,\"name\":\"Plan\u00e8te Infos, the newsletter of Plan\u00e8te Urgence\"}]},{\"@type\":\"WebSite\",\"@id\":\"https:\\\/\\\/planete-urgence.org\\\/en\\\/#website\",\"url\":\"https:\\\/\\\/planete-urgence.org\\\/en\\\/\",\"name\":\"Plan\u00e8te Urgence\",\"description\":\"Volontariat &amp; d\u00e9veloppement\",\"publisher\":{\"@id\":\"https:\\\/\\\/planete-urgence.org\\\/en\\\/#organization\"},\"potentialAction\":[{\"@type\":\"SearchAction\",\"target\":{\"@type\":\"EntryPoint\",\"urlTemplate\":\"https:\\\/\\\/planete-urgence.org\\\/en\\\/?s={search_term_string}\"},\"query-input\":{\"@type\":\"PropertyValueSpecification\",\"valueRequired\":true,\"valueName\":\"search_term_string\"}}],\"inLanguage\":\"en-US\"},{\"@type\":\"Organization\",\"@id\":\"https:\\\/\\\/planete-urgence.org\\\/en\\\/#organization\",\"name\":\"Plan\u00e8te Urgence\",\"url\":\"https:\\\/\\\/planete-urgence.org\\\/en\\\/\",\"logo\":{\"@type\":\"ImageObject\",\"inLanguage\":\"en-US\",\"@id\":\"https:\\\/\\\/planete-urgence.org\\\/en\\\/#\\\/schema\\\/logo\\\/image\\\/\",\"url\":\"https:\\\/\\\/planete-urgence.org\\\/wp-content\\\/uploads\\\/2021\\\/03\\\/logo-pu.png\",\"contentUrl\":\"https:\\\/\\\/planete-urgence.org\\\/wp-content\\\/uploads\\\/2021\\\/03\\\/logo-pu.png\",\"width\":187,\"height\":120,\"caption\":\"Plan\u00e8te Urgence\"},\"image\":{\"@id\":\"https:\\\/\\\/planete-urgence.org\\\/en\\\/#\\\/schema\\\/logo\\\/image\\\/\"},\"sameAs\":[\"https:\\\/\\\/www.facebook.com\\\/planete.urgence\\\/\",\"https:\\\/\\\/x.com\\\/PlaneteUrgence\"]}]}<\/script>\n<!-- \/ Yoast SEO plugin. -->","yoast_head_json":{"title":"Plan\u00e8te Infos, the newsletter of Plan\u00e8te Urgence - Plan\u00e8te Urgence","description":"Le moyen le plus simple de commencer \u00e0 agir est de s\u2019informer. Pour ne rien rater de nos actions et actualit\u00e9s.","robots":{"index":"index","follow":"follow","max-snippet":"max-snippet:-1","max-image-preview":"max-image-preview:large","max-video-preview":"max-video-preview:-1"},"canonical":"https:\/\/planete-urgence.org\/en\/planete-infos-the-newsletter-of-planete-urgence\/","og_locale":"en_US","og_type":"article","og_title":"Plan\u00e8te Infos, the newsletter of Plan\u00e8te Urgence - Plan\u00e8te Urgence","og_description":"Le moyen le plus simple de commencer \u00e0 agir est de s\u2019informer. Pour ne rien rater de nos actions et actualit\u00e9s.","og_url":"https:\/\/planete-urgence.org\/en\/planete-infos-the-newsletter-of-planete-urgence\/","og_site_name":"Plan\u00e8te Urgence","article_publisher":"https:\/\/www.facebook.com\/planete.urgence\/","article_modified_time":"2022-08-21T19:33:06+00:00","twitter_card":"summary_large_image","twitter_site":"@PlaneteUrgence","schema":{"@context":"https:\/\/schema.org","@graph":[{"@type":"WebPage","@id":"https:\/\/planete-urgence.org\/en\/planete-infos-the-newsletter-of-planete-urgence\/","url":"https:\/\/planete-urgence.org\/en\/planete-infos-the-newsletter-of-planete-urgence\/","name":"Plan\u00e8te Infos, the newsletter of Plan\u00e8te Urgence - Plan\u00e8te Urgence","isPartOf":{"@id":"https:\/\/planete-urgence.org\/en\/#website"},"datePublished":"2022-06-22T20:03:06+00:00","dateModified":"2022-08-21T19:33:06+00:00","description":"Le moyen le plus simple de commencer \u00e0 agir est de s\u2019informer. Pour ne rien rater de nos actions et actualit\u00e9s.","breadcrumb":{"@id":"https:\/\/planete-urgence.org\/en\/planete-infos-the-newsletter-of-planete-urgence\/#breadcrumb"},"inLanguage":"en-US","potentialAction":[{"@type":"ReadAction","target":["https:\/\/planete-urgence.org\/en\/planete-infos-the-newsletter-of-planete-urgence\/"]}]},{"@type":"BreadcrumbList","@id":"https:\/\/planete-urgence.org\/en\/planete-infos-the-newsletter-of-planete-urgence\/#breadcrumb","itemListElement":[{"@type":"ListItem","position":1,"name":"Accueil","item":"https:\/\/planete-urgence.org\/en\/"},{"@type":"ListItem","position":2,"name":"Plan\u00e8te Infos, the newsletter of Plan\u00e8te Urgence"}]},{"@type":"WebSite","@id":"https:\/\/planete-urgence.org\/en\/#website","url":"https:\/\/planete-urgence.org\/en\/","name":"Plan\u00e8te Urgence","description":"Volontariat &amp; d\u00e9veloppement","publisher":{"@id":"https:\/\/planete-urgence.org\/en\/#organization"},"potentialAction":[{"@type":"SearchAction","target":{"@type":"EntryPoint","urlTemplate":"https:\/\/planete-urgence.org\/en\/?s={search_term_string}"},"query-input":{"@type":"PropertyValueSpecification","valueRequired":true,"valueName":"search_term_string"}}],"inLanguage":"en-US"},{"@type":"Organization","@id":"https:\/\/planete-urgence.org\/en\/#organization","name":"Plan\u00e8te Urgence","url":"https:\/\/planete-urgence.org\/en\/","logo":{"@type":"ImageObject","inLanguage":"en-US","@id":"https:\/\/planete-urgence.org\/en\/#\/schema\/logo\/image\/","url":"https:\/\/planete-urgence.org\/wp-content\/uploads\/2021\/03\/logo-pu.png","contentUrl":"https:\/\/planete-urgence.org\/wp-content\/uploads\/2021\/03\/logo-pu.png","width":187,"height":120,"caption":"Plan\u00e8te Urgence"},"image":{"@id":"https:\/\/planete-urgence.org\/en\/#\/schema\/logo\/image\/"},"sameAs":["https:\/\/www.facebook.com\/planete.urgence\/","https:\/\/x.com\/PlaneteUrgence"]}]}},"_links":{"self":[{"href":"https:\/\/planete-urgence.org\/en\/wp-json\/wp\/v2\/pages\/18888","targetHints":{"allow":["GET"]}}],"collection":[{"href":"https:\/\/planete-urgence.org\/en\/wp-json\/wp\/v2\/pages"}],"about":[{"href":"https:\/\/planete-urgence.org\/en\/wp-json\/wp\/v2\/types\/page"}],"author":[{"embeddable":true,"href":"https:\/\/planete-urgence.org\/en\/wp-json\/wp\/v2\/users\/1"}],"replies":[{"embeddable":true,"href":"https:\/\/planete-urgence.org\/en\/wp-json\/wp\/v2\/comments?post=18888"}],"version-history":[{"count":2,"href":"https:\/\/planete-urgence.org\/en\/wp-json\/wp\/v2\/pages\/18888\/revisions"}],"predecessor-version":[{"id":18891,"href":"https:\/\/planete-urgence.org\/en\/wp-json\/wp\/v2\/pages\/18888\/revisions\/18891"}],"wp:attachment":[{"href":"https:\/\/planete-urgence.org\/en\/wp-json\/wp\/v2\/media?parent=18888"}],"curies":[{"name":"wp","href":"https:\/\/api.w.org\/{rel}","templated":true}]}}