{"id":18809,"date":"2022-06-22T22:01:51","date_gmt":"2022-06-22T20:01:51","guid":{"rendered":"https:\/\/planete-urgence.org\/notre-impact\/"},"modified":"2022-08-21T20:15:43","modified_gmt":"2022-08-21T18:15:43","slug":"our-impact","status":"publish","type":"page","link":"https:\/\/planete-urgence.org\/en\/our-impact\/","title":{"rendered":"Our impact"},"content":{"rendered":"<div id=\"field_62c6add8b1910\" class=\"container-fluid px-0 flexible_section block_hero\">\n  <div id=\"hero_62c6add8b1910\" class=\"hero_container px-0\">\n   <div class=\"hero_image_outer\">\n<picture class=\"skip-lazy\">\r\n\t\t\t\t\t<source srcset=\"https:\/\/planete-urgence.org\/wp-content\/uploads\/2021\/04\/Indonesie-reforestation-Indonesie-aou-2009-reforestation-region-medan-PGouriellec-1.jpg\" media=\"(min-width: 578px)\" class=\"skip-lazy\">\r\n\t\t\t\t\t<img srcset=\"https:\/\/planete-urgence.org\/wp-content\/uploads\/2021\/04\/Indonesie-reforestation-Indonesie-aou-2009-reforestation-region-medan-PGouriellec-1.jpg\" alt=\"\" class=\"heroimage \" \/>\r\n\t\t\t\t<\/picture>   <\/div>\n   <div class=\"hero_content p-3 text-center\" id=\"herocontent_62c6add8b1910\">\t\t<div id=\"fieldcontent_62c6add8b1910_inner\"><h1 class=\"titlepage\" style=\"text-align: center\">Our impact<\/h1>\n<\/div>   <\/div>\n  <\/div>\n<\/div>\n\n\n<div id=\"field_62c6b01f57da9\" class=\"container-fluid px-0 flexible_section block_columns\">\n <div id=\"field_62c6b01f57da9_inner\" class=\"container flexible_section_inner\">\n\n  <div class=\"row flexible_section_title_container\"><div class=\"col-12 flexible_section_title_col\"><h2 class=\"flexible_section_title mb-5 text-center  \">The Sustainable Development Goals (SDGs)<\/h2><\/div><\/div>\n   <div class=\"row flexible_section_content\">\n\n   <div class=\"mb-3 mb-sm-0 col-sm-6 colonne colonne1\">\n    <div class=\"colonne_inner  text-left\">\n<p>Plan\u00e8te Urgence contributes at its level to the achievement of the Sustainable Development Goals set by the UN, and focuses in particular on 6 objectives:<\/p>\n    <\/div>\n   <\/div>\n   <div class=\"col-sm-6 colonne colonne2\">\n    <div class=\"colonne_inner  text-left\">\n<p><img loading=\"lazy\" decoding=\"async\" class=\"wp-image-12416 size-full aligncenter\" src=\"https:\/\/planete-urgence.org\/wp-content\/uploads\/2022\/07\/ood.png\" alt=\"\" width=\"502\" height=\"307\" srcset=\"https:\/\/planete-urgence.org\/wp-content\/uploads\/2022\/07\/ood.png 502w, https:\/\/planete-urgence.org\/wp-content\/uploads\/2022\/07\/ood-300x183.png 300w\" sizes=\"auto, (max-width: 502px) 100vw, 502px\" \/><\/p>\n    <\/div>\n   <\/div>\n  <\/div>\n\n <\/div>\n<\/div>\n\n\n<div id=\"field_62c6b068d0313\" class=\"container-fluid px-0 flexible_section block_columns\">\n <div id=\"field_62c6b068d0313_inner\" class=\"container flexible_section_inner\">\n\n  <div class=\"row flexible_section_title_container\"><div class=\"col-12 flexible_section_title_col\"><h2 class=\"flexible_section_title mb-5 text-center  \">Impact Report<\/h2><\/div><\/div>\n   <div class=\"row flexible_section_content\">\n\n   <div class=\"mb-3 mb-sm-0 col-sm-6 colonne colonne1\">\n    <div class=\"colonne_inner  text-left\">\n<p>The impact sheets of\u00a0<a href=\"https:\/\/planete-urgence.org\/missions-volontariat\/\">volunteering missions<\/a>\u00a0carry the very essence of our association: ensuring that assignments performed by volunteers help advance the projects of our partners on the ground.<br \/>\nThe measurement of results and the evaluation of the impact of the projects that Plan\u00e8te Urgence implements or supports has four objectives:<\/p>\n<p>\u2022 count the number of hours of training provided, the number of beneficiaries affected, the number of trees planted, the number of people trained and \/ or sensitized<br \/>\n\u2022 Understanding the changes brought about by the assignments performed by volunteers for the recipient local organisations and populations.<br \/>\n\u2022 Improving the volunteering protocol, partner selection procedures and project development process. <\/p>\n    <\/div>\n   <\/div>\n   <div class=\"col-sm-6 colonne colonne2\">\n    <div class=\"colonne_inner  text-left\">\n<p>Measuring results and evaluating the impact of programmes is also a question of demonstrating accountability and transparency to those who donate, whether they are private sponsors (individuals, companies and foundations) or public sponsors.<\/p>\n<p>The diagnostics and indicator analyses implemented by Plan\u00e8te Urgence as part of the volunteering process and the Environment &#038; Development programme illustrate the wide range of corporate support work impacts and results for our partners:<\/p>\n<p><img loading=\"lazy\" decoding=\"async\" class=\"alignnone size-full wp-image-8302\" src=\"https:\/\/planete-urgence.org\/wp-content\/uploads\/2021\/12\/schema-impact.gif\" alt=\"\" width=\"744\" height=\"240\" \/><\/p>\n    <\/div>\n   <\/div>\n  <\/div>\n\n <\/div>\n<\/div>\n\n\n\n\n\n\n\n\n<div id=\"field_62c6cd098df00\" class=\"container-fluid px-0 flexible_section block_components\">\n <div id=\"field_62c6cd098df00_inner\" class=\"container flexible_section_inner\">\n\n  <div class=\"row flexible_section_title_container\"><div class=\"col-12 flexible_section_title_col\"><h2 class=\"flexible_section_title mb-5 text-center  \">Our activity report<\/h2><\/div><\/div>\n   <div class=\"row flexible_section_content\">\n\n   <div class=\" col-sm-6 component component_1  \">\n    <div class=\"colonne_inner \">\n<p>Discover our <a href=\"https:\/\/www.calameo.com\/books\/0049177074f384e88cb10\" target=\"_blank\" rel=\"noopener\">activity report for the year 2021<\/a>.<\/p>\n<p>&nbsp;<\/p>\n<p><iframe loading=\"lazy\" style=\"margin: 0 auto;\" src=\"\/\/v.calameo.com\/?bkcode=0049177074f384e88cb10\" width=\"300\" height=\"194\" frameborder=\"0\" scrolling=\"no\" allowfullscreen=\"allowfullscreen\"><\/iframe><\/p>\n\n    <\/div>\n   <\/div>\n   <div class=\" col-sm-6 component component_2  \">\n    <div class=\"colonne_inner \">\n  <div id=\"ressources_62c6cd098df00_2\">\n  <div class=\"elem_resource\">\n   <p class=\"ressource_item p-1 \">\n    <a href=\"https:\/\/planete-urgence.org\/wp-content\/uploads\/2022\/07\/RA_Planete-Urgence_2021.pdf\" target=\"_self\"><i class=\"far fa-file-pdf\"><\/i> Download the report activity 2021<\/a>\n   <\/p>\n   <\/div>\n  <div class=\"elem_resource\">\n   <p class=\"ressource_item p-1 \">\n    <a href=\"https:\/\/planete-urgence.org\/wp-content\/uploads\/2022\/03\/RA_Planete-Urgence_2020.pdf\" target=\"_self\"><i class=\"far fa-file-pdf\"><\/i> Download the report activity 2020<\/a>\n   <\/p>\n   <\/div>\n  <div class=\"elem_resource\">\n   <p class=\"ressource_item p-1 \">\n    <a href=\"https:\/\/planete-urgence.org\/wp-content\/uploads\/2022\/01\/RA-Planete-Urgence_2019.pdf\" target=\"_self\"><i class=\"far fa-file-pdf\"><\/i> Download the report activity 2019<\/a>\n   <\/p>\n   <\/div>\n  <div class=\"elem_resource\">\n   <p class=\"ressource_item p-1 \">\n    <a href=\"https:\/\/planete-urgence.org\/wp-content\/uploads\/2022\/01\/Planete-Urgence-Rapport_Activite_2018.pdf\" target=\"_self\"><i class=\"far fa-file-pdf\"><\/i> Download the report activity 2018<\/a>\n   <\/p>\n   <\/div>\n  <div class=\"elem_resource\">\n   <p class=\"ressource_item p-1 \">\n    <a href=\"https:\/\/planete-urgence.org\/wp-content\/uploads\/2022\/01\/RA-2017-Planete-Urgence.pdf\" target=\"_self\"><i class=\"far fa-file-pdf\"><\/i> Download the report activity 2017<\/a>\n   <\/p>\n   <\/div>\n  <div class=\"elem_resource\">\n   <p class=\"ressource_item p-1 \">\n    <a href=\"https:\/\/planete-urgence.org\/wp-content\/uploads\/2022\/01\/RA-PU-2016-V6.pdf\" target=\"_self\"><i class=\"far fa-file-pdf\"><\/i> Download the report activity 2016<\/a>\n   <\/p>\n   <\/div>\n  <\/div>\n\n\n    <\/div>\n   <\/div>\n  <\/div>\n\n <\/div>\n<\/div>\n\n\n<div id=\"field_62c6d7a5a27ed\" class=\"container-fluid px-0 flexible_section block_columns\">\n <div id=\"field_62c6d7a5a27ed_inner\" class=\"container flexible_section_inner\">\n\n   <div class=\"row flexible_section_content\">\n\n   <div class=\"mb-3 mb-sm-0 col-sm-6 colonne colonne1\">\n    <div class=\"colonne_inner  text-left\">\n<p>In a world where crises are amplifying, it is necessary to increase local and international solidarity in order to be able to achieve the ambitious objectives of sustainable development set by the UN.<\/p>\n<p>International solidarity volunteering is a concrete and powerful response to current challenges. 97% of partners supported by Plan\u00e8te Urgence\u2019s volunteering believe that the intervention of these volunteers contributes to the achievement of the Sustainable Development Goals (SDGs).<\/p>\n<p>In November 2020, Plan\u00e8te Urgence published its report \u201cVolunteering and Sustainable Development Goals: studies and experiences\u201d with the aim of demonstrating the powerful impact that volunteering can bring to our local partners and to its contribution to the SDGs.<\/p>\n<p>&nbsp;<\/p>\n<p style=\"text-align: center\"><a class=\"redbutton\" href=\"https:\/\/fr.calameo.com\/read\/0058215322c0e4580f4b9?page=1\" target=\"_blank\" rel=\"noopener\">Read the full report<\/a><\/p>\n    <\/div>\n   <\/div>\n   <div class=\"col-sm-6 colonne colonne2\">\n    <div class=\"colonne_inner  text-left\">\n<p><iframe loading=\"lazy\" style=\"margin: 0 auto\" src=\"\/\/v.calameo.com\/?bkcode=0058215322c0e4580f4b9&amp;mode=mini\" width=\"700\" height=\"520\" frameborder=\"0\" allowfullscreen=\"allowfullscreen\"><\/iframe><\/p>\n    <\/div>\n   <\/div>\n  <\/div>\n\n <\/div>\n<\/div>\n","protected":false},"excerpt":{"rendered":"<p>L&#8217;impact des actions de l&#8217;association est garanti gr\u00e2ce \u00e0 un accompagnement et un suivi complet sur les communaut\u00e9s locales et leur environnement.<\/p>\n","protected":false},"author":1,"featured_media":0,"parent":0,"menu_order":0,"comment_status":"closed","ping_status":"closed","template":"page-flexipow.php","meta":{"_acf_changed":false,"inline_featured_image":false,"footnotes":""},"class_list":["post-18809","page","type-page","status-publish","hentry"],"acf":[],"yoast_head":"<!-- This site is optimized with the Yoast SEO plugin v27.4 - https:\/\/yoast.com\/product\/yoast-seo-wordpress\/ -->\n<title>Our impact - Plan\u00e8te Urgence<\/title>\n<meta name=\"description\" content=\"L&#039;impact des actions de l&#039;association est garanti gr\u00e2ce \u00e0 un accompagnement et un suivi complet sur les communaut\u00e9s locales et leur environnement.\" \/>\n<meta name=\"robots\" content=\"index, follow, max-snippet:-1, max-image-preview:large, max-video-preview:-1\" \/>\n<link rel=\"canonical\" href=\"https:\/\/planete-urgence.org\/en\/our-impact\/\" \/>\n<meta property=\"og:locale\" content=\"en_US\" \/>\n<meta property=\"og:type\" content=\"article\" \/>\n<meta property=\"og:title\" content=\"Our impact - Plan\u00e8te Urgence\" \/>\n<meta property=\"og:description\" content=\"L&#039;impact des actions de l&#039;association est garanti gr\u00e2ce \u00e0 un accompagnement et un suivi complet sur les communaut\u00e9s locales et leur environnement.\" \/>\n<meta property=\"og:url\" content=\"https:\/\/planete-urgence.org\/en\/our-impact\/\" \/>\n<meta property=\"og:site_name\" content=\"Plan\u00e8te Urgence\" \/>\n<meta property=\"article:publisher\" content=\"https:\/\/www.facebook.com\/planete.urgence\/\" \/>\n<meta property=\"article:modified_time\" content=\"2022-08-21T18:15:43+00:00\" \/>\n<meta name=\"twitter:card\" content=\"summary_large_image\" \/>\n<meta name=\"twitter:site\" content=\"@PlaneteUrgence\" \/>\n<script type=\"application\/ld+json\" class=\"yoast-schema-graph\">{\"@context\":\"https:\\\/\\\/schema.org\",\"@graph\":[{\"@type\":\"WebPage\",\"@id\":\"https:\\\/\\\/planete-urgence.org\\\/en\\\/our-impact\\\/\",\"url\":\"https:\\\/\\\/planete-urgence.org\\\/en\\\/our-impact\\\/\",\"name\":\"Our impact - Plan\u00e8te Urgence\",\"isPartOf\":{\"@id\":\"https:\\\/\\\/planete-urgence.org\\\/en\\\/#website\"},\"datePublished\":\"2022-06-22T20:01:51+00:00\",\"dateModified\":\"2022-08-21T18:15:43+00:00\",\"description\":\"L'impact des actions de l'association est garanti gr\u00e2ce \u00e0 un accompagnement et un suivi complet sur les communaut\u00e9s locales et leur environnement.\",\"breadcrumb\":{\"@id\":\"https:\\\/\\\/planete-urgence.org\\\/en\\\/our-impact\\\/#breadcrumb\"},\"inLanguage\":\"en-US\",\"potentialAction\":[{\"@type\":\"ReadAction\",\"target\":[\"https:\\\/\\\/planete-urgence.org\\\/en\\\/our-impact\\\/\"]}]},{\"@type\":\"BreadcrumbList\",\"@id\":\"https:\\\/\\\/planete-urgence.org\\\/en\\\/our-impact\\\/#breadcrumb\",\"itemListElement\":[{\"@type\":\"ListItem\",\"position\":1,\"name\":\"Accueil\",\"item\":\"https:\\\/\\\/planete-urgence.org\\\/en\\\/\"},{\"@type\":\"ListItem\",\"position\":2,\"name\":\"Our impact\"}]},{\"@type\":\"WebSite\",\"@id\":\"https:\\\/\\\/planete-urgence.org\\\/en\\\/#website\",\"url\":\"https:\\\/\\\/planete-urgence.org\\\/en\\\/\",\"name\":\"Plan\u00e8te Urgence\",\"description\":\"Volontariat &amp; d\u00e9veloppement\",\"publisher\":{\"@id\":\"https:\\\/\\\/planete-urgence.org\\\/en\\\/#organization\"},\"potentialAction\":[{\"@type\":\"SearchAction\",\"target\":{\"@type\":\"EntryPoint\",\"urlTemplate\":\"https:\\\/\\\/planete-urgence.org\\\/en\\\/?s={search_term_string}\"},\"query-input\":{\"@type\":\"PropertyValueSpecification\",\"valueRequired\":true,\"valueName\":\"search_term_string\"}}],\"inLanguage\":\"en-US\"},{\"@type\":\"Organization\",\"@id\":\"https:\\\/\\\/planete-urgence.org\\\/en\\\/#organization\",\"name\":\"Plan\u00e8te Urgence\",\"url\":\"https:\\\/\\\/planete-urgence.org\\\/en\\\/\",\"logo\":{\"@type\":\"ImageObject\",\"inLanguage\":\"en-US\",\"@id\":\"https:\\\/\\\/planete-urgence.org\\\/en\\\/#\\\/schema\\\/logo\\\/image\\\/\",\"url\":\"https:\\\/\\\/planete-urgence.org\\\/wp-content\\\/uploads\\\/2021\\\/03\\\/logo-pu.png\",\"contentUrl\":\"https:\\\/\\\/planete-urgence.org\\\/wp-content\\\/uploads\\\/2021\\\/03\\\/logo-pu.png\",\"width\":187,\"height\":120,\"caption\":\"Plan\u00e8te Urgence\"},\"image\":{\"@id\":\"https:\\\/\\\/planete-urgence.org\\\/en\\\/#\\\/schema\\\/logo\\\/image\\\/\"},\"sameAs\":[\"https:\\\/\\\/www.facebook.com\\\/planete.urgence\\\/\",\"https:\\\/\\\/x.com\\\/PlaneteUrgence\"]}]}<\/script>\n<!-- \/ Yoast SEO plugin. -->","yoast_head_json":{"title":"Our impact - Plan\u00e8te Urgence","description":"L'impact des actions de l'association est garanti gr\u00e2ce \u00e0 un accompagnement et un suivi complet sur les communaut\u00e9s locales et leur environnement.","robots":{"index":"index","follow":"follow","max-snippet":"max-snippet:-1","max-image-preview":"max-image-preview:large","max-video-preview":"max-video-preview:-1"},"canonical":"https:\/\/planete-urgence.org\/en\/our-impact\/","og_locale":"en_US","og_type":"article","og_title":"Our impact - Plan\u00e8te Urgence","og_description":"L'impact des actions de l'association est garanti gr\u00e2ce \u00e0 un accompagnement et un suivi complet sur les communaut\u00e9s locales et leur environnement.","og_url":"https:\/\/planete-urgence.org\/en\/our-impact\/","og_site_name":"Plan\u00e8te Urgence","article_publisher":"https:\/\/www.facebook.com\/planete.urgence\/","article_modified_time":"2022-08-21T18:15:43+00:00","twitter_card":"summary_large_image","twitter_site":"@PlaneteUrgence","schema":{"@context":"https:\/\/schema.org","@graph":[{"@type":"WebPage","@id":"https:\/\/planete-urgence.org\/en\/our-impact\/","url":"https:\/\/planete-urgence.org\/en\/our-impact\/","name":"Our impact - Plan\u00e8te Urgence","isPartOf":{"@id":"https:\/\/planete-urgence.org\/en\/#website"},"datePublished":"2022-06-22T20:01:51+00:00","dateModified":"2022-08-21T18:15:43+00:00","description":"L'impact des actions de l'association est garanti gr\u00e2ce \u00e0 un accompagnement et un suivi complet sur les communaut\u00e9s locales et leur environnement.","breadcrumb":{"@id":"https:\/\/planete-urgence.org\/en\/our-impact\/#breadcrumb"},"inLanguage":"en-US","potentialAction":[{"@type":"ReadAction","target":["https:\/\/planete-urgence.org\/en\/our-impact\/"]}]},{"@type":"BreadcrumbList","@id":"https:\/\/planete-urgence.org\/en\/our-impact\/#breadcrumb","itemListElement":[{"@type":"ListItem","position":1,"name":"Accueil","item":"https:\/\/planete-urgence.org\/en\/"},{"@type":"ListItem","position":2,"name":"Our impact"}]},{"@type":"WebSite","@id":"https:\/\/planete-urgence.org\/en\/#website","url":"https:\/\/planete-urgence.org\/en\/","name":"Plan\u00e8te Urgence","description":"Volontariat &amp; d\u00e9veloppement","publisher":{"@id":"https:\/\/planete-urgence.org\/en\/#organization"},"potentialAction":[{"@type":"SearchAction","target":{"@type":"EntryPoint","urlTemplate":"https:\/\/planete-urgence.org\/en\/?s={search_term_string}"},"query-input":{"@type":"PropertyValueSpecification","valueRequired":true,"valueName":"search_term_string"}}],"inLanguage":"en-US"},{"@type":"Organization","@id":"https:\/\/planete-urgence.org\/en\/#organization","name":"Plan\u00e8te Urgence","url":"https:\/\/planete-urgence.org\/en\/","logo":{"@type":"ImageObject","inLanguage":"en-US","@id":"https:\/\/planete-urgence.org\/en\/#\/schema\/logo\/image\/","url":"https:\/\/planete-urgence.org\/wp-content\/uploads\/2021\/03\/logo-pu.png","contentUrl":"https:\/\/planete-urgence.org\/wp-content\/uploads\/2021\/03\/logo-pu.png","width":187,"height":120,"caption":"Plan\u00e8te Urgence"},"image":{"@id":"https:\/\/planete-urgence.org\/en\/#\/schema\/logo\/image\/"},"sameAs":["https:\/\/www.facebook.com\/planete.urgence\/","https:\/\/x.com\/PlaneteUrgence"]}]}},"_links":{"self":[{"href":"https:\/\/planete-urgence.org\/en\/wp-json\/wp\/v2\/pages\/18809","targetHints":{"allow":["GET"]}}],"collection":[{"href":"https:\/\/planete-urgence.org\/en\/wp-json\/wp\/v2\/pages"}],"about":[{"href":"https:\/\/planete-urgence.org\/en\/wp-json\/wp\/v2\/types\/page"}],"author":[{"embeddable":true,"href":"https:\/\/planete-urgence.org\/en\/wp-json\/wp\/v2\/users\/1"}],"replies":[{"embeddable":true,"href":"https:\/\/planete-urgence.org\/en\/wp-json\/wp\/v2\/comments?post=18809"}],"version-history":[{"count":6,"href":"https:\/\/planete-urgence.org\/en\/wp-json\/wp\/v2\/pages\/18809\/revisions"}],"predecessor-version":[{"id":18875,"href":"https:\/\/planete-urgence.org\/en\/wp-json\/wp\/v2\/pages\/18809\/revisions\/18875"}],"wp:attachment":[{"href":"https:\/\/planete-urgence.org\/en\/wp-json\/wp\/v2\/media?parent=18809"}],"curies":[{"name":"wp","href":"https:\/\/api.w.org\/{rel}","templated":true}]}}