{"id":18805,"date":"2022-06-22T22:01:36","date_gmt":"2022-06-22T20:01:36","guid":{"rendered":"https:\/\/planete-urgence.org\/notre-histoire\/"},"modified":"2022-08-21T16:58:56","modified_gmt":"2022-08-21T14:58:56","slug":"the-history-of-planete-urgence","status":"publish","type":"page","link":"https:\/\/planete-urgence.org\/en\/the-history-of-planete-urgence\/","title":{"rendered":"Our history"},"content":{"rendered":"<div id=\"field_62c5fbd8a8605\" class=\"container-fluid px-0 flexible_section block_hero\">\n  <div id=\"hero_62c5fbd8a8605\" class=\"hero_container px-0\">\n   <div class=\"hero_image_outer\">\n<picture class=\"skip-lazy\">\r\n\t\t\t\t\t<source srcset=\"https:\/\/planete-urgence.org\/wp-content\/uploads\/2021\/05\/HistoirePU.jpg\" media=\"(min-width: 578px)\" class=\"skip-lazy\">\r\n\t\t\t\t\t<img srcset=\"https:\/\/planete-urgence.org\/wp-content\/uploads\/2021\/05\/HistoirePU.jpg\" alt=\"\" class=\"heroimage \" \/>\r\n\t\t\t\t<\/picture>   <\/div>\n   <div class=\"hero_content p-3 text-center\" id=\"herocontent_62c5fbd8a8605\">\t\t<div id=\"fieldcontent_62c5fbd8a8605_inner\"><h1 class=\"titlepage\" style=\"text-align: center\">Our history<\/h1>\n<\/div>   <\/div>\n  <\/div>\n<\/div>\n\n\n<div id=\"field_62c5fcba1a556\" class=\"container-fluid px-0 flexible_section block_timeline\">\n <div id=\"field_62c5fcba1a556_inner\" class=\"container flexible_section_inner\">\n\n   <ul id=\"timeline_62c5fcba1a556\" class=\"timeline\">\n    <li style=\"margin-top: 0px;\">\n     <div class=\"timeline_element\">\n      <div class=\"timeline_header\">\n\t\t\t<h3>1991<\/h3>\n\t  <\/div>\n\t  <div class=\"timeline_content\"><p><span class=\"rouge\"><strong>An emerging idea<\/p>\n<p><\/strong><\/span><\/p>\n<p>During the Gulf War in Iraq, Herv\u00e9 Dubois was a logistics officer at Medecins du Monde. He noticed that some skills could be useful for international solidarity and would help meet the many needs not covered by normal cooperation models.<br \/>\nA new type of involvement needed to be created to meet the needs of international solidarity stakeholders on the ground and the desire of citizens wanting to get involved.<\/p>\n<p>Herv\u00e9 Dubois made that concept a reality by founding an association called Cong\u00e9 Solidaire\u00ae.<\/p>\n<\/div>\n\t <\/div>\n    <\/li>\n    <li style=\"margin-top: -100px;\">\n     <div class=\"timeline_element\">\n      <div class=\"timeline_header\">\n\t\t\t<h3>2000<\/h3>\n\t  <\/div>\n\t  <div class=\"timeline_content\"><p><span class=\"rouge\"><strong>The creation of the association<\/strong><\/span><\/p>\n<p>Creation by Herv\u00e9 Dubois and Pierre Levy of the \u00ab Cong\u00e9 Solidaire \u00bb association.<\/p>\n<\/div>\n\t <\/div>\n    <\/li>\n    <li style=\"margin-top: 0px;\">\n     <div class=\"timeline_element\">\n      <div class=\"timeline_header\">\n\t\t\t<h3>2005<\/h3>\n\t  <\/div>\n\t  <div class=\"timeline_content\"><p><span class=\"rouge\"><strong>A desire to provide a complete solution for people and the environment<\/strong><\/span><\/p>\n<p>Following the earthquake in the Indian Ocean which caused a tsunami in 2004 on the Indonesian coast, the association decided to offer a complete response to the challenges of development by combining the provision of skills and environmental and development programmes. It then changed its name to Plan\u00e8te Urgence!<\/p>\n<\/div>\n\t <\/div>\n    <\/li>\n    <li style=\"margin-top: -100px;\">\n     <div class=\"timeline_element\">\n      <div class=\"timeline_header\">\n\t\t\t<h3>2017<\/h3>\n\t  <\/div>\n\t  <div class=\"timeline_content\"><p><span class=\"rouge\"><strong>Integration with the SOS Group<\/strong><\/span><\/p>\n<p>In 2017 Plan\u00e8te Urgence joined the SOS Group led by Jean-Marc Borello, becoming the sixth association in this international solidarity hub alongside Ginkgo \u2013 Volunteers in Action, Sant\u00e9 Sud, Djantoli, Afghanistan Libre and Play International.<\/p>\n<p><span class=\"rouge\"><strong>Collaborating with GINKGO<\/strong><\/span><\/p>\n<p>Plan\u00e8te Urgence started working closer with Ginkgo \u2013 Volunteers in Action, another NGO member of SOS Group. Over the years, our teams have merged and restructured<\/p>\n<\/div>\n\t <\/div>\n    <\/li>\n    <li style=\"margin-top: 0px;\">\n     <div class=\"timeline_element\">\n      <div class=\"timeline_header\">\n\t\t\t<h3>2018<\/h3>\n\t  <\/div>\n\t  <div class=\"timeline_content\"><p><span class=\"rouge\"><strong>A new President<\/strong><\/span><\/p>\n<p>In June, Patrice Papet became the new Plan\u00e8te Urgence President.<\/p>\n<\/div>\n\t <\/div>\n    <\/li>\n   <\/ul>\n\n <\/div>\n<\/div>\n","protected":false},"excerpt":{"rendered":"<p>L&#8217;histoire de Plan\u00e8te Urgence, ONG de solidarit\u00e9 internationale d\u00e9bute en 2000. Elle \u0153uvre au renforcement des Hommes pour une plan\u00e8te durable et solidaire.<\/p>\n","protected":false},"author":1,"featured_media":0,"parent":0,"menu_order":0,"comment_status":"closed","ping_status":"closed","template":"page-flexipow.php","meta":{"_acf_changed":false,"inline_featured_image":false,"footnotes":""},"class_list":["post-18805","page","type-page","status-publish","hentry"],"acf":[],"yoast_head":"<!-- This site is optimized with the Yoast SEO plugin v27.4 - https:\/\/yoast.com\/product\/yoast-seo-wordpress\/ -->\n<title>Our history - Plan\u00e8te Urgence<\/title>\n<meta name=\"description\" content=\"L&#039;histoire de Plan\u00e8te Urgence, ONG de solidarit\u00e9 internationale d\u00e9bute en 2000. Elle \u0153uvre au renforcement des Hommes pour une plan\u00e8te durable et solidaire.\" \/>\n<meta name=\"robots\" content=\"index, follow, max-snippet:-1, max-image-preview:large, max-video-preview:-1\" \/>\n<link rel=\"canonical\" href=\"https:\/\/planete-urgence.org\/en\/the-history-of-planete-urgence\/\" \/>\n<meta property=\"og:locale\" content=\"en_US\" \/>\n<meta property=\"og:type\" content=\"article\" \/>\n<meta property=\"og:title\" content=\"Our history - Plan\u00e8te Urgence\" \/>\n<meta property=\"og:description\" content=\"L&#039;histoire de Plan\u00e8te Urgence, ONG de solidarit\u00e9 internationale d\u00e9bute en 2000. Elle \u0153uvre au renforcement des Hommes pour une plan\u00e8te durable et solidaire.\" \/>\n<meta property=\"og:url\" content=\"https:\/\/planete-urgence.org\/en\/the-history-of-planete-urgence\/\" \/>\n<meta property=\"og:site_name\" content=\"Plan\u00e8te Urgence\" \/>\n<meta property=\"article:publisher\" content=\"https:\/\/www.facebook.com\/planete.urgence\/\" \/>\n<meta property=\"article:modified_time\" content=\"2022-08-21T14:58:56+00:00\" \/>\n<meta name=\"twitter:card\" content=\"summary_large_image\" \/>\n<meta name=\"twitter:site\" content=\"@PlaneteUrgence\" \/>\n<script type=\"application\/ld+json\" class=\"yoast-schema-graph\">{\"@context\":\"https:\\\/\\\/schema.org\",\"@graph\":[{\"@type\":\"WebPage\",\"@id\":\"https:\\\/\\\/planete-urgence.org\\\/en\\\/the-history-of-planete-urgence\\\/\",\"url\":\"https:\\\/\\\/planete-urgence.org\\\/en\\\/the-history-of-planete-urgence\\\/\",\"name\":\"Our history - Plan\u00e8te Urgence\",\"isPartOf\":{\"@id\":\"https:\\\/\\\/planete-urgence.org\\\/en\\\/#website\"},\"datePublished\":\"2022-06-22T20:01:36+00:00\",\"dateModified\":\"2022-08-21T14:58:56+00:00\",\"description\":\"L'histoire de Plan\u00e8te Urgence, ONG de solidarit\u00e9 internationale d\u00e9bute en 2000. Elle \u0153uvre au renforcement des Hommes pour une plan\u00e8te durable et solidaire.\",\"breadcrumb\":{\"@id\":\"https:\\\/\\\/planete-urgence.org\\\/en\\\/the-history-of-planete-urgence\\\/#breadcrumb\"},\"inLanguage\":\"en-US\",\"potentialAction\":[{\"@type\":\"ReadAction\",\"target\":[\"https:\\\/\\\/planete-urgence.org\\\/en\\\/the-history-of-planete-urgence\\\/\"]}]},{\"@type\":\"BreadcrumbList\",\"@id\":\"https:\\\/\\\/planete-urgence.org\\\/en\\\/the-history-of-planete-urgence\\\/#breadcrumb\",\"itemListElement\":[{\"@type\":\"ListItem\",\"position\":1,\"name\":\"Accueil\",\"item\":\"https:\\\/\\\/planete-urgence.org\\\/en\\\/\"},{\"@type\":\"ListItem\",\"position\":2,\"name\":\"Our history\"}]},{\"@type\":\"WebSite\",\"@id\":\"https:\\\/\\\/planete-urgence.org\\\/en\\\/#website\",\"url\":\"https:\\\/\\\/planete-urgence.org\\\/en\\\/\",\"name\":\"Plan\u00e8te Urgence\",\"description\":\"Volontariat &amp; d\u00e9veloppement\",\"publisher\":{\"@id\":\"https:\\\/\\\/planete-urgence.org\\\/en\\\/#organization\"},\"potentialAction\":[{\"@type\":\"SearchAction\",\"target\":{\"@type\":\"EntryPoint\",\"urlTemplate\":\"https:\\\/\\\/planete-urgence.org\\\/en\\\/?s={search_term_string}\"},\"query-input\":{\"@type\":\"PropertyValueSpecification\",\"valueRequired\":true,\"valueName\":\"search_term_string\"}}],\"inLanguage\":\"en-US\"},{\"@type\":\"Organization\",\"@id\":\"https:\\\/\\\/planete-urgence.org\\\/en\\\/#organization\",\"name\":\"Plan\u00e8te Urgence\",\"url\":\"https:\\\/\\\/planete-urgence.org\\\/en\\\/\",\"logo\":{\"@type\":\"ImageObject\",\"inLanguage\":\"en-US\",\"@id\":\"https:\\\/\\\/planete-urgence.org\\\/en\\\/#\\\/schema\\\/logo\\\/image\\\/\",\"url\":\"https:\\\/\\\/planete-urgence.org\\\/wp-content\\\/uploads\\\/2021\\\/03\\\/logo-pu.png\",\"contentUrl\":\"https:\\\/\\\/planete-urgence.org\\\/wp-content\\\/uploads\\\/2021\\\/03\\\/logo-pu.png\",\"width\":187,\"height\":120,\"caption\":\"Plan\u00e8te Urgence\"},\"image\":{\"@id\":\"https:\\\/\\\/planete-urgence.org\\\/en\\\/#\\\/schema\\\/logo\\\/image\\\/\"},\"sameAs\":[\"https:\\\/\\\/www.facebook.com\\\/planete.urgence\\\/\",\"https:\\\/\\\/x.com\\\/PlaneteUrgence\"]}]}<\/script>\n<!-- \/ Yoast SEO plugin. -->","yoast_head_json":{"title":"Our history - Plan\u00e8te Urgence","description":"L'histoire de Plan\u00e8te Urgence, ONG de solidarit\u00e9 internationale d\u00e9bute en 2000. Elle \u0153uvre au renforcement des Hommes pour une plan\u00e8te durable et solidaire.","robots":{"index":"index","follow":"follow","max-snippet":"max-snippet:-1","max-image-preview":"max-image-preview:large","max-video-preview":"max-video-preview:-1"},"canonical":"https:\/\/planete-urgence.org\/en\/the-history-of-planete-urgence\/","og_locale":"en_US","og_type":"article","og_title":"Our history - Plan\u00e8te Urgence","og_description":"L'histoire de Plan\u00e8te Urgence, ONG de solidarit\u00e9 internationale d\u00e9bute en 2000. Elle \u0153uvre au renforcement des Hommes pour une plan\u00e8te durable et solidaire.","og_url":"https:\/\/planete-urgence.org\/en\/the-history-of-planete-urgence\/","og_site_name":"Plan\u00e8te Urgence","article_publisher":"https:\/\/www.facebook.com\/planete.urgence\/","article_modified_time":"2022-08-21T14:58:56+00:00","twitter_card":"summary_large_image","twitter_site":"@PlaneteUrgence","schema":{"@context":"https:\/\/schema.org","@graph":[{"@type":"WebPage","@id":"https:\/\/planete-urgence.org\/en\/the-history-of-planete-urgence\/","url":"https:\/\/planete-urgence.org\/en\/the-history-of-planete-urgence\/","name":"Our history - Plan\u00e8te Urgence","isPartOf":{"@id":"https:\/\/planete-urgence.org\/en\/#website"},"datePublished":"2022-06-22T20:01:36+00:00","dateModified":"2022-08-21T14:58:56+00:00","description":"L'histoire de Plan\u00e8te Urgence, ONG de solidarit\u00e9 internationale d\u00e9bute en 2000. Elle \u0153uvre au renforcement des Hommes pour une plan\u00e8te durable et solidaire.","breadcrumb":{"@id":"https:\/\/planete-urgence.org\/en\/the-history-of-planete-urgence\/#breadcrumb"},"inLanguage":"en-US","potentialAction":[{"@type":"ReadAction","target":["https:\/\/planete-urgence.org\/en\/the-history-of-planete-urgence\/"]}]},{"@type":"BreadcrumbList","@id":"https:\/\/planete-urgence.org\/en\/the-history-of-planete-urgence\/#breadcrumb","itemListElement":[{"@type":"ListItem","position":1,"name":"Accueil","item":"https:\/\/planete-urgence.org\/en\/"},{"@type":"ListItem","position":2,"name":"Our history"}]},{"@type":"WebSite","@id":"https:\/\/planete-urgence.org\/en\/#website","url":"https:\/\/planete-urgence.org\/en\/","name":"Plan\u00e8te Urgence","description":"Volontariat &amp; d\u00e9veloppement","publisher":{"@id":"https:\/\/planete-urgence.org\/en\/#organization"},"potentialAction":[{"@type":"SearchAction","target":{"@type":"EntryPoint","urlTemplate":"https:\/\/planete-urgence.org\/en\/?s={search_term_string}"},"query-input":{"@type":"PropertyValueSpecification","valueRequired":true,"valueName":"search_term_string"}}],"inLanguage":"en-US"},{"@type":"Organization","@id":"https:\/\/planete-urgence.org\/en\/#organization","name":"Plan\u00e8te Urgence","url":"https:\/\/planete-urgence.org\/en\/","logo":{"@type":"ImageObject","inLanguage":"en-US","@id":"https:\/\/planete-urgence.org\/en\/#\/schema\/logo\/image\/","url":"https:\/\/planete-urgence.org\/wp-content\/uploads\/2021\/03\/logo-pu.png","contentUrl":"https:\/\/planete-urgence.org\/wp-content\/uploads\/2021\/03\/logo-pu.png","width":187,"height":120,"caption":"Plan\u00e8te Urgence"},"image":{"@id":"https:\/\/planete-urgence.org\/en\/#\/schema\/logo\/image\/"},"sameAs":["https:\/\/www.facebook.com\/planete.urgence\/","https:\/\/x.com\/PlaneteUrgence"]}]}},"_links":{"self":[{"href":"https:\/\/planete-urgence.org\/en\/wp-json\/wp\/v2\/pages\/18805","targetHints":{"allow":["GET"]}}],"collection":[{"href":"https:\/\/planete-urgence.org\/en\/wp-json\/wp\/v2\/pages"}],"about":[{"href":"https:\/\/planete-urgence.org\/en\/wp-json\/wp\/v2\/types\/page"}],"author":[{"embeddable":true,"href":"https:\/\/planete-urgence.org\/en\/wp-json\/wp\/v2\/users\/1"}],"replies":[{"embeddable":true,"href":"https:\/\/planete-urgence.org\/en\/wp-json\/wp\/v2\/comments?post=18805"}],"version-history":[{"count":2,"href":"https:\/\/planete-urgence.org\/en\/wp-json\/wp\/v2\/pages\/18805\/revisions"}],"predecessor-version":[{"id":18808,"href":"https:\/\/planete-urgence.org\/en\/wp-json\/wp\/v2\/pages\/18805\/revisions\/18808"}],"wp:attachment":[{"href":"https:\/\/planete-urgence.org\/en\/wp-json\/wp\/v2\/media?parent=18805"}],"curies":[{"name":"wp","href":"https:\/\/api.w.org\/{rel}","templated":true}]}}