{"id":18704,"date":"2022-06-22T21:41:01","date_gmt":"2022-06-22T19:41:01","guid":{"rendered":"https:\/\/planete-urgence.org\/je-taime-je-seme\/"},"modified":"2022-08-20T17:28:44","modified_gmt":"2022-08-20T15:28:44","slug":"make-a-solidary-gift","status":"publish","type":"page","link":"https:\/\/planete-urgence.org\/en\/make-a-solidary-gift\/","title":{"rendered":"Make a solidary gift"},"content":{"rendered":"<div id=\"field_62d2e13c68883\" class=\"container-fluid px-0 flexible_section block_hero\">\n  <div id=\"hero_62d2e13c68883\" class=\"hero_container px-0\">\n   <div class=\"hero_image_outer\">\n<picture class=\"skip-lazy\">\r\n\t\t\t\t\t<source srcset=\"https:\/\/planete-urgence.org\/wp-content\/uploads\/2021\/09\/ban-site_Plan-de-travail-1-scaled-1.jpg\" media=\"(min-width: 578px)\" class=\"skip-lazy\">\r\n\t\t\t\t\t<img srcset=\"https:\/\/planete-urgence.org\/wp-content\/uploads\/2021\/09\/ban-site_Plan-de-travail-1-scaled-1.jpg\" alt=\"\" class=\"heroimage \" \/>\r\n\t\t\t\t<\/picture>   <\/div>\n  <\/div>\n<\/div>\n\n\n<div id=\"field_62d2e1cb66d43\" class=\"container-fluid px-0 flexible_section block_columns\">\n <div id=\"field_62d2e1cb66d43_inner\" class=\"container flexible_section_inner\">\n\n   <div class=\"row flexible_section_content\">\n\n   <div class=\"mb-3 mb-sm-0 col-sm-5 colonne colonne1\">\n    <div class=\"colonne_inner  text-left\">\n<h2><strong>Have you ever wondered if the gift you offered was useful?\u00a0<\/strong>????<\/h2>\n    <\/div>\n   <\/div>\n   <div class=\"col-sm-7 colonne colonne2\">\n    <div class=\"colonne_inner  text-left\">\n<p>With \u201cje t\u2019aime, je s\u00e8me\u201d, offer your loved ones a contribution to the preservation of forests endangered forests and the development of communities in Cameroon, Indonesia and Madagascar. Each pack offered participates in the implementation of Planete Urgence\u2019s association projects: preservation (via the 1\u20ac = 1 tree operation), local economic development and environmental awareness.<\/p>\n<p>Whether it\u2019s for a birthday, Christmas, Valentine\u2019s Day, or a Father\u2019s Day\u2026 all occasions are good to show solidarity! <\/p>\n<p>\u25b6 Each pack includes a planting and support certificate in the name of the person to whom you offer it, as well as a tax receipt (equal to 66% of the value of the gift) in your name. You will therefore be able to deduct part of this solidarity gift from your taxes.<\/p>\n<p>\u25b6 To place your order, click here to access the dedicated platform or fill out the form bellow directly.<\/p>\n    <\/div>\n   <\/div>\n  <\/div>\n\n <\/div>\n<\/div>\n\n\n<div id=\"field_62d2e21d2610e\" class=\"container-fluid px-0 flexible_section block_columns\">\n <div id=\"field_62d2e21d2610e_inner\" class=\"container flexible_section_inner\">\n\n  <div class=\"row flexible_section_header\"><div class=\"col\"><h2><strong>Choose below our different solidarity gifts ???? :<\/strong><\/h2>\n<\/div><\/div>\n   <div class=\"row flexible_section_content\">\n\n   <div class=\"col-sm-12 colonne colonne1\">\n    <div class=\"colonne_inner  text-left\">\n<p><iframe id=\"haWidget\" style=\"width: 100%;height: 750px;border: none\" src=\"https:\/\/www.helloasso.com\/associations\/planete-urgence\/boutiques\/je-t-aime-je-seme-offrez-un-cadeau-solidaire-et-responsable\/widget\"><\/iframe><\/p>\n    <\/div>\n   <\/div>\n  <\/div>\n\n <\/div>\n<\/div>\n\n\n<div id=\"field_62d2e266d8710\" class=\"container-fluid px-0 flexible_section block_columns\">\n <div id=\"field_62d2e266d8710_inner\" class=\"container flexible_section_inner\">\n\n   <div class=\"row flexible_section_content\">\n\n   <div class=\"mb-3 mb-sm-0 col-sm-6 colonne colonne1\">\n    <div class=\"colonne_inner  text-left\">\n<h3>Step to order :<\/h3>\n<div class=\"colonne_content\">\n<p>&nbsp;<\/p>\n<p>\u27a5 Choose one or multiple packs to offer to your loved ones.<\/p>\n<p>\u27a5 Fill in your information and the ones of the beneficiary.<\/p>\n<p>\u26a0\ufe0f\u00a0<strong>The \u201cparticipant\u201d represents you<\/strong>. If you order multiple packs, you will have to fill in your information for each one of them..<\/p>\n<p>\u27a5 A summary of your order if offered to you before finalising the secured payment. An optional tip to our partner HelloAsso is available.<\/p>\n<p>\u27a5 Secured payment by credit card.<\/p>\n<p>\u27a5 Receive the gift certificate attesting your support for our actions.<\/p>\n<p>&nbsp;<\/p>\n<p><strong>Mail contact for any request :<\/strong> <a href=\"mailto:donateurs@planete-urgence.org\">donateurs@planete-urgence.org<\/a>.<\/p>\n<\/div>\n    <\/div>\n   <\/div>\n   <div class=\"col-sm-6 colonne colonne2\">\n    <div class=\"colonne_inner  text-left\">\n<p><img loading=\"lazy\" decoding=\"async\" class=\"alignnone size-full wp-image-6668\" src=\"https:\/\/planete-urgence.org\/wp-content\/uploads\/2021\/09\/2021-09-07-17_26_36-JETAIME_JESEME_06102020-JETAIME_JESEME_21102020.jpg\" alt=\"\" width=\"683\" height=\"728\" srcset=\"https:\/\/planete-urgence.org\/wp-content\/uploads\/2021\/09\/2021-09-07-17_26_36-JETAIME_JESEME_06102020-JETAIME_JESEME_21102020.jpg 683w, https:\/\/planete-urgence.org\/wp-content\/uploads\/2021\/09\/2021-09-07-17_26_36-JETAIME_JESEME_06102020-JETAIME_JESEME_21102020-281x300.jpg 281w\" sizes=\"auto, (max-width: 683px) 100vw, 683px\" \/><\/p>\n    <\/div>\n   <\/div>\n  <\/div>\n\n <\/div>\n<\/div>\n\n\n<div id=\"field_62d2e2ad04713\" class=\"container-fluid px-0 flexible_section block_hero\">\n  <div id=\"hero_62d2e2ad04713\" class=\"hero_container px-0\">\n   <div class=\"hero_image_outer\">\n<picture class=\"skip-lazy\">\r\n\t\t\t\t\t<source srcset=\"https:\/\/planete-urgence.org\/wp-content\/uploads\/2021\/09\/ban-site-copie12_Plan-de-travail-1-scaled-1.jpg\" media=\"(min-width: 578px)\" class=\"skip-lazy\">\r\n\t\t\t\t\t<img srcset=\"https:\/\/planete-urgence.org\/wp-content\/uploads\/2021\/09\/ban-site-copie12_Plan-de-travail-1-scaled-1.jpg\" alt=\"\" class=\"heroimage \" \/>\r\n\t\t\t\t<\/picture>   <\/div>\n  <\/div>\n<\/div>\n","protected":false},"excerpt":{"rendered":"<p>Avec \u00ab Je t\u2019aime, je s\u00e8me \u00bb, offrez \u00e0 vos proches une contribution \u00e0 la pr\u00e9servation de for\u00eats menac\u00e9es et au d\u00e9veloppement des communaut\u00e9s au Cameroun, en Indon\u00e9sie, \u00e0 Madagascar et au P\u00e9rou.<\/p>\n","protected":false},"author":1,"featured_media":0,"parent":0,"menu_order":0,"comment_status":"closed","ping_status":"closed","template":"page-flexipow.php","meta":{"_acf_changed":false,"inline_featured_image":false,"footnotes":""},"class_list":["post-18704","page","type-page","status-publish","hentry"],"acf":[],"yoast_head":"<!-- This site is optimized with the Yoast SEO plugin v27.2 - https:\/\/yoast.com\/product\/yoast-seo-wordpress\/ -->\n<title>Make a solidary gift - Plan\u00e8te Urgence<\/title>\n<meta name=\"description\" content=\"Avec \u00ab Je t\u2019aime, je s\u00e8me \u00bb, offrez \u00e0 vos proches une contribution \u00e0 la pr\u00e9servation de for\u00eats menac\u00e9es et au d\u00e9veloppement des communaut\u00e9s au Cameroun, en Indon\u00e9sie, \u00e0 Madagascar et au P\u00e9rou.\" \/>\n<meta name=\"robots\" content=\"index, follow, max-snippet:-1, max-image-preview:large, max-video-preview:-1\" \/>\n<link rel=\"canonical\" href=\"https:\/\/planete-urgence.org\/en\/make-a-solidary-gift\/\" \/>\n<meta property=\"og:locale\" content=\"en_US\" \/>\n<meta property=\"og:type\" content=\"article\" \/>\n<meta property=\"og:title\" content=\"Make a solidary gift - Plan\u00e8te Urgence\" \/>\n<meta property=\"og:description\" content=\"Avec \u00ab Je t\u2019aime, je s\u00e8me \u00bb, offrez \u00e0 vos proches une contribution \u00e0 la pr\u00e9servation de for\u00eats menac\u00e9es et au d\u00e9veloppement des communaut\u00e9s au Cameroun, en Indon\u00e9sie, \u00e0 Madagascar et au P\u00e9rou.\" \/>\n<meta property=\"og:url\" content=\"https:\/\/planete-urgence.org\/en\/make-a-solidary-gift\/\" \/>\n<meta property=\"og:site_name\" content=\"Plan\u00e8te Urgence\" \/>\n<meta property=\"article:publisher\" content=\"https:\/\/www.facebook.com\/planete.urgence\/\" \/>\n<meta property=\"article:modified_time\" content=\"2022-08-20T15:28:44+00:00\" \/>\n<meta name=\"twitter:card\" content=\"summary_large_image\" \/>\n<meta name=\"twitter:site\" content=\"@PlaneteUrgence\" \/>\n<script type=\"application\/ld+json\" class=\"yoast-schema-graph\">{\"@context\":\"https:\/\/schema.org\",\"@graph\":[{\"@type\":\"WebPage\",\"@id\":\"https:\/\/planete-urgence.org\/en\/make-a-solidary-gift\/\",\"url\":\"https:\/\/planete-urgence.org\/en\/make-a-solidary-gift\/\",\"name\":\"Make a solidary gift - Plan\u00e8te Urgence\",\"isPartOf\":{\"@id\":\"https:\/\/planete-urgence.org\/en\/#website\"},\"datePublished\":\"2022-06-22T19:41:01+00:00\",\"dateModified\":\"2022-08-20T15:28:44+00:00\",\"description\":\"Avec \u00ab Je t\u2019aime, je s\u00e8me \u00bb, offrez \u00e0 vos proches une contribution \u00e0 la pr\u00e9servation de for\u00eats menac\u00e9es et au d\u00e9veloppement des communaut\u00e9s au Cameroun, en Indon\u00e9sie, \u00e0 Madagascar et au P\u00e9rou.\",\"breadcrumb\":{\"@id\":\"https:\/\/planete-urgence.org\/en\/make-a-solidary-gift\/#breadcrumb\"},\"inLanguage\":\"en-US\",\"potentialAction\":[{\"@type\":\"ReadAction\",\"target\":[\"https:\/\/planete-urgence.org\/en\/make-a-solidary-gift\/\"]}]},{\"@type\":\"BreadcrumbList\",\"@id\":\"https:\/\/planete-urgence.org\/en\/make-a-solidary-gift\/#breadcrumb\",\"itemListElement\":[{\"@type\":\"ListItem\",\"position\":1,\"name\":\"Accueil\",\"item\":\"https:\/\/planete-urgence.org\/en\/\"},{\"@type\":\"ListItem\",\"position\":2,\"name\":\"Make a solidary gift\"}]},{\"@type\":\"WebSite\",\"@id\":\"https:\/\/planete-urgence.org\/en\/#website\",\"url\":\"https:\/\/planete-urgence.org\/en\/\",\"name\":\"Plan\u00e8te Urgence\",\"description\":\"Volontariat &amp; d\u00e9veloppement\",\"publisher\":{\"@id\":\"https:\/\/planete-urgence.org\/en\/#organization\"},\"potentialAction\":[{\"@type\":\"SearchAction\",\"target\":{\"@type\":\"EntryPoint\",\"urlTemplate\":\"https:\/\/planete-urgence.org\/en\/?s={search_term_string}\"},\"query-input\":{\"@type\":\"PropertyValueSpecification\",\"valueRequired\":true,\"valueName\":\"search_term_string\"}}],\"inLanguage\":\"en-US\"},{\"@type\":\"Organization\",\"@id\":\"https:\/\/planete-urgence.org\/en\/#organization\",\"name\":\"Plan\u00e8te Urgence\",\"url\":\"https:\/\/planete-urgence.org\/en\/\",\"logo\":{\"@type\":\"ImageObject\",\"inLanguage\":\"en-US\",\"@id\":\"https:\/\/planete-urgence.org\/en\/#\/schema\/logo\/image\/\",\"url\":\"https:\/\/planete-urgence.org\/wp-content\/uploads\/2021\/03\/logo-pu.png\",\"contentUrl\":\"https:\/\/planete-urgence.org\/wp-content\/uploads\/2021\/03\/logo-pu.png\",\"width\":187,\"height\":120,\"caption\":\"Plan\u00e8te Urgence\"},\"image\":{\"@id\":\"https:\/\/planete-urgence.org\/en\/#\/schema\/logo\/image\/\"},\"sameAs\":[\"https:\/\/www.facebook.com\/planete.urgence\/\",\"https:\/\/x.com\/PlaneteUrgence\"]}]}<\/script>\n<!-- \/ Yoast SEO plugin. -->","yoast_head_json":{"title":"Make a solidary gift - Plan\u00e8te Urgence","description":"Avec \u00ab Je t\u2019aime, je s\u00e8me \u00bb, offrez \u00e0 vos proches une contribution \u00e0 la pr\u00e9servation de for\u00eats menac\u00e9es et au d\u00e9veloppement des communaut\u00e9s au Cameroun, en Indon\u00e9sie, \u00e0 Madagascar et au P\u00e9rou.","robots":{"index":"index","follow":"follow","max-snippet":"max-snippet:-1","max-image-preview":"max-image-preview:large","max-video-preview":"max-video-preview:-1"},"canonical":"https:\/\/planete-urgence.org\/en\/make-a-solidary-gift\/","og_locale":"en_US","og_type":"article","og_title":"Make a solidary gift - Plan\u00e8te Urgence","og_description":"Avec \u00ab Je t\u2019aime, je s\u00e8me \u00bb, offrez \u00e0 vos proches une contribution \u00e0 la pr\u00e9servation de for\u00eats menac\u00e9es et au d\u00e9veloppement des communaut\u00e9s au Cameroun, en Indon\u00e9sie, \u00e0 Madagascar et au P\u00e9rou.","og_url":"https:\/\/planete-urgence.org\/en\/make-a-solidary-gift\/","og_site_name":"Plan\u00e8te Urgence","article_publisher":"https:\/\/www.facebook.com\/planete.urgence\/","article_modified_time":"2022-08-20T15:28:44+00:00","twitter_card":"summary_large_image","twitter_site":"@PlaneteUrgence","schema":{"@context":"https:\/\/schema.org","@graph":[{"@type":"WebPage","@id":"https:\/\/planete-urgence.org\/en\/make-a-solidary-gift\/","url":"https:\/\/planete-urgence.org\/en\/make-a-solidary-gift\/","name":"Make a solidary gift - Plan\u00e8te Urgence","isPartOf":{"@id":"https:\/\/planete-urgence.org\/en\/#website"},"datePublished":"2022-06-22T19:41:01+00:00","dateModified":"2022-08-20T15:28:44+00:00","description":"Avec \u00ab Je t\u2019aime, je s\u00e8me \u00bb, offrez \u00e0 vos proches une contribution \u00e0 la pr\u00e9servation de for\u00eats menac\u00e9es et au d\u00e9veloppement des communaut\u00e9s au Cameroun, en Indon\u00e9sie, \u00e0 Madagascar et au P\u00e9rou.","breadcrumb":{"@id":"https:\/\/planete-urgence.org\/en\/make-a-solidary-gift\/#breadcrumb"},"inLanguage":"en-US","potentialAction":[{"@type":"ReadAction","target":["https:\/\/planete-urgence.org\/en\/make-a-solidary-gift\/"]}]},{"@type":"BreadcrumbList","@id":"https:\/\/planete-urgence.org\/en\/make-a-solidary-gift\/#breadcrumb","itemListElement":[{"@type":"ListItem","position":1,"name":"Accueil","item":"https:\/\/planete-urgence.org\/en\/"},{"@type":"ListItem","position":2,"name":"Make a solidary gift"}]},{"@type":"WebSite","@id":"https:\/\/planete-urgence.org\/en\/#website","url":"https:\/\/planete-urgence.org\/en\/","name":"Plan\u00e8te Urgence","description":"Volontariat &amp; d\u00e9veloppement","publisher":{"@id":"https:\/\/planete-urgence.org\/en\/#organization"},"potentialAction":[{"@type":"SearchAction","target":{"@type":"EntryPoint","urlTemplate":"https:\/\/planete-urgence.org\/en\/?s={search_term_string}"},"query-input":{"@type":"PropertyValueSpecification","valueRequired":true,"valueName":"search_term_string"}}],"inLanguage":"en-US"},{"@type":"Organization","@id":"https:\/\/planete-urgence.org\/en\/#organization","name":"Plan\u00e8te Urgence","url":"https:\/\/planete-urgence.org\/en\/","logo":{"@type":"ImageObject","inLanguage":"en-US","@id":"https:\/\/planete-urgence.org\/en\/#\/schema\/logo\/image\/","url":"https:\/\/planete-urgence.org\/wp-content\/uploads\/2021\/03\/logo-pu.png","contentUrl":"https:\/\/planete-urgence.org\/wp-content\/uploads\/2021\/03\/logo-pu.png","width":187,"height":120,"caption":"Plan\u00e8te Urgence"},"image":{"@id":"https:\/\/planete-urgence.org\/en\/#\/schema\/logo\/image\/"},"sameAs":["https:\/\/www.facebook.com\/planete.urgence\/","https:\/\/x.com\/PlaneteUrgence"]}]}},"_links":{"self":[{"href":"https:\/\/planete-urgence.org\/en\/wp-json\/wp\/v2\/pages\/18704","targetHints":{"allow":["GET"]}}],"collection":[{"href":"https:\/\/planete-urgence.org\/en\/wp-json\/wp\/v2\/pages"}],"about":[{"href":"https:\/\/planete-urgence.org\/en\/wp-json\/wp\/v2\/types\/page"}],"author":[{"embeddable":true,"href":"https:\/\/planete-urgence.org\/en\/wp-json\/wp\/v2\/users\/1"}],"replies":[{"embeddable":true,"href":"https:\/\/planete-urgence.org\/en\/wp-json\/wp\/v2\/comments?post=18704"}],"version-history":[{"count":2,"href":"https:\/\/planete-urgence.org\/en\/wp-json\/wp\/v2\/pages\/18704\/revisions"}],"predecessor-version":[{"id":18707,"href":"https:\/\/planete-urgence.org\/en\/wp-json\/wp\/v2\/pages\/18704\/revisions\/18707"}],"wp:attachment":[{"href":"https:\/\/planete-urgence.org\/en\/wp-json\/wp\/v2\/media?parent=18704"}],"curies":[{"name":"wp","href":"https:\/\/api.w.org\/{rel}","templated":true}]}}