{"id":18677,"date":"2022-06-22T21:38:03","date_gmt":"2022-06-22T19:38:03","guid":{"rendered":"https:\/\/planete-urgence.org\/aller-plus-loin-pour-la-planete\/"},"modified":"2022-08-19T17:42:43","modified_gmt":"2022-08-19T15:42:43","slug":"going-further-for-the-planet","status":"publish","type":"page","link":"https:\/\/planete-urgence.org\/en\/going-further-for-the-planet\/","title":{"rendered":"Going further for the planet"},"content":{"rendered":"<div id=\"field_62c5836bc429c\" class=\"container-fluid px-0 flexible_section block_hero\">\n  <div id=\"hero_62c5836bc429c\" class=\"hero_container px-0\">\n   <div class=\"hero_image_outer\">\n<picture class=\"skip-lazy\">\r\n\t\t\t\t\t<source srcset=\"https:\/\/planete-urgence.org\/wp-content\/uploads\/2022\/07\/forets.jpg\" media=\"(min-width: 578px)\" class=\"skip-lazy\">\r\n\t\t\t\t\t<img srcset=\"https:\/\/planete-urgence.org\/wp-content\/uploads\/2022\/07\/forets.jpg\" alt=\"\" class=\"heroimage \" \/>\r\n\t\t\t\t<\/picture>   <\/div>\n   <div class=\"hero_content p-3 text-center\" id=\"herocontent_62c5836bc429c\">\t\t<div id=\"fieldcontent_62c5836bc429c_inner\"><h1 class=\"titlepage\" style=\"text-align: center\">Going further for the planet<\/h1>\n<\/div>   <\/div>\n  <\/div>\n<\/div>\n\n\n<div id=\"field_62c58529a7e8c\" class=\"container-fluid px-0 flexible_section block_columns\">\n <div id=\"field_62c58529a7e8c_inner\" class=\"container flexible_section_inner\">\n\n   <div class=\"row flexible_section_content\">\n\n   <div class=\"mb-3 mb-sm-0 col-sm-6 colonne colonne1\">\n    <div class=\"colonne_inner  text-left\">\n<h3><span class=\"rouge\">Global warming is a fact: massive deforestation, urban expansion, forest fires, infectious diseases and epidemics, natural disasters\u2026\u00a0<\/span><\/h3>\n    <\/div>\n   <\/div>\n   <div class=\"col-sm-6 colonne colonne2\">\n    <div class=\"colonne_inner  text-left\">\n<p>Our world is subject to many events, the consequences of which are disastrous for humans.<\/p>\n<p>Collective awareness is needed so that together we can have a real and global impact on the Earth\u2019s climatic balance.<\/p>\n<p>Do you also want to get involved in the environment, but you do not know exactly how to act? Here is a selection specially created to help you adopt an adapted and planet-conscious lifestyle:<\/p>\n    <\/div>\n   <\/div>\n  <\/div>\n\n <\/div>\n<\/div>\n\n\n<div id=\"field_62c5859bd4d52\" class=\"container-fluid px-0 flexible_section block_cards\">\n <div id=\"field_62c5859bd4d52_inner\" class=\"container flexible_section_inner\">\n\n  <div class=\"row flexible_section_title_container\"><div class=\"col-12 flexible_section_title_col\"><h2 class=\"flexible_section_title mb-5 text-center  \">Get informed<\/h2><\/div><\/div>\n  <div class=\"row row-cols-lg-3 row-cols-md-2 row-cols-sm-1 flexible_section_content\">\n<div class=\"precards precard_1 col-12 col-sm-6 col-md-4 mb-3\">\n   <div class=\"card card-1  h-100  \">\n    <div class=\"card-header d-flex flex-column  \"><h4 class=\"card-title  \">Understand<\/h4>    <\/div>\n    <div class=\"card-body  \">\n<div class=\"cardimage Array\"><img decoding=\"async\" class=\"card-img-top\" src=\"https:\/\/planete-urgence.org\/wp-content\/uploads\/2021\/05\/Ademe.jpg\" alt=\"\"><\/div>\n     <div class=\"card-text  \"><p>Let\u2019s take the subject from the root \u2026 and try to understand what global warming really is! Find all the information on the website of\u00a0<a href=\"https:\/\/particuliers.ademe.fr\/le-changement-climatique\">ADEME<\/a>, the French ecological transition agency<\/p>\n<\/div>\n    <\/div>\n    <div class=\"card-footer  \">\n<p style=\"text-align: center\"><a class=\"redbutton\" href=\"https:\/\/particuliers.ademe.fr\/le-changement-climatique\">Lean more<\/a><\/p>\n    <\/div>\n   <\/div>\n<\/div>\n<div class=\"precards precard_2 col-12 col-sm-6 col-md-4 mb-3\">\n   <div class=\"card card-2  h-100  \">\n    <div class=\"card-header d-flex flex-column  \"><h4 class=\"card-title  \">Act daily<\/h4>    <\/div>\n    <div class=\"card-body  \">\n<div class=\"cardimage Array\"><img decoding=\"async\" class=\"card-img-top\" src=\"https:\/\/planete-urgence.org\/wp-content\/uploads\/2021\/05\/Energie.jpg\" alt=\"\"><\/div>\n     <div class=\"card-text  \"><p>Our everyday actions, we know, have a direct impact on the environment. We can act by\u00a0<a href=\"https:\/\/www.ademe.fr\/particuliers-eco-citoyens\" target=\"_blank\" rel=\"noopener\">adapting our habits<\/a>\u00a0to fight against climate change! Consult the ADEME technical sheets.<\/p>\n<\/div>\n    <\/div>\n    <div class=\"card-footer  \">\n<p style=\"text-align: center\"><a class=\"redbutton\" href=\"https:\/\/www.ademe.fr\/particuliers-eco-citoyens\" target=\"_blank\" rel=\"noopener\">Learn more<\/a><\/p>\n    <\/div>\n   <\/div>\n<\/div>\n<div class=\"precards precard_3 col-12 col-sm-6 col-md-4 mb-3\">\n   <div class=\"card card-3  h-100  \">\n    <div class=\"card-header d-flex flex-column  \"><h4 class=\"card-title  \">Soutenir Plan\u00e8te Urgence<\/h4>    <\/div>\n    <div class=\"card-body  \">\n<div class=\"cardimage Array\"><img decoding=\"async\" class=\"card-img-top\" src=\"https:\/\/planete-urgence.org\/wp-content\/uploads\/2021\/05\/News.png\" alt=\"\"><\/div>\n     <div class=\"card-text  \"><p>In order to receive news from the planet and the actions of Plan\u00e8te Urgence, you can subscribe to our Newsletter! This will be sent to you every 2 months.<\/p>\n<\/div>\n    <\/div>\n    <div class=\"card-footer  \">\n<p style=\"text-align: center\"><a class=\"redbutton\" href=\"https:\/\/sibforms.com\/serve\/MUIEALe8V898Sk_mpzmI8ozY-xpQAkh4oWlnto-gH6y8XlLn2RKGr8CLwOuMJ_S_SylUOIn2H5MtWpc7SM0y7yBpFzQiLVMtst0JkZgSMVA4f9mi1mc1PfjlBE1s4DFkdqcXR5Dt43gtqM3QEQffiejXZT0Az_OY663jJH0y7h-BBsAg-7tQ5ClokEN9uzO6c2IF44uNZkZgS86J\">Subscribe to Plan\u00e8te Info<\/a><\/p>\n    <\/div>\n   <\/div>\n<\/div>\n  <\/div>\n  <div class=\"row flexible_section_footer\"><div class=\"col\">&nbsp;\r\n<p style=\"text-align: center\"><strong>Everyone has the power to act for the environment and fight on their own scale against climate change!<\/strong><\/p><\/div><\/div>\n\n <\/div>\n<\/div>\n\n\n<div id=\"field_62c5a522e20d7\" class=\"container-fluid px-0 flexible_section block_columns\">\n <div id=\"field_62c5a522e20d7_inner\" class=\"container flexible_section_inner\">\n\n  <div class=\"row flexible_section_title_container\"><div class=\"col-12 flexible_section_title_col\"><h2 class=\"flexible_section_title mb-5 text-center  \">Participate<\/h2><\/div><\/div>\n   <div class=\"row row-cols-1 row-cols-md-2 row-cols-lg-3 flexible_section_content\">\n\n   <div class=\"pb-5 col mb-3 mb-sm-0  colonne colonne1\">\n    <div class=\"colonne_inner text-center d-flex align-items-center justify-content-center\">\n    <div class=\"colonne_inner_sub \">\n<p><img loading=\"lazy\" decoding=\"async\" class=\"wp-image-3121 size-full aligncenter\" src=\"https:\/\/planete-urgence.org\/wp-content\/uploads\/2021\/05\/empreinte.jpg\" alt=\"empreinte foret\" width=\"246\" height=\"193\" \/><\/p>\n    <\/div>\n    <\/div>\n   <\/div>\n   <div class=\"pb-5 col mb-3 mb-sm-0  colonne colonne2\">\n    <div class=\"colonne_inner  text-left\">\n<h3>Know your forest footprint<\/h3>\n<div class=\"colonne_content\">\n<p>Forests are essential elements in our environment and produce species mainly exploited for food, fuel or even our clothes, calculate your forest footprint on the Envol vert site.<\/p>\n<p>&nbsp;<\/p>\n<p style=\"text-align: center\"><span class=\"red-button\"><a class=\"redbutton\" href=\"https:\/\/empreinte-foret.org\/quizz\/\" target=\"_blank\" rel=\"noopener\">Calculate my forest footprint<\/a><\/span><\/p>\n<\/div>\n    <\/div>\n   <\/div>\n   <div class=\"pb-5 col mb-3 mb-sm-0  colonne colonne3\">\n    <div class=\"colonne_inner  text-left\">\n<h3>Share our news<\/h3>\n<div class=\"colonne_content\">\n<p>Do you adhere to our projects and our values? Do you follow Plan\u00e8te Urgence news? Share them on your own social networks and help us increase the solidarity community!<\/p>\n<p>&nbsp;<\/p>\n<p style=\"text-align: center\"><span class=\"red-button\"><a class=\"redbutton\" href=\"http:\/\/instagram.com\/planeteurgence\/\">Share<\/a><\/span><\/p>\n<\/div>\n    <\/div>\n   <\/div>\n   <div class=\"pb-5 col mb-3 mb-sm-0  colonne colonne4\">\n    <div class=\"colonne_inner text-center d-flex align-items-center justify-content-center\">\n    <div class=\"colonne_inner_sub \">\n<p><img loading=\"lazy\" decoding=\"async\" class=\"wp-image-3111 size-medium aligncenter\" src=\"https:\/\/planete-urgence.org\/wp-content\/uploads\/2021\/05\/Social_network_2-1-scaled-1-300x74.jpg\" alt=\"R\u00e9seaux sociaux\" width=\"300\" height=\"74\" srcset=\"https:\/\/planete-urgence.org\/wp-content\/uploads\/2021\/05\/Social_network_2-1-scaled-1-300x74.jpg 300w, https:\/\/planete-urgence.org\/wp-content\/uploads\/2021\/05\/Social_network_2-1-scaled-1-1024x251.jpg 1024w, https:\/\/planete-urgence.org\/wp-content\/uploads\/2021\/05\/Social_network_2-1-scaled-1-768x188.jpg 768w, https:\/\/planete-urgence.org\/wp-content\/uploads\/2021\/05\/Social_network_2-1-scaled-1-1536x377.jpg 1536w, https:\/\/planete-urgence.org\/wp-content\/uploads\/2021\/05\/Social_network_2-1-scaled-1-2048x502.jpg 2048w\" sizes=\"auto, (max-width: 300px) 100vw, 300px\" \/><\/p>\n    <\/div>\n    <\/div>\n   <\/div>\n   <div class=\"pb-5 col mb-3 mb-sm-0  colonne colonne5\">\n    <div class=\"colonne_inner text-center d-flex align-items-center justify-content-center\">\n    <div class=\"colonne_inner_sub \">\n<p><img loading=\"lazy\" decoding=\"async\" class=\"alignnone size-full wp-image-3093\" src=\"https:\/\/planete-urgence.org\/wp-content\/uploads\/2021\/05\/freque_climat.png\" alt=\"Fresque du climat\" width=\"425\" height=\"118\" srcset=\"https:\/\/planete-urgence.org\/wp-content\/uploads\/2021\/05\/freque_climat.png 425w, https:\/\/planete-urgence.org\/wp-content\/uploads\/2021\/05\/freque_climat-300x83.png 300w\" sizes=\"auto, (max-width: 425px) 100vw, 425px\" \/><\/p>\n    <\/div>\n    <\/div>\n   <\/div>\n   <div class=\"pb-5 col mb-3 mb-sm-0  colonne colonne6\">\n    <div class=\"colonne_inner  text-left\">\n<h3>Attend workshops: the climate fresco<\/h3>\n<div class=\"colonne_content\">\n<p>In order to raise awareness of all stakeholders in the fight against climate change, Plan\u00e8te Urgence supervises playful, collaborative and creative workshops: the Climate Fresco. In teams of 4 to 7 players, the principle is simple: you have to find the cause and effect links of the maps representing the components of climate change.<\/p>\n<p>&nbsp;<\/p>\n<p style=\"text-align: center\"><span class=\"red-button\"><a class=\"redbutton\" href=\"https:\/\/fresqueduclimat.org\/\">Book a workshop<\/a><\/span><\/p>\n<\/div>\n    <\/div>\n   <\/div>\n   <div class=\"pb-5 col mb-3 mb-sm-0  colonne colonne7\">\n    <div class=\"colonne_inner  text-left\">\n<h3>Attend workshops: the forest fresco<\/h3>\n<div class=\"colonne_content\">\n<p>On the same principle, take part in a Fresque de la For\u00eat, a fun and educational workshop to understand the challenges of deforestation and discover the actions and solutions to enable daily action to preserve forests.<\/p>\n<p>&nbsp;<\/p>\n<p style=\"text-align: center\"><span class=\"red-button\"><a class=\"redbutton\" href=\"https:\/\/all4trees.org\/agir\/fresque-foret\/\" target=\"_blank\" rel=\"noopener\">I participate in a climate fresco<\/a><\/span><\/p>\n<\/div>\n    <\/div>\n   <\/div>\n   <div class=\"pb-5 col  colonne colonne8\">\n    <div class=\"colonne_inner text-center d-flex align-items-center justify-content-center\">\n    <div class=\"colonne_inner_sub \">\n<p><img loading=\"lazy\" decoding=\"async\" class=\"alignnone wp-image-3097 size-medium\" src=\"https:\/\/planete-urgence.org\/wp-content\/uploads\/2021\/05\/fresque_foret-300x151.png\" alt=\"fresque_foret\" width=\"300\" height=\"151\" srcset=\"https:\/\/planete-urgence.org\/wp-content\/uploads\/2021\/05\/fresque_foret-300x151.png 300w, https:\/\/planete-urgence.org\/wp-content\/uploads\/2021\/05\/fresque_foret-768x388.png 768w, https:\/\/planete-urgence.org\/wp-content\/uploads\/2021\/05\/fresque_foret.png 846w\" sizes=\"auto, (max-width: 300px) 100vw, 300px\" \/><\/p>\n    <\/div>\n    <\/div>\n   <\/div>\n  <\/div>\n\n <\/div>\n<\/div>\n\n\n<div id=\"field_62c5a756b99d3\" class=\"container-fluid px-0 flexible_section block_columns\">\n <div id=\"field_62c5a756b99d3_inner\" class=\"container flexible_section_inner\">\n\n  <div class=\"row flexible_section_title_container\"><div class=\"col-12 flexible_section_title_col\"><h2 class=\"flexible_section_title mb-5 text-center  \">Act with us<\/h2><\/div><\/div>\n  <div class=\"row flexible_section_header\"><div class=\"col\"><p style=\"text-align: center\">Would you like to find out about the different ways you can get involved with Plan\u00e8te Urgence? Discover them with the link below :<\/p>\n<p>&nbsp;<\/p>\n<p style=\"text-align: center\"><a class=\"redbutton\" href=\"https:\/\/planete-urgence.org\/rejoindre-lequipe\/\">I commit to Plan\u00e8te Urgence<\/a><\/p>\n<p>&nbsp;<\/p>\n<\/div><\/div>\n   <div class=\"row flexible_section_content\">\n\n   <div class=\"mb-3 mb-sm-0 col-sm-6 colonne colonne1\">\n    <div class=\"colonne_inner  text-left\">\n<h4>Join us<\/h4>\n<p>Do you have free time and want to contribute to the various Plan\u00e8te Urgence projects? You can help our team at headquarters with your skills and become a volunteer! Join our network of ambassadors and be part of the Plan\u00e8te Urgence adventure!<\/p>\n<p style=\"text-align: center\"><a class=\"redbutton\" href=\"https:\/\/planete-urgence.org\/le-reseau-des-ambassadeurs\/\">Join !\u00a0<\/a><\/p>\n    <\/div>\n   <\/div>\n   <div class=\"col-sm-6 colonne colonne2\">\n    <div class=\"colonne_inner  text-left\">\n<h4>Contribute to our projects: donate<\/h4>\n<p>One-off or regular, the donation allows us to intervene more sustainably in the advancement of our projects. It is thanks to you that our local partners have the means to take concrete action on the ground with our \u201c1 \u20ac = 1 tree planted\u201d operation.<\/p>\n<p style=\"text-align: center\"><a class=\"redbutton\" href=\"https:\/\/planete-urgence.givingpage.org\/1-euro-1-arbre\/?CampaignId=701AM0000008xJAYAY\" target=\"_blank\" rel=\"noopener\">I donate<\/a><\/p>\n    <\/div>\n   <\/div>\n  <\/div>\n\n <\/div>\n<\/div>\n","protected":false},"excerpt":{"rendered":"<p>Vous souhaitez vous engager pour l\u2019environnement\u00a0mais vous ne savez pas concr\u00e8tement comment agir\u00a0? Voici une s\u00e9lection sp\u00e9cialement cr\u00e9\u00e9e pour vous !<\/p>\n","protected":false},"author":1,"featured_media":0,"parent":0,"menu_order":0,"comment_status":"closed","ping_status":"closed","template":"page-flexipow.php","meta":{"_acf_changed":false,"inline_featured_image":false,"footnotes":""},"class_list":["post-18677","page","type-page","status-publish","hentry"],"acf":[],"yoast_head":"<!-- This site is optimized with the Yoast SEO plugin v27.4 - https:\/\/yoast.com\/product\/yoast-seo-wordpress\/ -->\n<title>Going further for the planet - Plan\u00e8te Urgence<\/title>\n<meta name=\"description\" content=\"Vous souhaitez vous engager pour l\u2019environnement\u00a0mais vous ne savez pas concr\u00e8tement comment agir\u00a0? Voici une s\u00e9lection sp\u00e9cialement cr\u00e9\u00e9e pour vous !\" \/>\n<meta name=\"robots\" content=\"index, follow, max-snippet:-1, max-image-preview:large, max-video-preview:-1\" \/>\n<link rel=\"canonical\" href=\"https:\/\/planete-urgence.org\/en\/going-further-for-the-planet\/\" \/>\n<meta property=\"og:locale\" content=\"en_US\" \/>\n<meta property=\"og:type\" content=\"article\" \/>\n<meta property=\"og:title\" content=\"Going further for the planet - Plan\u00e8te Urgence\" \/>\n<meta property=\"og:description\" content=\"Vous souhaitez vous engager pour l\u2019environnement\u00a0mais vous ne savez pas concr\u00e8tement comment agir\u00a0? Voici une s\u00e9lection sp\u00e9cialement cr\u00e9\u00e9e pour vous !\" \/>\n<meta property=\"og:url\" content=\"https:\/\/planete-urgence.org\/en\/going-further-for-the-planet\/\" \/>\n<meta property=\"og:site_name\" content=\"Plan\u00e8te Urgence\" \/>\n<meta property=\"article:publisher\" content=\"https:\/\/www.facebook.com\/planete.urgence\/\" \/>\n<meta property=\"article:modified_time\" content=\"2022-08-19T15:42:43+00:00\" \/>\n<meta name=\"twitter:card\" content=\"summary_large_image\" \/>\n<meta name=\"twitter:site\" content=\"@PlaneteUrgence\" \/>\n<script type=\"application\/ld+json\" class=\"yoast-schema-graph\">{\"@context\":\"https:\\\/\\\/schema.org\",\"@graph\":[{\"@type\":\"WebPage\",\"@id\":\"https:\\\/\\\/planete-urgence.org\\\/en\\\/going-further-for-the-planet\\\/\",\"url\":\"https:\\\/\\\/planete-urgence.org\\\/en\\\/going-further-for-the-planet\\\/\",\"name\":\"Going further for the planet - Plan\u00e8te Urgence\",\"isPartOf\":{\"@id\":\"https:\\\/\\\/planete-urgence.org\\\/en\\\/#website\"},\"datePublished\":\"2022-06-22T19:38:03+00:00\",\"dateModified\":\"2022-08-19T15:42:43+00:00\",\"description\":\"Vous souhaitez vous engager pour l\u2019environnement\u00a0mais vous ne savez pas concr\u00e8tement comment agir\u00a0? Voici une s\u00e9lection sp\u00e9cialement cr\u00e9\u00e9e pour vous !\",\"breadcrumb\":{\"@id\":\"https:\\\/\\\/planete-urgence.org\\\/en\\\/going-further-for-the-planet\\\/#breadcrumb\"},\"inLanguage\":\"en-US\",\"potentialAction\":[{\"@type\":\"ReadAction\",\"target\":[\"https:\\\/\\\/planete-urgence.org\\\/en\\\/going-further-for-the-planet\\\/\"]}]},{\"@type\":\"BreadcrumbList\",\"@id\":\"https:\\\/\\\/planete-urgence.org\\\/en\\\/going-further-for-the-planet\\\/#breadcrumb\",\"itemListElement\":[{\"@type\":\"ListItem\",\"position\":1,\"name\":\"Accueil\",\"item\":\"https:\\\/\\\/planete-urgence.org\\\/en\\\/\"},{\"@type\":\"ListItem\",\"position\":2,\"name\":\"Going further for the planet\"}]},{\"@type\":\"WebSite\",\"@id\":\"https:\\\/\\\/planete-urgence.org\\\/en\\\/#website\",\"url\":\"https:\\\/\\\/planete-urgence.org\\\/en\\\/\",\"name\":\"Plan\u00e8te Urgence\",\"description\":\"Volontariat &amp; d\u00e9veloppement\",\"publisher\":{\"@id\":\"https:\\\/\\\/planete-urgence.org\\\/en\\\/#organization\"},\"potentialAction\":[{\"@type\":\"SearchAction\",\"target\":{\"@type\":\"EntryPoint\",\"urlTemplate\":\"https:\\\/\\\/planete-urgence.org\\\/en\\\/?s={search_term_string}\"},\"query-input\":{\"@type\":\"PropertyValueSpecification\",\"valueRequired\":true,\"valueName\":\"search_term_string\"}}],\"inLanguage\":\"en-US\"},{\"@type\":\"Organization\",\"@id\":\"https:\\\/\\\/planete-urgence.org\\\/en\\\/#organization\",\"name\":\"Plan\u00e8te Urgence\",\"url\":\"https:\\\/\\\/planete-urgence.org\\\/en\\\/\",\"logo\":{\"@type\":\"ImageObject\",\"inLanguage\":\"en-US\",\"@id\":\"https:\\\/\\\/planete-urgence.org\\\/en\\\/#\\\/schema\\\/logo\\\/image\\\/\",\"url\":\"https:\\\/\\\/planete-urgence.org\\\/wp-content\\\/uploads\\\/2021\\\/03\\\/logo-pu.png\",\"contentUrl\":\"https:\\\/\\\/planete-urgence.org\\\/wp-content\\\/uploads\\\/2021\\\/03\\\/logo-pu.png\",\"width\":187,\"height\":120,\"caption\":\"Plan\u00e8te Urgence\"},\"image\":{\"@id\":\"https:\\\/\\\/planete-urgence.org\\\/en\\\/#\\\/schema\\\/logo\\\/image\\\/\"},\"sameAs\":[\"https:\\\/\\\/www.facebook.com\\\/planete.urgence\\\/\",\"https:\\\/\\\/x.com\\\/PlaneteUrgence\"]}]}<\/script>\n<!-- \/ Yoast SEO plugin. -->","yoast_head_json":{"title":"Going further for the planet - Plan\u00e8te Urgence","description":"Vous souhaitez vous engager pour l\u2019environnement\u00a0mais vous ne savez pas concr\u00e8tement comment agir\u00a0? Voici une s\u00e9lection sp\u00e9cialement cr\u00e9\u00e9e pour vous !","robots":{"index":"index","follow":"follow","max-snippet":"max-snippet:-1","max-image-preview":"max-image-preview:large","max-video-preview":"max-video-preview:-1"},"canonical":"https:\/\/planete-urgence.org\/en\/going-further-for-the-planet\/","og_locale":"en_US","og_type":"article","og_title":"Going further for the planet - Plan\u00e8te Urgence","og_description":"Vous souhaitez vous engager pour l\u2019environnement\u00a0mais vous ne savez pas concr\u00e8tement comment agir\u00a0? Voici une s\u00e9lection sp\u00e9cialement cr\u00e9\u00e9e pour vous !","og_url":"https:\/\/planete-urgence.org\/en\/going-further-for-the-planet\/","og_site_name":"Plan\u00e8te Urgence","article_publisher":"https:\/\/www.facebook.com\/planete.urgence\/","article_modified_time":"2022-08-19T15:42:43+00:00","twitter_card":"summary_large_image","twitter_site":"@PlaneteUrgence","schema":{"@context":"https:\/\/schema.org","@graph":[{"@type":"WebPage","@id":"https:\/\/planete-urgence.org\/en\/going-further-for-the-planet\/","url":"https:\/\/planete-urgence.org\/en\/going-further-for-the-planet\/","name":"Going further for the planet - Plan\u00e8te Urgence","isPartOf":{"@id":"https:\/\/planete-urgence.org\/en\/#website"},"datePublished":"2022-06-22T19:38:03+00:00","dateModified":"2022-08-19T15:42:43+00:00","description":"Vous souhaitez vous engager pour l\u2019environnement\u00a0mais vous ne savez pas concr\u00e8tement comment agir\u00a0? Voici une s\u00e9lection sp\u00e9cialement cr\u00e9\u00e9e pour vous !","breadcrumb":{"@id":"https:\/\/planete-urgence.org\/en\/going-further-for-the-planet\/#breadcrumb"},"inLanguage":"en-US","potentialAction":[{"@type":"ReadAction","target":["https:\/\/planete-urgence.org\/en\/going-further-for-the-planet\/"]}]},{"@type":"BreadcrumbList","@id":"https:\/\/planete-urgence.org\/en\/going-further-for-the-planet\/#breadcrumb","itemListElement":[{"@type":"ListItem","position":1,"name":"Accueil","item":"https:\/\/planete-urgence.org\/en\/"},{"@type":"ListItem","position":2,"name":"Going further for the planet"}]},{"@type":"WebSite","@id":"https:\/\/planete-urgence.org\/en\/#website","url":"https:\/\/planete-urgence.org\/en\/","name":"Plan\u00e8te Urgence","description":"Volontariat &amp; d\u00e9veloppement","publisher":{"@id":"https:\/\/planete-urgence.org\/en\/#organization"},"potentialAction":[{"@type":"SearchAction","target":{"@type":"EntryPoint","urlTemplate":"https:\/\/planete-urgence.org\/en\/?s={search_term_string}"},"query-input":{"@type":"PropertyValueSpecification","valueRequired":true,"valueName":"search_term_string"}}],"inLanguage":"en-US"},{"@type":"Organization","@id":"https:\/\/planete-urgence.org\/en\/#organization","name":"Plan\u00e8te Urgence","url":"https:\/\/planete-urgence.org\/en\/","logo":{"@type":"ImageObject","inLanguage":"en-US","@id":"https:\/\/planete-urgence.org\/en\/#\/schema\/logo\/image\/","url":"https:\/\/planete-urgence.org\/wp-content\/uploads\/2021\/03\/logo-pu.png","contentUrl":"https:\/\/planete-urgence.org\/wp-content\/uploads\/2021\/03\/logo-pu.png","width":187,"height":120,"caption":"Plan\u00e8te Urgence"},"image":{"@id":"https:\/\/planete-urgence.org\/en\/#\/schema\/logo\/image\/"},"sameAs":["https:\/\/www.facebook.com\/planete.urgence\/","https:\/\/x.com\/PlaneteUrgence"]}]}},"_links":{"self":[{"href":"https:\/\/planete-urgence.org\/en\/wp-json\/wp\/v2\/pages\/18677","targetHints":{"allow":["GET"]}}],"collection":[{"href":"https:\/\/planete-urgence.org\/en\/wp-json\/wp\/v2\/pages"}],"about":[{"href":"https:\/\/planete-urgence.org\/en\/wp-json\/wp\/v2\/types\/page"}],"author":[{"embeddable":true,"href":"https:\/\/planete-urgence.org\/en\/wp-json\/wp\/v2\/users\/1"}],"replies":[{"embeddable":true,"href":"https:\/\/planete-urgence.org\/en\/wp-json\/wp\/v2\/comments?post=18677"}],"version-history":[{"count":4,"href":"https:\/\/planete-urgence.org\/en\/wp-json\/wp\/v2\/pages\/18677\/revisions"}],"predecessor-version":[{"id":18683,"href":"https:\/\/planete-urgence.org\/en\/wp-json\/wp\/v2\/pages\/18677\/revisions\/18683"}],"wp:attachment":[{"href":"https:\/\/planete-urgence.org\/en\/wp-json\/wp\/v2\/media?parent=18677"}],"curies":[{"name":"wp","href":"https:\/\/api.w.org\/{rel}","templated":true}]}}