{"id":18662,"date":"2022-06-22T21:36:49","date_gmt":"2022-06-22T19:36:49","guid":{"rendered":"https:\/\/planete-urgence.org\/creer-une-collecte-de-fonds\/"},"modified":"2022-08-19T15:38:52","modified_gmt":"2022-08-19T13:38:52","slug":"create-a-fundraiser","status":"publish","type":"page","link":"https:\/\/planete-urgence.org\/en\/create-a-fundraiser\/","title":{"rendered":"Create a fundraiser"},"content":{"rendered":"<div id=\"field_62d2e31fb4680\" class=\"container-fluid px-0 flexible_section block_hero\">\n  <div id=\"hero_62d2e31fb4680\" class=\"hero_container px-0\">\n   <div class=\"hero_image_outer\">\n<picture class=\"skip-lazy\">\r\n\t\t\t\t\t<source srcset=\"https:\/\/planete-urgence.org\/wp-content\/uploads\/2021\/08\/2021-08-20-17_30_23-2021-08-20-17_16_42-20180318-DSC_0964-min.png-\u200e-Photos.jpg-\u200e-Photos.jpg\" media=\"(min-width: 578px)\" class=\"skip-lazy\">\r\n\t\t\t\t\t<img srcset=\"https:\/\/planete-urgence.org\/wp-content\/uploads\/2021\/08\/2021-08-20-17_30_23-2021-08-20-17_16_42-20180318-DSC_0964-min.png-\u200e-Photos.jpg-\u200e-Photos.jpg\" alt=\"\" class=\"heroimage \" \/>\r\n\t\t\t\t<\/picture>   <\/div>\n   <div class=\"hero_content p-3 text-center\" id=\"herocontent_62d2e31fb4680\">\t\t<div id=\"fieldcontent_62d2e31fb4680_inner\"><h1 class=\"titlepage\" style=\"text-align: center\">Create a fundraiser<\/h1>\n<\/div>   <\/div>\n  <\/div>\n<\/div>\n\n\n<div id=\"field_62d2e383eb752\" class=\"container-fluid px-0 flexible_section block_columns\">\n <div id=\"field_62d2e383eb752_inner\" class=\"container flexible_section_inner\">\n\n   <div class=\"row flexible_section_content\">\n\n   <div class=\"col-sm-12 colonne colonne1\">\n    <div class=\"colonne_inner  text-left\">\n<p><strong>Do you wish to commit yourself to our side for a solidary and sustainable planet while raising awareness among your loved ones? It is now possible by creating your own prize pool for the benefit of Planete Urgence. Act with us and become a full actor in the fight for the preservation of biodiversity.<\/strong><\/p>\n    <\/div>\n   <\/div>\n  <\/div>\n\n <\/div>\n<\/div>\n\n\n<div id=\"field_62d2e39b6a56a\" class=\"container-fluid px-0 flexible_section block_columns\">\n <div id=\"field_62d2e39b6a56a_inner\" class=\"container flexible_section_inner\">\n\n   <div class=\"row flexible_section_content\">\n\n   <div class=\"mb-3 mb-sm-0 col-sm-6 colonne colonne1\">\n    <div class=\"colonne_inner  text-left\">\n<h2><span class=\"rouge\">How to create<br \/>\nyour fundraiser?<\/span><\/h2>\n    <\/div>\n   <\/div>\n   <div class=\"col-sm-6 colonne colonne2\">\n    <div class=\"colonne_inner  text-left\">\n<p>Birthday, sporting challenge, departure on Conge Solidaire or even simply the desire to act on your scale, every opportunity is good to get started and multiply the generosity of your loved ones. To create your donation page via our secured partner, click on the following link:<\/p>\n<p>&nbsp;<\/p>\n<p style=\"text-align: center\"><strong><span class=\"red-button\"><a class=\"redbutton\" href=\"https:\/\/www.gandee.com\/create\/particular\/details?evt=13&amp;assoc=14\" target=\"_blank\" rel=\"noopener\">Create a fundraiser<\/a><\/span><\/strong><\/p>\n    <\/div>\n   <\/div>\n  <\/div>\n\n <\/div>\n<\/div>\n\n\n<div id=\"field_62d2e3c7ebac7\" class=\"container-fluid px-0 flexible_section block_columns\">\n <div id=\"field_62d2e3c7ebac7_inner\" class=\"container flexible_section_inner\">\n\n  <div class=\"row flexible_section_title_container\"><div class=\"col-12 flexible_section_title_col\"><h2 class=\"flexible_section_title mb-5 text-center  \">How to raise funds successfully?<\/h2><\/div><\/div>\n   <div class=\"row flexible_section_content\">\n\n   <div class=\"mb-3 mb-sm-0 col-sm-6 colonne colonne1\">\n    <div class=\"colonne_inner  text-left\">\n<p><strong>Here are our tips in order to create the best fundraiser possible:<\/strong><\/p>\n<p>1) Give it a title relevant to the event you\u2019re organising or your goal.<\/p>\n<p>Example: \u201cPlant 100 trees with me for my starting pot\u201d, \u201cAccompany my Cong\u00e9 Solidaire in Cameroon\u201d or \u201c10km for the planet\u201d<\/p>\n<p>2) Choose a date so that you give your audience 15 to 30 days to make a donation<\/p>\n<p>3) Make page visitors want to contribute to your collection by customizing your message as much as possible and describing your goal.<\/p>\n<p>4) A default cover photo is available to facilitate the creation of reforestation collections, you can choose to keep it or replace it with the visual of your choice.<\/p>\n<p>5) we recommend you make the first donation on your first collection: your loved ones will want to contribute even more if there are already donations on your page and you will also set them a reference amount.<\/p>\n<p>6) And most importantly: share, share and share! Send your fundraiser to all your loved ones, on social media or by email to raise awareness on your cause. Do not forget to thank the people who support you and to inform them of the evolution of your project.<\/p>\n    <\/div>\n   <\/div>\n   <div class=\"col-sm-6 colonne colonne2\">\n    <div class=\"colonne_inner  text-left\">\n<p><img loading=\"lazy\" decoding=\"async\" class=\"alignnone size-full wp-image-6215\" src=\"https:\/\/planete-urgence.org\/wp-content\/uploads\/2021\/08\/2021-08-20-17_17_39-DSC00141.JPG-\u200e-Photos.jpg\" alt=\"\" width=\"650\" height=\"869\" srcset=\"https:\/\/planete-urgence.org\/wp-content\/uploads\/2021\/08\/2021-08-20-17_17_39-DSC00141.JPG-\u200e-Photos.jpg 650w, https:\/\/planete-urgence.org\/wp-content\/uploads\/2021\/08\/2021-08-20-17_17_39-DSC00141.JPG-\u200e-Photos-224x300.jpg 224w\" sizes=\"auto, (max-width: 650px) 100vw, 650px\" \/><\/p>\n    <\/div>\n   <\/div>\n  <\/div>\n\n <\/div>\n<\/div>\n\n\n<div id=\"field_62d2e42cd4271\" class=\"container-fluid px-0 flexible_section block_faq\">\n <div id=\"field_62d2e42cd4271_inner\" class=\"container flexible_section_inner\">\n\n  <div class=\"row flexible_section_title_container\"><div class=\"col-12 flexible_section_title_col\"><h2 class=\"flexible_section_title mb-5 text-center  \">All your questions<\/h2><\/div><\/div>\n  <div class=\"accordion flexible_section_content row px-0\" id=\"accordion_62d2e42cd4271\">\n<div class=\"col-12\">\r\n\t\t\t\t\t\t  <div class=\"faq faq_main_1\">\n   <div class=\"faq-header p-0\" id=\"heading_62d2e42cd4271_1\">\n    <h3 class=\"m-0 p-3 \">\n     <div class=\"question text-left collapsed\" data-toggle=\"collapse\" data-target=\"#collapse_62d2e42cd4271_1\" aria-expanded=\"false\" aria-controls=\"collapse_62d2e42cd4271_1\"><span class=\"pull-left w-100\"><i class=\"fas fa-plus\"><\/i> Do people who support my fund receive a tax receipt?  <\/span><\/div>\n    <\/h3>\n   <\/div>\n   <div id=\"collapse_62d2e42cd4271_1\" class=\"collapse\" aria-labelledby=\"heading_62d2e42cd4271_1\" data-parent=\"#accordion_62d2e42cd4271\">\n   \t<div class=\"faq-body \">\r\n\t\t\t\t\t\t\t\t\t\t<div class=\"faq-body_inner py-3 \"><p>As with any donation to Plan\u00e8te Urgence, people who participate in a fundraising campaign will automatically receive a tax receipt equal to 66% of the amount of their contribution.<\/p>\n<\/div>\r\n\t\t\t\t\t\t\t\t<\/div>\n   <\/div>\n   <\/div>\n  <div class=\"faq faq_main_2\">\n   <div class=\"faq-header p-0\" id=\"heading_62d2e42cd4271_2\">\n    <h3 class=\"m-0 p-3 \">\n     <div class=\"question text-left collapsed\" data-toggle=\"collapse\" data-target=\"#collapse_62d2e42cd4271_2\" aria-expanded=\"false\" aria-controls=\"collapse_62d2e42cd4271_2\"><span class=\"pull-left w-100\"><i class=\"fas fa-plus\"><\/i> Are there any collection fees? <\/span><\/div>\n    <\/h3>\n   <\/div>\n   <div id=\"collapse_62d2e42cd4271_2\" class=\"collapse\" aria-labelledby=\"heading_62d2e42cd4271_2\" data-parent=\"#accordion_62d2e42cd4271\">\n   \t<div class=\"faq-body \">\r\n\t\t\t\t\t\t\t\t\t\t<div class=\"faq-body_inner py-3 \"><p>No, all donations received are transferred securely to Plan\u00e8te Urgence.<\/p>\n<\/div>\r\n\t\t\t\t\t\t\t\t<\/div>\n   <\/div>\n   <\/div>\n  <div class=\"faq faq_main_3\">\n   <div class=\"faq-header p-0\" id=\"heading_62d2e42cd4271_3\">\n    <h3 class=\"m-0 p-3 \">\n     <div class=\"question text-left collapsed\" data-toggle=\"collapse\" data-target=\"#collapse_62d2e42cd4271_3\" aria-expanded=\"false\" aria-controls=\"collapse_62d2e42cd4271_3\"><span class=\"pull-left w-100\"><i class=\"fas fa-plus\"><\/i> What happens if I don&#8217;t reach my goal? <\/span><\/div>\n    <\/h3>\n   <\/div>\n   <div id=\"collapse_62d2e42cd4271_3\" class=\"collapse\" aria-labelledby=\"heading_62d2e42cd4271_3\" data-parent=\"#accordion_62d2e42cd4271\">\n   \t<div class=\"faq-body \">\r\n\t\t\t\t\t\t\t\t\t\t<div class=\"faq-body_inner py-3 \"><p>No worries, all contributions are still donated to Plan\u00e8te Urgence. Every donation counts to advance our cause, so all collections are successful!<\/p>\n<\/div>\r\n\t\t\t\t\t\t\t\t<\/div>\n   <\/div>\n   <\/div>\n  <div class=\"faq faq_main_4\">\n   <div class=\"faq-header p-0\" id=\"heading_62d2e42cd4271_4\">\n    <h3 class=\"m-0 p-3 \">\n     <div class=\"question text-left collapsed\" data-toggle=\"collapse\" data-target=\"#collapse_62d2e42cd4271_4\" aria-expanded=\"false\" aria-controls=\"collapse_62d2e42cd4271_4\"><span class=\"pull-left w-100\"><i class=\"fas fa-plus\"><\/i> What percentage of the association&#8217;s resources is used for its projects? <\/span><\/div>\n    <\/h3>\n   <\/div>\n   <div id=\"collapse_62d2e42cd4271_4\" class=\"collapse\" aria-labelledby=\"heading_62d2e42cd4271_4\" data-parent=\"#accordion_62d2e42cd4271\">\n   \t<div class=\"faq-body \">\r\n\t\t\t\t\t\t\t\t\t\t<div class=\"faq-body_inner py-3 \"><p>In 2020, 87% of resources were allocated to the association&#8217;s operating costs and actions (forest preservation, environmental awareness and capacity building of local populations). Rigorous financial monitoring is carried out every year and published in our public activity report.<\/p>\n<\/div>\r\n\t\t\t\t\t\t\t\t<\/div>\n   <\/div>\n   <\/div>\n\r\n\t\t\t\t\t<\/div>\n  <\/div>\n\n <\/div>\n<\/div>\n<script type=\"text\/javascript\">\r\n\t\t\t\tjQuery(document).ready(function() {\r\n\t\t\t\t\t\t jQuery('.collapse.show').each(function(){\r\n\t\t\t\t\t\t\tjQuery(this).prev('.faq-header').find('.fas').addClass('fa-plus').removeClass('fa-plus');\r\n\t\t\t\t\t\t});\r\n\t\t\t\t\t\tjQuery('.collapse').on('show.bs.collapse', function(){\r\n\t\t\t\t\t\t\tjQuery(this).prev('.faq-header').find('.fas').removeClass('fa-plus').addClass('fa-minus');\r\n\t\t\t\t\t\t\tjQuery(this).prev('.faq-header').find('.question').addClass('noncollapsed');\r\n\t\t\t\t\t\t}).on('hide.bs.collapse', function(){\r\n\t\t\t\t\t\t\tjQuery(this).prev('.faq-header').find('.fas').removeClass('fa-minus').addClass('fa-plus');\r\n\t\t\t\t\t\t\tjQuery(this).prev('.faq-header').find('.question').removeClass('noncollapsed');\r\n\t\t\t\t\t\t});\n\r\n\t\t\t\t});\t\t\r\n\t\t\t<\/script>","protected":false},"excerpt":{"rendered":"<p>Vous avez envie de vous engager \u00e0 nos c\u00f4t\u00e9s pour une plan\u00e8te solidaire et durable, tout en sensibilisant vos proches ? C\u2019est d\u00e9sormais possible en cr\u00e9ant votre propre cagnotte au profit de Plan\u00e8te Urgence. Agissez avec nous et devenez acteur \u00e0 part enti\u00e8re de la lutte pour la pr\u00e9servation de la biodiversit\u00e9.<\/p>\n","protected":false},"author":1,"featured_media":0,"parent":0,"menu_order":0,"comment_status":"closed","ping_status":"closed","template":"page-flexipow.php","meta":{"_acf_changed":false,"inline_featured_image":false,"footnotes":""},"class_list":["post-18662","page","type-page","status-publish","hentry"],"acf":[],"yoast_head":"<!-- This site is optimized with the Yoast SEO plugin v27.4 - https:\/\/yoast.com\/product\/yoast-seo-wordpress\/ -->\n<title>Create a fundraiser - Plan\u00e8te Urgence<\/title>\n<meta name=\"description\" content=\"Vous avez envie de vous engager \u00e0 nos c\u00f4t\u00e9s pour une plan\u00e8te solidaire et durable, tout en sensibilisant vos proches ? C\u2019est d\u00e9sormais possible en cr\u00e9ant votre propre cagnotte au profit de Plan\u00e8te Urgence. Agissez avec nous et devenez acteur \u00e0 part enti\u00e8re de la lutte pour la pr\u00e9servation de la biodiversit\u00e9.\" \/>\n<meta name=\"robots\" content=\"index, follow, max-snippet:-1, max-image-preview:large, max-video-preview:-1\" \/>\n<link rel=\"canonical\" href=\"https:\/\/planete-urgence.org\/en\/create-a-fundraiser\/\" \/>\n<meta property=\"og:locale\" content=\"en_US\" \/>\n<meta property=\"og:type\" content=\"article\" \/>\n<meta property=\"og:title\" content=\"Create a fundraiser - Plan\u00e8te Urgence\" \/>\n<meta property=\"og:description\" content=\"Vous avez envie de vous engager \u00e0 nos c\u00f4t\u00e9s pour une plan\u00e8te solidaire et durable, tout en sensibilisant vos proches ? C\u2019est d\u00e9sormais possible en cr\u00e9ant votre propre cagnotte au profit de Plan\u00e8te Urgence. Agissez avec nous et devenez acteur \u00e0 part enti\u00e8re de la lutte pour la pr\u00e9servation de la biodiversit\u00e9.\" \/>\n<meta property=\"og:url\" content=\"https:\/\/planete-urgence.org\/en\/create-a-fundraiser\/\" \/>\n<meta property=\"og:site_name\" content=\"Plan\u00e8te Urgence\" \/>\n<meta property=\"article:publisher\" content=\"https:\/\/www.facebook.com\/planete.urgence\/\" \/>\n<meta property=\"article:modified_time\" content=\"2022-08-19T13:38:52+00:00\" \/>\n<meta name=\"twitter:card\" content=\"summary_large_image\" \/>\n<meta name=\"twitter:site\" content=\"@PlaneteUrgence\" \/>\n<script type=\"application\/ld+json\" class=\"yoast-schema-graph\">{\"@context\":\"https:\\\/\\\/schema.org\",\"@graph\":[{\"@type\":\"WebPage\",\"@id\":\"https:\\\/\\\/planete-urgence.org\\\/en\\\/create-a-fundraiser\\\/\",\"url\":\"https:\\\/\\\/planete-urgence.org\\\/en\\\/create-a-fundraiser\\\/\",\"name\":\"Create a fundraiser - Plan\u00e8te Urgence\",\"isPartOf\":{\"@id\":\"https:\\\/\\\/planete-urgence.org\\\/en\\\/#website\"},\"datePublished\":\"2022-06-22T19:36:49+00:00\",\"dateModified\":\"2022-08-19T13:38:52+00:00\",\"description\":\"Vous avez envie de vous engager \u00e0 nos c\u00f4t\u00e9s pour une plan\u00e8te solidaire et durable, tout en sensibilisant vos proches ? C\u2019est d\u00e9sormais possible en cr\u00e9ant votre propre cagnotte au profit de Plan\u00e8te Urgence. Agissez avec nous et devenez acteur \u00e0 part enti\u00e8re de la lutte pour la pr\u00e9servation de la biodiversit\u00e9.\",\"breadcrumb\":{\"@id\":\"https:\\\/\\\/planete-urgence.org\\\/en\\\/create-a-fundraiser\\\/#breadcrumb\"},\"inLanguage\":\"en-US\",\"potentialAction\":[{\"@type\":\"ReadAction\",\"target\":[\"https:\\\/\\\/planete-urgence.org\\\/en\\\/create-a-fundraiser\\\/\"]}]},{\"@type\":\"BreadcrumbList\",\"@id\":\"https:\\\/\\\/planete-urgence.org\\\/en\\\/create-a-fundraiser\\\/#breadcrumb\",\"itemListElement\":[{\"@type\":\"ListItem\",\"position\":1,\"name\":\"Accueil\",\"item\":\"https:\\\/\\\/planete-urgence.org\\\/en\\\/\"},{\"@type\":\"ListItem\",\"position\":2,\"name\":\"Create a fundraiser\"}]},{\"@type\":\"WebSite\",\"@id\":\"https:\\\/\\\/planete-urgence.org\\\/en\\\/#website\",\"url\":\"https:\\\/\\\/planete-urgence.org\\\/en\\\/\",\"name\":\"Plan\u00e8te Urgence\",\"description\":\"Volontariat &amp; d\u00e9veloppement\",\"publisher\":{\"@id\":\"https:\\\/\\\/planete-urgence.org\\\/en\\\/#organization\"},\"potentialAction\":[{\"@type\":\"SearchAction\",\"target\":{\"@type\":\"EntryPoint\",\"urlTemplate\":\"https:\\\/\\\/planete-urgence.org\\\/en\\\/?s={search_term_string}\"},\"query-input\":{\"@type\":\"PropertyValueSpecification\",\"valueRequired\":true,\"valueName\":\"search_term_string\"}}],\"inLanguage\":\"en-US\"},{\"@type\":\"Organization\",\"@id\":\"https:\\\/\\\/planete-urgence.org\\\/en\\\/#organization\",\"name\":\"Plan\u00e8te Urgence\",\"url\":\"https:\\\/\\\/planete-urgence.org\\\/en\\\/\",\"logo\":{\"@type\":\"ImageObject\",\"inLanguage\":\"en-US\",\"@id\":\"https:\\\/\\\/planete-urgence.org\\\/en\\\/#\\\/schema\\\/logo\\\/image\\\/\",\"url\":\"https:\\\/\\\/planete-urgence.org\\\/wp-content\\\/uploads\\\/2021\\\/03\\\/logo-pu.png\",\"contentUrl\":\"https:\\\/\\\/planete-urgence.org\\\/wp-content\\\/uploads\\\/2021\\\/03\\\/logo-pu.png\",\"width\":187,\"height\":120,\"caption\":\"Plan\u00e8te Urgence\"},\"image\":{\"@id\":\"https:\\\/\\\/planete-urgence.org\\\/en\\\/#\\\/schema\\\/logo\\\/image\\\/\"},\"sameAs\":[\"https:\\\/\\\/www.facebook.com\\\/planete.urgence\\\/\",\"https:\\\/\\\/x.com\\\/PlaneteUrgence\"]}]}<\/script>\n<!-- \/ Yoast SEO plugin. -->","yoast_head_json":{"title":"Create a fundraiser - Plan\u00e8te Urgence","description":"Vous avez envie de vous engager \u00e0 nos c\u00f4t\u00e9s pour une plan\u00e8te solidaire et durable, tout en sensibilisant vos proches ? C\u2019est d\u00e9sormais possible en cr\u00e9ant votre propre cagnotte au profit de Plan\u00e8te Urgence. Agissez avec nous et devenez acteur \u00e0 part enti\u00e8re de la lutte pour la pr\u00e9servation de la biodiversit\u00e9.","robots":{"index":"index","follow":"follow","max-snippet":"max-snippet:-1","max-image-preview":"max-image-preview:large","max-video-preview":"max-video-preview:-1"},"canonical":"https:\/\/planete-urgence.org\/en\/create-a-fundraiser\/","og_locale":"en_US","og_type":"article","og_title":"Create a fundraiser - Plan\u00e8te Urgence","og_description":"Vous avez envie de vous engager \u00e0 nos c\u00f4t\u00e9s pour une plan\u00e8te solidaire et durable, tout en sensibilisant vos proches ? C\u2019est d\u00e9sormais possible en cr\u00e9ant votre propre cagnotte au profit de Plan\u00e8te Urgence. Agissez avec nous et devenez acteur \u00e0 part enti\u00e8re de la lutte pour la pr\u00e9servation de la biodiversit\u00e9.","og_url":"https:\/\/planete-urgence.org\/en\/create-a-fundraiser\/","og_site_name":"Plan\u00e8te Urgence","article_publisher":"https:\/\/www.facebook.com\/planete.urgence\/","article_modified_time":"2022-08-19T13:38:52+00:00","twitter_card":"summary_large_image","twitter_site":"@PlaneteUrgence","schema":{"@context":"https:\/\/schema.org","@graph":[{"@type":"WebPage","@id":"https:\/\/planete-urgence.org\/en\/create-a-fundraiser\/","url":"https:\/\/planete-urgence.org\/en\/create-a-fundraiser\/","name":"Create a fundraiser - Plan\u00e8te Urgence","isPartOf":{"@id":"https:\/\/planete-urgence.org\/en\/#website"},"datePublished":"2022-06-22T19:36:49+00:00","dateModified":"2022-08-19T13:38:52+00:00","description":"Vous avez envie de vous engager \u00e0 nos c\u00f4t\u00e9s pour une plan\u00e8te solidaire et durable, tout en sensibilisant vos proches ? C\u2019est d\u00e9sormais possible en cr\u00e9ant votre propre cagnotte au profit de Plan\u00e8te Urgence. Agissez avec nous et devenez acteur \u00e0 part enti\u00e8re de la lutte pour la pr\u00e9servation de la biodiversit\u00e9.","breadcrumb":{"@id":"https:\/\/planete-urgence.org\/en\/create-a-fundraiser\/#breadcrumb"},"inLanguage":"en-US","potentialAction":[{"@type":"ReadAction","target":["https:\/\/planete-urgence.org\/en\/create-a-fundraiser\/"]}]},{"@type":"BreadcrumbList","@id":"https:\/\/planete-urgence.org\/en\/create-a-fundraiser\/#breadcrumb","itemListElement":[{"@type":"ListItem","position":1,"name":"Accueil","item":"https:\/\/planete-urgence.org\/en\/"},{"@type":"ListItem","position":2,"name":"Create a fundraiser"}]},{"@type":"WebSite","@id":"https:\/\/planete-urgence.org\/en\/#website","url":"https:\/\/planete-urgence.org\/en\/","name":"Plan\u00e8te Urgence","description":"Volontariat &amp; d\u00e9veloppement","publisher":{"@id":"https:\/\/planete-urgence.org\/en\/#organization"},"potentialAction":[{"@type":"SearchAction","target":{"@type":"EntryPoint","urlTemplate":"https:\/\/planete-urgence.org\/en\/?s={search_term_string}"},"query-input":{"@type":"PropertyValueSpecification","valueRequired":true,"valueName":"search_term_string"}}],"inLanguage":"en-US"},{"@type":"Organization","@id":"https:\/\/planete-urgence.org\/en\/#organization","name":"Plan\u00e8te Urgence","url":"https:\/\/planete-urgence.org\/en\/","logo":{"@type":"ImageObject","inLanguage":"en-US","@id":"https:\/\/planete-urgence.org\/en\/#\/schema\/logo\/image\/","url":"https:\/\/planete-urgence.org\/wp-content\/uploads\/2021\/03\/logo-pu.png","contentUrl":"https:\/\/planete-urgence.org\/wp-content\/uploads\/2021\/03\/logo-pu.png","width":187,"height":120,"caption":"Plan\u00e8te Urgence"},"image":{"@id":"https:\/\/planete-urgence.org\/en\/#\/schema\/logo\/image\/"},"sameAs":["https:\/\/www.facebook.com\/planete.urgence\/","https:\/\/x.com\/PlaneteUrgence"]}]}},"_links":{"self":[{"href":"https:\/\/planete-urgence.org\/en\/wp-json\/wp\/v2\/pages\/18662","targetHints":{"allow":["GET"]}}],"collection":[{"href":"https:\/\/planete-urgence.org\/en\/wp-json\/wp\/v2\/pages"}],"about":[{"href":"https:\/\/planete-urgence.org\/en\/wp-json\/wp\/v2\/types\/page"}],"author":[{"embeddable":true,"href":"https:\/\/planete-urgence.org\/en\/wp-json\/wp\/v2\/users\/1"}],"replies":[{"embeddable":true,"href":"https:\/\/planete-urgence.org\/en\/wp-json\/wp\/v2\/comments?post=18662"}],"version-history":[{"count":3,"href":"https:\/\/planete-urgence.org\/en\/wp-json\/wp\/v2\/pages\/18662\/revisions"}],"predecessor-version":[{"id":18666,"href":"https:\/\/planete-urgence.org\/en\/wp-json\/wp\/v2\/pages\/18662\/revisions\/18666"}],"wp:attachment":[{"href":"https:\/\/planete-urgence.org\/en\/wp-json\/wp\/v2\/media?parent=18662"}],"curies":[{"name":"wp","href":"https:\/\/api.w.org\/{rel}","templated":true}]}}